{"id":39716,"date":"2026-04-16T11:50:07","date_gmt":"2026-04-16T09:50:07","guid":{"rendered":"https:\/\/tzp-kupa.hr\/hr\/?page_id=39716"},"modified":"2026-04-16T11:59:45","modified_gmt":"2026-04-16T09:59:45","slug":"apartman-valentino","status":"publish","type":"page","link":"https:\/\/tzp-kupa.hr\/hr\/apartman-valentino\/","title":{"rendered":"Apartman Valentino"},"content":{"rendered":"  <div id=\"page-header-1630779450\" class=\"page-header-wrapper\">\n  <div class=\"page-title dark featured-title\">\n\n        <div class=\"page-title-bg\">\n      <div class=\"title-bg fill bg-fill\"\n        data-parallax-container=\".page-title\"\n        data-parallax-background\n        data-parallax=\"-\">\n      <\/div>\n      <div class=\"title-overlay fill\"><\/div>\n    <\/div>\n    \n    <div class=\"page-title-inner container align-center flex-row medium-flex-wrap\" >\n              <div class=\"title-wrapper is-small flex-col text-left medium-text-center\">\n          <h1 class=\"entry-title mb-0\">\n            Apartman Valentino          <\/h1>\n        <\/div>\n                    <div class=\"title-content flex-col flex-right text-right medium-text-center\">\n        <div class=\"title-breadcrumbs pb-half pt-half\"><\/div>      <\/div>\n    <\/div>\n\n     \n<style>\n#page-header-1630779450 .page-title-inner {\n  min-height: 155px;\n}\n#page-header-1630779450 .title-bg {\n  background-image: url(https:\/\/tzp-kupa.hr\/hr\/wp-content\/uploads\/2024\/02\/ozalj-dvorac.jpg);\n  background-position: 22% 13%;\n}\n<\/style>\n  <\/div>\n    <\/div>\n  \n\t<section class=\"section\" id=\"section_593896834\">\n\t\t<div class=\"bg section-bg fill bg-fill  bg-loaded\" >\n\n\t\t\t\n\t\t\t\n\t\t\t\n\n\t\t<\/div>\n\n\t\t\n\n\t\t<div class=\"section-content relative\">\n\t\t\t\n<div class=\"row\"  id=\"row-2024699595\">\n\n\t<div id=\"col-2125995996\" class=\"col small-12 large-12\"  >\n\t\t\t\t<div class=\"col-inner\"  >\n\t\t\t\n\t\t\t\n<p class=\"lead\"><strong>Apartman Valentino<\/strong><\/p>\n<p>Trg bra\u0107e Radi\u0107 5, 47280 Ozalj, Hrvatska<\/p>\n\t\t<\/div>\n\t\t\t\t\n<style>\n#col-2125995996 > .col-inner {\n  margin: 0px 0px -33px 0px;\n}\n<\/style>\n\t<\/div>\n\n\t\n<\/div>\n\t\t<\/div>\n\n\t\t\n<style>\n#section_593896834 {\n  padding-top: 30px;\n  padding-bottom: 30px;\n}\n<\/style>\n\t<\/section>\n\t\n\t<section class=\"section\" id=\"section_1747790567\">\n\t\t<div class=\"bg section-bg fill bg-fill  bg-loaded\" >\n\n\t\t\t\n\t\t\t<div class=\"section-bg-overlay absolute fill\"><\/div>\n\t\t\t\n\n\t\t<\/div>\n\n\t\t\n\n\t\t<div class=\"section-content relative\">\n\t\t\t\n<div class=\"row\"  id=\"row-1584375876\">\n\n\t<div id=\"col-1957828961\" class=\"col medium-6 small-12 large-6\"  >\n\t\t\t\t<div class=\"col-inner\"  >\n\t\t\t\n\t\t\t\n<p>Objekt Apartman Valentino smje\u0161ten je u gradu Ozalj.  Izvrsna lokacija. Ovaj apartman nudi terasu te besplatan WiFi.<\/p>\n<p>Ovaj apartman ima jednu spava\u0107u sobu (1) te gostima nudi TV ravnog ekrana, klima-ure\u0111aj i dnevnu sobu. Objekt ima kuhinju.<\/p>\n<p>Zra\u010dna luka Zagreb Franjo Tu\u0111man udaljena je 62 km od objekta.<\/p>\n\t\t<\/div>\n\t\t\t\t\t<\/div>\n\n\t\n\n\t<div id=\"col-1999249558\" class=\"col medium-6 small-12 large-6\"  >\n\t\t\t\t<div class=\"col-inner\"  >\n\t\t\t\n\t\t\t\n\t<div class=\"img has-hover x md-x lg-x y md-y lg-y\" id=\"image_104900064\">\n\t\t\t\t\t\t\t\t<div class=\"img-inner dark\" >\n\t\t\t<img loading=\"lazy\" decoding=\"async\" width=\"576\" height=\"768\" src=\"https:\/\/tzp-kupa.hr\/hr\/wp-content\/uploads\/2026\/04\/aprtman-valentino-02.jpg\" class=\"attachment-large size-large\" alt=\"\" srcset=\"https:\/\/tzp-kupa.hr\/hr\/wp-content\/uploads\/2026\/04\/aprtman-valentino-02.jpg 576w, https:\/\/tzp-kupa.hr\/hr\/wp-content\/uploads\/2026\/04\/aprtman-valentino-02-300x400.jpg 300w\" sizes=\"(max-width: 576px) 100vw, 576px\" \/>\t\t\t\t\t\t\n\t\t\t\t\t<\/div>\n\t\t\t\t\t\t\t\t\n<style>\n#image_104900064 {\n  width: 100%;\n}\n<\/style>\n\t<\/div>\n\t\n\t\t<\/div>\n\t\t\t\t\t<\/div>\n\n\t\n<\/div>\n\t\t<\/div>\n\n\t\t\n<style>\n#section_1747790567 {\n  padding-top: 0px;\n  padding-bottom: 0px;\n  background-color: rgb(243, 243, 243);\n}\n#section_1747790567 .section-bg-overlay {\n  background-color: rgba(255, 255, 255, 0.9);\n}\n<\/style>\n\t<\/section>\n\t\n\n  \n    <div class=\"row large-columns-3 medium-columns- small-columns-2 row-xsmall\" >\n  <div class=\"gallery-col col\" >\n          <div class=\"col-inner\">\n            <a class=\"image-lightbox lightbox-gallery\" href=\"https:\/\/tzp-kupa.hr\/hr\/wp-content\/uploads\/2026\/04\/aprtman-valentino-01.jpg\" title=\"\">            <div class=\"box has-hover gallery-box box-overlay dark\">\n              <div class=\"box-image\" >\n                <img loading=\"lazy\" decoding=\"async\" width=\"300\" height=\"400\" src=\"https:\/\/tzp-kupa.hr\/hr\/wp-content\/uploads\/2026\/04\/aprtman-valentino-01-300x400.jpg\" class=\"attachment-medium size-medium\" alt=\"\" ids=\"39720,39721,39722,39723,39724,39725,39726,39727,39728,39729,39730,39731\" col_spacing=\"xsmall\" columns=\"3\" srcset=\"https:\/\/tzp-kupa.hr\/hr\/wp-content\/uploads\/2026\/04\/aprtman-valentino-01-300x400.jpg 300w, https:\/\/tzp-kupa.hr\/hr\/wp-content\/uploads\/2026\/04\/aprtman-valentino-01.jpg 576w\" sizes=\"(max-width: 300px) 100vw, 300px\" \/>                                  <div class=\"overlay fill\"\n                      style=\"background-color: rgba(0,0,0,.15)\">\n                  <\/div>\n                                                              <\/div>\n              <div class=\"box-text text-left\" >\n                 <p><\/p>\n              <\/div>\n            <\/div>\n            <\/a>          <\/div>\n         <\/div><div class=\"gallery-col col\" >\n          <div class=\"col-inner\">\n            <a class=\"image-lightbox lightbox-gallery\" href=\"https:\/\/tzp-kupa.hr\/hr\/wp-content\/uploads\/2026\/04\/aprtman-valentino-02.jpg\" title=\"\">            <div class=\"box has-hover gallery-box box-overlay dark\">\n              <div class=\"box-image\" >\n                <img loading=\"lazy\" decoding=\"async\" width=\"300\" height=\"400\" src=\"https:\/\/tzp-kupa.hr\/hr\/wp-content\/uploads\/2026\/04\/aprtman-valentino-02-300x400.jpg\" class=\"attachment-medium size-medium\" alt=\"\" ids=\"39720,39721,39722,39723,39724,39725,39726,39727,39728,39729,39730,39731\" col_spacing=\"xsmall\" columns=\"3\" srcset=\"https:\/\/tzp-kupa.hr\/hr\/wp-content\/uploads\/2026\/04\/aprtman-valentino-02-300x400.jpg 300w, https:\/\/tzp-kupa.hr\/hr\/wp-content\/uploads\/2026\/04\/aprtman-valentino-02.jpg 576w\" sizes=\"(max-width: 300px) 100vw, 300px\" \/>                                  <div class=\"overlay fill\"\n                      style=\"background-color: rgba(0,0,0,.15)\">\n                  <\/div>\n                                                              <\/div>\n              <div class=\"box-text text-left\" >\n                 <p><\/p>\n              <\/div>\n            <\/div>\n            <\/a>          <\/div>\n         <\/div><div class=\"gallery-col col\" >\n          <div class=\"col-inner\">\n            <a class=\"image-lightbox lightbox-gallery\" href=\"https:\/\/tzp-kupa.hr\/hr\/wp-content\/uploads\/2026\/04\/aprtman-valentino-03.jpg\" title=\"\">            <div class=\"box has-hover gallery-box box-overlay dark\">\n              <div class=\"box-image\" >\n                <img loading=\"lazy\" decoding=\"async\" width=\"300\" height=\"400\" src=\"https:\/\/tzp-kupa.hr\/hr\/wp-content\/uploads\/2026\/04\/aprtman-valentino-03-300x400.jpg\" class=\"attachment-medium size-medium\" alt=\"\" ids=\"39720,39721,39722,39723,39724,39725,39726,39727,39728,39729,39730,39731\" col_spacing=\"xsmall\" columns=\"3\" srcset=\"https:\/\/tzp-kupa.hr\/hr\/wp-content\/uploads\/2026\/04\/aprtman-valentino-03-300x400.jpg 300w, https:\/\/tzp-kupa.hr\/hr\/wp-content\/uploads\/2026\/04\/aprtman-valentino-03.jpg 576w\" sizes=\"(max-width: 300px) 100vw, 300px\" \/>                                  <div class=\"overlay fill\"\n                      style=\"background-color: rgba(0,0,0,.15)\">\n                  <\/div>\n                                                              <\/div>\n              <div class=\"box-text text-left\" >\n                 <p><\/p>\n              <\/div>\n            <\/div>\n            <\/a>          <\/div>\n         <\/div><div class=\"gallery-col col\" >\n          <div class=\"col-inner\">\n            <a class=\"image-lightbox lightbox-gallery\" href=\"https:\/\/tzp-kupa.hr\/hr\/wp-content\/uploads\/2026\/04\/aprtman-valentino-04.jpg\" title=\"\">            <div class=\"box has-hover gallery-box box-overlay dark\">\n              <div class=\"box-image\" >\n                <img loading=\"lazy\" decoding=\"async\" width=\"300\" height=\"400\" src=\"https:\/\/tzp-kupa.hr\/hr\/wp-content\/uploads\/2026\/04\/aprtman-valentino-04-300x400.jpg\" class=\"attachment-medium size-medium\" alt=\"\" ids=\"39720,39721,39722,39723,39724,39725,39726,39727,39728,39729,39730,39731\" col_spacing=\"xsmall\" columns=\"3\" srcset=\"https:\/\/tzp-kupa.hr\/hr\/wp-content\/uploads\/2026\/04\/aprtman-valentino-04-300x400.jpg 300w, https:\/\/tzp-kupa.hr\/hr\/wp-content\/uploads\/2026\/04\/aprtman-valentino-04.jpg 576w\" sizes=\"(max-width: 300px) 100vw, 300px\" \/>                                  <div class=\"overlay fill\"\n                      style=\"background-color: rgba(0,0,0,.15)\">\n                  <\/div>\n                                                              <\/div>\n              <div class=\"box-text text-left\" >\n                 <p><\/p>\n              <\/div>\n            <\/div>\n            <\/a>          <\/div>\n         <\/div><div class=\"gallery-col col\" >\n          <div class=\"col-inner\">\n            <a class=\"image-lightbox lightbox-gallery\" href=\"https:\/\/tzp-kupa.hr\/hr\/wp-content\/uploads\/2026\/04\/aprtman-valentino-05.jpg\" title=\"\">            <div class=\"box has-hover gallery-box box-overlay dark\">\n              <div class=\"box-image\" >\n                <img loading=\"lazy\" decoding=\"async\" width=\"300\" height=\"400\" src=\"https:\/\/tzp-kupa.hr\/hr\/wp-content\/uploads\/2026\/04\/aprtman-valentino-05-300x400.jpg\" class=\"attachment-medium size-medium\" alt=\"\" ids=\"39720,39721,39722,39723,39724,39725,39726,39727,39728,39729,39730,39731\" col_spacing=\"xsmall\" columns=\"3\" srcset=\"https:\/\/tzp-kupa.hr\/hr\/wp-content\/uploads\/2026\/04\/aprtman-valentino-05-300x400.jpg 300w, https:\/\/tzp-kupa.hr\/hr\/wp-content\/uploads\/2026\/04\/aprtman-valentino-05.jpg 576w\" sizes=\"(max-width: 300px) 100vw, 300px\" \/>                                  <div class=\"overlay fill\"\n                      style=\"background-color: rgba(0,0,0,.15)\">\n                  <\/div>\n                                                              <\/div>\n              <div class=\"box-text text-left\" >\n                 <p><\/p>\n              <\/div>\n            <\/div>\n            <\/a>          <\/div>\n         <\/div><div class=\"gallery-col col\" >\n          <div class=\"col-inner\">\n            <a class=\"image-lightbox lightbox-gallery\" href=\"https:\/\/tzp-kupa.hr\/hr\/wp-content\/uploads\/2026\/04\/aprtman-valentino-06.jpg\" title=\"\">            <div class=\"box has-hover gallery-box box-overlay dark\">\n              <div class=\"box-image\" >\n                <img loading=\"lazy\" decoding=\"async\" width=\"300\" height=\"400\" src=\"https:\/\/tzp-kupa.hr\/hr\/wp-content\/uploads\/2026\/04\/aprtman-valentino-06-300x400.jpg\" class=\"attachment-medium size-medium\" alt=\"\" ids=\"39720,39721,39722,39723,39724,39725,39726,39727,39728,39729,39730,39731\" col_spacing=\"xsmall\" columns=\"3\" srcset=\"https:\/\/tzp-kupa.hr\/hr\/wp-content\/uploads\/2026\/04\/aprtman-valentino-06-300x400.jpg 300w, https:\/\/tzp-kupa.hr\/hr\/wp-content\/uploads\/2026\/04\/aprtman-valentino-06.jpg 576w\" sizes=\"(max-width: 300px) 100vw, 300px\" \/>                                  <div class=\"overlay fill\"\n                      style=\"background-color: rgba(0,0,0,.15)\">\n                  <\/div>\n                                                              <\/div>\n              <div class=\"box-text text-left\" >\n                 <p><\/p>\n              <\/div>\n            <\/div>\n            <\/a>          <\/div>\n         <\/div><div class=\"gallery-col col\" >\n          <div class=\"col-inner\">\n            <a class=\"image-lightbox lightbox-gallery\" href=\"https:\/\/tzp-kupa.hr\/hr\/wp-content\/uploads\/2026\/04\/aprtman-valentino-07.jpg\" title=\"\">            <div class=\"box has-hover gallery-box box-overlay dark\">\n              <div class=\"box-image\" >\n                <img loading=\"lazy\" decoding=\"async\" width=\"300\" height=\"400\" src=\"https:\/\/tzp-kupa.hr\/hr\/wp-content\/uploads\/2026\/04\/aprtman-valentino-07-300x400.jpg\" class=\"attachment-medium size-medium\" alt=\"\" ids=\"39720,39721,39722,39723,39724,39725,39726,39727,39728,39729,39730,39731\" col_spacing=\"xsmall\" columns=\"3\" srcset=\"https:\/\/tzp-kupa.hr\/hr\/wp-content\/uploads\/2026\/04\/aprtman-valentino-07-300x400.jpg 300w, https:\/\/tzp-kupa.hr\/hr\/wp-content\/uploads\/2026\/04\/aprtman-valentino-07.jpg 576w\" sizes=\"(max-width: 300px) 100vw, 300px\" \/>                                  <div class=\"overlay fill\"\n                      style=\"background-color: rgba(0,0,0,.15)\">\n                  <\/div>\n                                                              <\/div>\n              <div class=\"box-text text-left\" >\n                 <p><\/p>\n              <\/div>\n            <\/div>\n            <\/a>          <\/div>\n         <\/div><div class=\"gallery-col col\" >\n          <div class=\"col-inner\">\n            <a class=\"image-lightbox lightbox-gallery\" href=\"https:\/\/tzp-kupa.hr\/hr\/wp-content\/uploads\/2026\/04\/aprtman-valentino-08.jpg\" title=\"\">            <div class=\"box has-hover gallery-box box-overlay dark\">\n              <div class=\"box-image\" >\n                <img loading=\"lazy\" decoding=\"async\" width=\"300\" height=\"400\" src=\"https:\/\/tzp-kupa.hr\/hr\/wp-content\/uploads\/2026\/04\/aprtman-valentino-08-300x400.jpg\" class=\"attachment-medium size-medium\" alt=\"\" ids=\"39720,39721,39722,39723,39724,39725,39726,39727,39728,39729,39730,39731\" col_spacing=\"xsmall\" columns=\"3\" srcset=\"https:\/\/tzp-kupa.hr\/hr\/wp-content\/uploads\/2026\/04\/aprtman-valentino-08-300x400.jpg 300w, https:\/\/tzp-kupa.hr\/hr\/wp-content\/uploads\/2026\/04\/aprtman-valentino-08.jpg 576w\" sizes=\"(max-width: 300px) 100vw, 300px\" \/>                                  <div class=\"overlay fill\"\n                      style=\"background-color: rgba(0,0,0,.15)\">\n                  <\/div>\n                                                              <\/div>\n              <div class=\"box-text text-left\" >\n                 <p><\/p>\n              <\/div>\n            <\/div>\n            <\/a>          <\/div>\n         <\/div><div class=\"gallery-col col\" >\n          <div class=\"col-inner\">\n            <a class=\"image-lightbox lightbox-gallery\" href=\"https:\/\/tzp-kupa.hr\/hr\/wp-content\/uploads\/2026\/04\/aprtman-valentino-09.jpg\" title=\"\">            <div class=\"box has-hover gallery-box box-overlay dark\">\n              <div class=\"box-image\" >\n                <img loading=\"lazy\" decoding=\"async\" width=\"300\" height=\"400\" src=\"https:\/\/tzp-kupa.hr\/hr\/wp-content\/uploads\/2026\/04\/aprtman-valentino-09-300x400.jpg\" class=\"attachment-medium size-medium\" alt=\"\" ids=\"39720,39721,39722,39723,39724,39725,39726,39727,39728,39729,39730,39731\" col_spacing=\"xsmall\" columns=\"3\" srcset=\"https:\/\/tzp-kupa.hr\/hr\/wp-content\/uploads\/2026\/04\/aprtman-valentino-09-300x400.jpg 300w, https:\/\/tzp-kupa.hr\/hr\/wp-content\/uploads\/2026\/04\/aprtman-valentino-09.jpg 576w\" sizes=\"(max-width: 300px) 100vw, 300px\" \/>                                  <div class=\"overlay fill\"\n                      style=\"background-color: rgba(0,0,0,.15)\">\n                  <\/div>\n                                                              <\/div>\n              <div class=\"box-text text-left\" >\n                 <p><\/p>\n              <\/div>\n            <\/div>\n            <\/a>          <\/div>\n         <\/div><div class=\"gallery-col col\" >\n          <div class=\"col-inner\">\n            <a class=\"image-lightbox lightbox-gallery\" href=\"https:\/\/tzp-kupa.hr\/hr\/wp-content\/uploads\/2026\/04\/aprtman-valentino-10.jpg\" title=\"\">            <div class=\"box has-hover gallery-box box-overlay dark\">\n              <div class=\"box-image\" >\n                <img loading=\"lazy\" decoding=\"async\" width=\"300\" height=\"400\" src=\"https:\/\/tzp-kupa.hr\/hr\/wp-content\/uploads\/2026\/04\/aprtman-valentino-10-300x400.jpg\" class=\"attachment-medium size-medium\" alt=\"\" ids=\"39720,39721,39722,39723,39724,39725,39726,39727,39728,39729,39730,39731\" col_spacing=\"xsmall\" columns=\"3\" srcset=\"https:\/\/tzp-kupa.hr\/hr\/wp-content\/uploads\/2026\/04\/aprtman-valentino-10-300x400.jpg 300w, https:\/\/tzp-kupa.hr\/hr\/wp-content\/uploads\/2026\/04\/aprtman-valentino-10.jpg 576w\" sizes=\"(max-width: 300px) 100vw, 300px\" \/>                                  <div class=\"overlay fill\"\n                      style=\"background-color: rgba(0,0,0,.15)\">\n                  <\/div>\n                                                              <\/div>\n              <div class=\"box-text text-left\" >\n                 <p><\/p>\n              <\/div>\n            <\/div>\n            <\/a>          <\/div>\n         <\/div><div class=\"gallery-col col\" >\n          <div class=\"col-inner\">\n            <a class=\"image-lightbox lightbox-gallery\" href=\"https:\/\/tzp-kupa.hr\/hr\/wp-content\/uploads\/2026\/04\/aprtman-valentino-11.jpg\" title=\"\">            <div class=\"box has-hover gallery-box box-overlay dark\">\n              <div class=\"box-image\" >\n                <img loading=\"lazy\" decoding=\"async\" width=\"310\" height=\"400\" src=\"https:\/\/tzp-kupa.hr\/hr\/wp-content\/uploads\/2026\/04\/aprtman-valentino-11-310x400.jpg\" class=\"attachment-medium size-medium\" alt=\"\" ids=\"39720,39721,39722,39723,39724,39725,39726,39727,39728,39729,39730,39731\" col_spacing=\"xsmall\" columns=\"3\" srcset=\"https:\/\/tzp-kupa.hr\/hr\/wp-content\/uploads\/2026\/04\/aprtman-valentino-11-310x400.jpg 310w, https:\/\/tzp-kupa.hr\/hr\/wp-content\/uploads\/2026\/04\/aprtman-valentino-11.jpg 595w\" sizes=\"(max-width: 310px) 100vw, 310px\" \/>                                  <div class=\"overlay fill\"\n                      style=\"background-color: rgba(0,0,0,.15)\">\n                  <\/div>\n                                                              <\/div>\n              <div class=\"box-text text-left\" >\n                 <p><\/p>\n              <\/div>\n            <\/div>\n            <\/a>          <\/div>\n         <\/div><div class=\"gallery-col col\" >\n          <div class=\"col-inner\">\n            <a class=\"image-lightbox lightbox-gallery\" href=\"https:\/\/tzp-kupa.hr\/hr\/wp-content\/uploads\/2026\/04\/aprtman-valentino-12.jpg\" title=\"\">            <div class=\"box has-hover gallery-box box-overlay dark\">\n              <div class=\"box-image\" >\n                <img loading=\"lazy\" decoding=\"async\" width=\"300\" height=\"400\" src=\"https:\/\/tzp-kupa.hr\/hr\/wp-content\/uploads\/2026\/04\/aprtman-valentino-12-300x400.jpg\" class=\"attachment-medium size-medium\" alt=\"\" ids=\"39720,39721,39722,39723,39724,39725,39726,39727,39728,39729,39730,39731\" col_spacing=\"xsmall\" columns=\"3\" srcset=\"https:\/\/tzp-kupa.hr\/hr\/wp-content\/uploads\/2026\/04\/aprtman-valentino-12-300x400.jpg 300w, https:\/\/tzp-kupa.hr\/hr\/wp-content\/uploads\/2026\/04\/aprtman-valentino-12.jpg 576w\" sizes=\"(max-width: 300px) 100vw, 300px\" \/>                                  <div class=\"overlay fill\"\n                      style=\"background-color: rgba(0,0,0,.15)\">\n                  <\/div>\n                                                              <\/div>\n              <div class=\"box-text text-left\" >\n                 <p><\/p>\n              <\/div>\n            <\/div>\n            <\/a>          <\/div>\n         <\/div><\/div>\n\t<section class=\"section\" id=\"section_1141893721\">\n\t\t<div class=\"bg section-bg fill bg-fill  bg-loaded\" >\n\n\t\t\t\n\t\t\t\n\t\t\t\n\n\t\t<\/div>\n\n\t\t\n\n\t\t<div class=\"section-content relative\">\n\t\t\t\n<div class=\"row\"  id=\"row-546068750\">\n\n\t<div id=\"col-1584857489\" class=\"col medium-6 small-12 large-6\"  >\n\t\t\t\t<div class=\"col-inner\"  >\n\t\t\t\n\t\t\t\n<p>Najpopularniji sadr\u017eaji<br \/>Besplatni WiFi<br \/>besplatno parkirali\u0161te<br \/>Odli\u010dno za va\u0161 boravak<br \/>besplatno parkirali\u0161te<br \/>parkirali\u0161te<br \/>Besplatni WiFi<br \/>Dozvoljeni ljubimci<br \/>klima-ure\u0111aj<br \/>TV ravnog ekrana<br \/>terasa<br \/>kuhinja<br \/>Parkirali\u0161te<br \/>Besplatno javno parkirali\u0161te dostupno je u okviru objekta i nije potrebna rezervacija .<br \/>Internet<\/p>\n\t\t<\/div>\n\t\t\t\t\t<\/div>\n\n\t\n\n\t<div id=\"col-1625481451\" class=\"col medium-6 small-12 large-6\"  >\n\t\t\t\t<div class=\"col-inner\"  >\n\t\t\t\n\t\t\t\n<p>Be\u017ei\u010dni pristup internetu dostupan je u cijelom objektu i ne napla\u0107uje se.<br \/>Kuhinja<br \/>kuhinja<br \/>Sadr\u017eaji sobe<br \/>grijanje<br \/>Ku\u0107ni ljubimci<br \/>Na zahtjev je dozvoljen boravak ku\u0107nih ljubimaca i ne napla\u0107uje se.<br \/>Dvori\u0161te<br \/>terasa<br \/>Pogodno za obitelji<br \/>TV ravnog ekrana<br \/>Razno<br \/>klima-ure\u0111aj<br \/>zabranjeno pu\u0161enje u \u010ditavom objektu<br \/>Usluga dostupna na<br \/>njema\u010dki<br \/>engleski<br \/>hrvatski<\/p>\n\t\t<\/div>\n\t\t\t\t\t<\/div>\n\n\t\n<\/div>\n\t\t<\/div>\n\n\t\t\n<style>\n#section_1141893721 {\n  padding-top: 30px;\n  padding-bottom: 30px;\n}\n<\/style>\n\t<\/section>\n\t\n\t<section class=\"section dark\" id=\"section_447014010\">\n\t\t<div class=\"bg section-bg fill bg-fill  bg-loaded\" >\n\n\t\t\t\n\t\t\t\n\t\t\t\n\n\t\t<\/div>\n\n\t\t\n\n\t\t<div class=\"section-content relative\">\n\t\t\t\n\n\t<div id=\"gap-1728225657\" class=\"gap-element clearfix\" style=\"display:block; height:auto;\">\n\t\t\n<style>\n#gap-1728225657 {\n  padding-top: 17px;\n}\n<\/style>\n\t<\/div>\n\t\n\n<div class=\"row align-center\"  id=\"row-106793078\">\n\n\n\t<div id=\"col-832121840\" class=\"col small-12 large-12\"  >\n\t\t\t\t<div class=\"col-inner text-center\"  >\n\t\t\t\n\t\t\t\n\n\t<div id=\"text-2053237106\" class=\"text\">\n\t\t\n\n<p><img loading=\"lazy\" decoding=\"async\" class=\"aligncenter size-full wp-image-37518\" src=\"https:\/\/tzp-kupa.hr\/hr\/wp-content\/uploads\/2022\/02\/kupa-small.png\" alt=\"\" width=\"50\" height=\"24\" \/>2026 \u00a9 Turisti\u010dka zajednica podru\u010dja Kupa, Kurilovac 1, 47280 Ozalj, HR Hrvatska<br \/>Radni dan: 7:00 \u2013 15:00, Subota, nedelja: neradno, Praznici i blagdani neradni<br \/><a href=\"#\"><u>Politika privatnosti<\/u><\/a>\u00a0 <a href=\"#\"><u>Za\u0161tita privatnosti<\/u><\/a>\u00a0 <a href=\"#\"><u>Kori\u0161tenje kola\u010di\u0107a<\/u><\/a><\/p>\n\t\t\n<style>\n#text-2053237106 {\n  font-size: 0.8rem;\n  color: rgb(119, 119, 119);\n}\n#text-2053237106 > * {\n  color: rgb(119, 119, 119);\n}\n<\/style>\n\t<\/div>\n\t\n\n\t\t<\/div>\n\t\t\t\t\n<style>\n#col-832121840 > .col-inner {\n  margin: 0px 0px -35px 0px;\n}\n<\/style>\n\t<\/div>\n\n\t\n\n\n<style>\n#row-106793078 > .col > .col-inner {\n  padding: 0px 00pxpx 0px 0px;\n}\n<\/style>\n<\/div>\n<div class=\"social-icons follow-icons full-width text-center\" style=\"font-size:70%\"><a href=\"https:\/\/www.facebook.com\/visitkupa\" target=\"_blank\" data-label=\"Facebook\" class=\"icon primary button circle facebook tooltip\" title=\"Follow on Facebook\" aria-label=\"Follow on Facebook\" rel=\"noopener nofollow\" ><i class=\"icon-facebook\" ><\/i><\/a><a href=\"https:\/\/www.instagram.com\/visitkupa\/\" target=\"_blank\" data-label=\"Instagram\" class=\"icon primary button circle instagram tooltip\" title=\"Follow on Instagram\" aria-label=\"Follow on Instagram\" rel=\"noopener nofollow\" ><i class=\"icon-instagram\" ><\/i><\/a><a href=\"https:\/\/www.tiktok.com\/@tzpkupa\" target=\"_blank\" data-label=\"TikTok\" class=\"icon primary button circle tiktok tooltip\" title=\"Follow on TikTok\" aria-label=\"Follow on TikTok\" rel=\"noopener nofollow\" ><i class=\"icon-tiktok\" ><\/i><\/a><a href=\"mailto:info@tzp-kupa.hr\" data-label=\"E-mail\" target=\"_blank\" class=\"icon primary button circle email tooltip\" title=\"Send us an email\" aria-label=\"Send us an email\" rel=\"nofollow noopener\" ><i class=\"icon-envelop\" ><\/i><\/a><a href=\"https:\/\/www.youtube.com\/channel\/UCUVM_qtiDdwNCWHzjzkmb-A\/videos\" data-label=\"YouTube\" target=\"_blank\" class=\"icon primary button circle youtube tooltip\" title=\"Follow on YouTube\" aria-label=\"Follow on YouTube\" rel=\"noopener nofollow\" ><i class=\"icon-youtube\" ><\/i><\/a><\/div>\n\n\t<div id=\"gap-1535013456\" class=\"gap-element clearfix\" style=\"display:block; height:auto;\">\n\t\t\n<style>\n#gap-1535013456 {\n  padding-top: 3px;\n}\n<\/style>\n\t<\/div>\n\t\n\n\n\t\t<\/div>\n\n\t\t\n<style>\n#section_447014010 {\n  padding-top: 30px;\n  padding-bottom: 30px;\n  background-color: rgb(255,255,255);\n}\n@media (min-width:550px) {\n  #section_447014010 {\n    padding-top: 1px;\n    padding-bottom: 1px;\n  }\n}\n<\/style>\n\t<\/section>\n\t\n","protected":false},"excerpt":{"rendered":"","protected":false},"author":1,"featured_media":0,"parent":0,"menu_order":0,"comment_status":"closed","ping_status":"closed","template":"page-transparent-header-light.php","meta":{"_monsterinsights_skip_tracking":false,"_monsterinsights_sitenote_active":false,"_monsterinsights_sitenote_note":"","_monsterinsights_sitenote_category":0,"footnotes":"","_links_to":"","_links_to_target":""},"_links":{"self":[{"href":"https:\/\/tzp-kupa.hr\/hr\/wp-json\/wp\/v2\/pages\/39716"}],"collection":[{"href":"https:\/\/tzp-kupa.hr\/hr\/wp-json\/wp\/v2\/pages"}],"about":[{"href":"https:\/\/tzp-kupa.hr\/hr\/wp-json\/wp\/v2\/types\/page"}],"author":[{"embeddable":true,"href":"https:\/\/tzp-kupa.hr\/hr\/wp-json\/wp\/v2\/users\/1"}],"replies":[{"embeddable":true,"href":"https:\/\/tzp-kupa.hr\/hr\/wp-json\/wp\/v2\/comments?post=39716"}],"version-history":[{"count":5,"href":"https:\/\/tzp-kupa.hr\/hr\/wp-json\/wp\/v2\/pages\/39716\/revisions"}],"predecessor-version":[{"id":39735,"href":"https:\/\/tzp-kupa.hr\/hr\/wp-json\/wp\/v2\/pages\/39716\/revisions\/39735"}],"wp:attachment":[{"href":"https:\/\/tzp-kupa.hr\/hr\/wp-json\/wp\/v2\/media?parent=39716"}],"curies":[{"name":"wp","href":"https:\/\/api.w.org\/{rel}","templated":true}]}}