{"id":39058,"date":"2024-07-25T08:20:42","date_gmt":"2024-07-25T06:20:42","guid":{"rendered":"https:\/\/tzp-kupa.hr\/hr\/?page_id=39058"},"modified":"2024-07-25T08:29:31","modified_gmt":"2024-07-25T06:29:31","slug":"izletiste-hb","status":"publish","type":"page","link":"https:\/\/tzp-kupa.hr\/hr\/izletiste-hb\/","title":{"rendered":"Izleti\u0161te HB"},"content":{"rendered":"  <div id=\"page-header-178845642\" class=\"page-header-wrapper\">\n  <div class=\"page-title dark featured-title\">\n\n        <div class=\"page-title-bg\">\n      <div class=\"title-bg fill bg-fill\"\n        data-parallax-container=\".page-title\"\n        data-parallax-background\n        data-parallax=\"-\">\n      <\/div>\n      <div class=\"title-overlay fill\"><\/div>\n    <\/div>\n    \n    <div class=\"page-title-inner container align-center flex-row medium-flex-wrap\" >\n              <div class=\"title-wrapper is-small flex-col text-left medium-text-center\">\n          <h1 class=\"entry-title mb-0\">\n            Izleti\u0161te HB          <\/h1>\n        <\/div>\n                    <div class=\"title-content flex-col flex-right text-right medium-text-center\">\n        <div class=\"title-breadcrumbs pb-half pt-half\"><\/div>      <\/div>\n    <\/div>\n\n     \n<style>\n#page-header-178845642 .page-title-inner {\n  min-height: 155px;\n}\n#page-header-178845642 .title-bg {\n  background-image: url(https:\/\/tzp-kupa.hr\/hr\/wp-content\/uploads\/2024\/02\/ozalj-dvorac.jpg);\n  background-position: 22% 13%;\n}\n<\/style>\n  <\/div>\n    <\/div>\n  \n\t<section class=\"section\" id=\"section_1062994738\">\n\t\t<div class=\"bg section-bg fill bg-fill  bg-loaded\" >\n\n\t\t\t\n\t\t\t<div class=\"section-bg-overlay absolute fill\"><\/div>\n\t\t\t\n\n\t\t<\/div>\n\n\t\t\n\n\t\t<div class=\"section-content relative\">\n\t\t\t\n\t<div id=\"gap-416597102\" class=\"gap-element clearfix\" style=\"display:block; height:auto;\">\n\t\t\n<style>\n#gap-416597102 {\n  padding-top: 66px;\n}\n<\/style>\n\t<\/div>\n\t\n<div class=\"row\"  id=\"row-1983886398\">\n\n\t<div id=\"col-1001023083\" class=\"col small-12 large-12\"  >\n\t\t\t\t<div class=\"col-inner\"  >\n\t\t\t\n\t\t\t\n<h3>IZLETI\u0160TE HB<\/h3>\n<div>Na prekrasnoj ravnici u mjestu \u017dakanje, smjestio se jo\u0161 ljep\u0161i OPG i izleti\u0161te Hajsan. Savr\u0161eno mjesto za<br \/>odmor, rekreaciju te zabavu. Izleti\u0161te mo\u017ee primiti i do 100 ljudi. Osim prekrasnog ambijenta, ovdje<br \/>mo\u017eete u\u017eivati i u ribolovu, kupanje u bazenu, ro\u0161tiljanju te mno\u0161tvu drugih aktivnosti. U koliko<br \/>namjeravate ostati du\u017ee vremena, nudimo mogu\u0107nost no\u0107enja za \u010detvero ljudi. Izleti\u0161te je<br \/>savr\u0161eno mjesto za proslavu ro\u0111endana, krstitke, svete potvrde, vjen\u010danja i ostalih bitnih datuma. <\/p>\n<p>Rano vrijeme po dogovoru <br \/>T- + 385 (98) 890 858<br \/>A- \u017dakanje 2B, \u017dakanje\u00a0<\/div>\n<div>\n<div class=\"gmail_default\"><a href=\"https:\/\/www.facebook.com\/izletistehb\/?locale=hr_HR\" target=\"_blank\" rel=\"noopener\" data-saferedirecturl=\"https:\/\/www.google.com\/url?q=https:\/\/www.facebook.com\/izletistehb\/?locale%3Dhr_HR&amp;source=gmail&amp;ust=1721974426212000&amp;usg=AOvVaw2ccVI3qpeafvCf21f9dx42\">https:\/\/www.facebook.com\/<wbr \/>izletistehb\/?locale=hr_HR<\/a><\/div>\n<\/div>\n<p>\u00a0<\/p>\n\t\t<\/div>\n\t\t\t\t\t<\/div>\n\n\t\n<\/div>\n<div class=\"row\"  id=\"row-1594753629\">\n\n\t<div id=\"col-719861077\" class=\"col small-12 large-12\"  >\n\t\t\t\t<div class=\"col-inner\"  >\n\t\t\t\n\t\t\t\n\n  \n    <div class=\"row large-columns-2 medium-columns- small-columns-\" >\n  <div class=\"gallery-col col\" >\n          <div class=\"col-inner\">\n            <a class=\"image-lightbox lightbox-gallery\" href=\"https:\/\/tzp-kupa.hr\/hr\/wp-content\/uploads\/2024\/07\/izletiste-hb-01-1400x788.jpg\" title=\"\">            <div class=\"box has-hover gallery-box box-normal\">\n              <div class=\"box-image\" >\n                <img loading=\"lazy\" decoding=\"async\" width=\"711\" height=\"400\" src=\"https:\/\/tzp-kupa.hr\/hr\/wp-content\/uploads\/2024\/07\/izletiste-hb-01-711x400.jpg\" class=\"attachment-medium size-medium\" alt=\"\" ids=\"39060,39061,39062,39063,39064,39065\" style=\"normal\" columns=\"2\" srcset=\"https:\/\/tzp-kupa.hr\/hr\/wp-content\/uploads\/2024\/07\/izletiste-hb-01-711x400.jpg 711w, https:\/\/tzp-kupa.hr\/hr\/wp-content\/uploads\/2024\/07\/izletiste-hb-01-1400x788.jpg 1400w, https:\/\/tzp-kupa.hr\/hr\/wp-content\/uploads\/2024\/07\/izletiste-hb-01-768x432.jpg 768w, https:\/\/tzp-kupa.hr\/hr\/wp-content\/uploads\/2024\/07\/izletiste-hb-01-1536x864.jpg 1536w, https:\/\/tzp-kupa.hr\/hr\/wp-content\/uploads\/2024\/07\/izletiste-hb-01.jpg 1600w\" sizes=\"(max-width: 711px) 100vw, 711px\" \/>                                                              <\/div>\n              <div class=\"box-text text-left\" >\n                 <p><\/p>\n              <\/div>\n            <\/div>\n            <\/a>          <\/div>\n         <\/div><div class=\"gallery-col col\" >\n          <div class=\"col-inner\">\n            <a class=\"image-lightbox lightbox-gallery\" href=\"https:\/\/tzp-kupa.hr\/hr\/wp-content\/uploads\/2024\/07\/izletiste-hb-02-1400x788.jpg\" title=\"\">            <div class=\"box has-hover gallery-box box-normal\">\n              <div class=\"box-image\" >\n                <img loading=\"lazy\" decoding=\"async\" width=\"711\" height=\"400\" src=\"https:\/\/tzp-kupa.hr\/hr\/wp-content\/uploads\/2024\/07\/izletiste-hb-02-711x400.jpg\" class=\"attachment-medium size-medium\" alt=\"\" ids=\"39060,39061,39062,39063,39064,39065\" style=\"normal\" columns=\"2\" srcset=\"https:\/\/tzp-kupa.hr\/hr\/wp-content\/uploads\/2024\/07\/izletiste-hb-02-711x400.jpg 711w, https:\/\/tzp-kupa.hr\/hr\/wp-content\/uploads\/2024\/07\/izletiste-hb-02-1400x788.jpg 1400w, https:\/\/tzp-kupa.hr\/hr\/wp-content\/uploads\/2024\/07\/izletiste-hb-02-768x432.jpg 768w, https:\/\/tzp-kupa.hr\/hr\/wp-content\/uploads\/2024\/07\/izletiste-hb-02-1536x864.jpg 1536w, https:\/\/tzp-kupa.hr\/hr\/wp-content\/uploads\/2024\/07\/izletiste-hb-02.jpg 1600w\" sizes=\"(max-width: 711px) 100vw, 711px\" \/>                                                              <\/div>\n              <div class=\"box-text text-left\" >\n                 <p><\/p>\n              <\/div>\n            <\/div>\n            <\/a>          <\/div>\n         <\/div><div class=\"gallery-col col\" >\n          <div class=\"col-inner\">\n            <a class=\"image-lightbox lightbox-gallery\" href=\"https:\/\/tzp-kupa.hr\/hr\/wp-content\/uploads\/2024\/07\/izletiste-hb-03-1400x788.jpg\" title=\"\">            <div class=\"box has-hover gallery-box box-normal\">\n              <div class=\"box-image\" >\n                <img loading=\"lazy\" decoding=\"async\" width=\"711\" height=\"400\" src=\"https:\/\/tzp-kupa.hr\/hr\/wp-content\/uploads\/2024\/07\/izletiste-hb-03-711x400.jpg\" class=\"attachment-medium size-medium\" alt=\"\" ids=\"39060,39061,39062,39063,39064,39065\" style=\"normal\" columns=\"2\" srcset=\"https:\/\/tzp-kupa.hr\/hr\/wp-content\/uploads\/2024\/07\/izletiste-hb-03-711x400.jpg 711w, https:\/\/tzp-kupa.hr\/hr\/wp-content\/uploads\/2024\/07\/izletiste-hb-03-1400x788.jpg 1400w, https:\/\/tzp-kupa.hr\/hr\/wp-content\/uploads\/2024\/07\/izletiste-hb-03-768x432.jpg 768w, https:\/\/tzp-kupa.hr\/hr\/wp-content\/uploads\/2024\/07\/izletiste-hb-03-1536x864.jpg 1536w, https:\/\/tzp-kupa.hr\/hr\/wp-content\/uploads\/2024\/07\/izletiste-hb-03.jpg 1600w\" sizes=\"(max-width: 711px) 100vw, 711px\" \/>                                                              <\/div>\n              <div class=\"box-text text-left\" >\n                 <p><\/p>\n              <\/div>\n            <\/div>\n            <\/a>          <\/div>\n         <\/div><div class=\"gallery-col col\" >\n          <div class=\"col-inner\">\n            <a class=\"image-lightbox lightbox-gallery\" href=\"https:\/\/tzp-kupa.hr\/hr\/wp-content\/uploads\/2024\/07\/izletiste-hb-04-1400x788.jpg\" title=\"\">            <div class=\"box has-hover gallery-box box-normal\">\n              <div class=\"box-image\" >\n                <img loading=\"lazy\" decoding=\"async\" width=\"711\" height=\"400\" src=\"https:\/\/tzp-kupa.hr\/hr\/wp-content\/uploads\/2024\/07\/izletiste-hb-04-711x400.jpg\" class=\"attachment-medium size-medium\" alt=\"\" ids=\"39060,39061,39062,39063,39064,39065\" style=\"normal\" columns=\"2\" srcset=\"https:\/\/tzp-kupa.hr\/hr\/wp-content\/uploads\/2024\/07\/izletiste-hb-04-711x400.jpg 711w, https:\/\/tzp-kupa.hr\/hr\/wp-content\/uploads\/2024\/07\/izletiste-hb-04-1400x788.jpg 1400w, https:\/\/tzp-kupa.hr\/hr\/wp-content\/uploads\/2024\/07\/izletiste-hb-04-768x432.jpg 768w, https:\/\/tzp-kupa.hr\/hr\/wp-content\/uploads\/2024\/07\/izletiste-hb-04-1536x864.jpg 1536w, https:\/\/tzp-kupa.hr\/hr\/wp-content\/uploads\/2024\/07\/izletiste-hb-04.jpg 1600w\" sizes=\"(max-width: 711px) 100vw, 711px\" \/>                                                              <\/div>\n              <div class=\"box-text text-left\" >\n                 <p><\/p>\n              <\/div>\n            <\/div>\n            <\/a>          <\/div>\n         <\/div><div class=\"gallery-col col\" >\n          <div class=\"col-inner\">\n            <a class=\"image-lightbox lightbox-gallery\" href=\"https:\/\/tzp-kupa.hr\/hr\/wp-content\/uploads\/2024\/07\/izletiste-hb-05-1400x788.jpg\" title=\"\">            <div class=\"box has-hover gallery-box box-normal\">\n              <div class=\"box-image\" >\n                <img loading=\"lazy\" decoding=\"async\" width=\"711\" height=\"400\" src=\"https:\/\/tzp-kupa.hr\/hr\/wp-content\/uploads\/2024\/07\/izletiste-hb-05-711x400.jpg\" class=\"attachment-medium size-medium\" alt=\"\" ids=\"39060,39061,39062,39063,39064,39065\" style=\"normal\" columns=\"2\" srcset=\"https:\/\/tzp-kupa.hr\/hr\/wp-content\/uploads\/2024\/07\/izletiste-hb-05-711x400.jpg 711w, https:\/\/tzp-kupa.hr\/hr\/wp-content\/uploads\/2024\/07\/izletiste-hb-05-1400x788.jpg 1400w, https:\/\/tzp-kupa.hr\/hr\/wp-content\/uploads\/2024\/07\/izletiste-hb-05-768x432.jpg 768w, https:\/\/tzp-kupa.hr\/hr\/wp-content\/uploads\/2024\/07\/izletiste-hb-05-1536x864.jpg 1536w, https:\/\/tzp-kupa.hr\/hr\/wp-content\/uploads\/2024\/07\/izletiste-hb-05.jpg 1600w\" sizes=\"(max-width: 711px) 100vw, 711px\" \/>                                                              <\/div>\n              <div class=\"box-text text-left\" >\n                 <p><\/p>\n              <\/div>\n            <\/div>\n            <\/a>          <\/div>\n         <\/div><div class=\"gallery-col col\" >\n          <div class=\"col-inner\">\n            <a class=\"image-lightbox lightbox-gallery\" href=\"https:\/\/tzp-kupa.hr\/hr\/wp-content\/uploads\/2024\/07\/izletiste-hb-06-1400x788.jpg\" title=\"\">            <div class=\"box has-hover gallery-box box-normal\">\n              <div class=\"box-image\" >\n                <img loading=\"lazy\" decoding=\"async\" width=\"711\" height=\"400\" src=\"https:\/\/tzp-kupa.hr\/hr\/wp-content\/uploads\/2024\/07\/izletiste-hb-06-711x400.jpg\" class=\"attachment-medium size-medium\" alt=\"\" ids=\"39060,39061,39062,39063,39064,39065\" style=\"normal\" columns=\"2\" srcset=\"https:\/\/tzp-kupa.hr\/hr\/wp-content\/uploads\/2024\/07\/izletiste-hb-06-711x400.jpg 711w, https:\/\/tzp-kupa.hr\/hr\/wp-content\/uploads\/2024\/07\/izletiste-hb-06-1400x788.jpg 1400w, https:\/\/tzp-kupa.hr\/hr\/wp-content\/uploads\/2024\/07\/izletiste-hb-06-768x432.jpg 768w, https:\/\/tzp-kupa.hr\/hr\/wp-content\/uploads\/2024\/07\/izletiste-hb-06-1536x864.jpg 1536w, https:\/\/tzp-kupa.hr\/hr\/wp-content\/uploads\/2024\/07\/izletiste-hb-06.jpg 1600w\" sizes=\"(max-width: 711px) 100vw, 711px\" \/>                                                              <\/div>\n              <div class=\"box-text text-left\" >\n                 <p><\/p>\n              <\/div>\n            <\/div>\n            <\/a>          <\/div>\n         <\/div><\/div>\n\t\t<\/div>\n\t\t\t\t\t<\/div>\n\n\t\n<\/div>\n\t\t<\/div>\n\n\t\t\n<style>\n#section_1062994738 {\n  padding-top: 0px;\n  padding-bottom: 0px;\n  background-color: rgb(243, 243, 243);\n}\n#section_1062994738 .section-bg-overlay {\n  background-color: rgba(255, 255, 255, 0.9);\n}\n<\/style>\n\t<\/section>\n\t\n\t<section class=\"section dark\" id=\"section_842665012\">\n\t\t<div class=\"bg section-bg fill bg-fill  bg-loaded\" >\n\n\t\t\t\n\t\t\t\n\t\t\t\n\n\t\t<\/div>\n\n\t\t\n\n\t\t<div class=\"section-content relative\">\n\t\t\t\n\n\t<div id=\"gap-219779042\" class=\"gap-element clearfix\" style=\"display:block; height:auto;\">\n\t\t\n<style>\n#gap-219779042 {\n  padding-top: 17px;\n}\n<\/style>\n\t<\/div>\n\t\n\n<div class=\"row align-center\"  id=\"row-767042880\">\n\n\n\t<div id=\"col-115770590\" class=\"col small-12 large-12\"  >\n\t\t\t\t<div class=\"col-inner text-center\"  >\n\t\t\t\n\t\t\t\n\n\t<div id=\"text-3610551314\" class=\"text\">\n\t\t\n\n<p><img loading=\"lazy\" decoding=\"async\" class=\"aligncenter size-full wp-image-37518\" src=\"https:\/\/tzp-kupa.hr\/hr\/wp-content\/uploads\/2022\/02\/kupa-small.png\" alt=\"\" width=\"50\" height=\"24\" \/>2026 \u00a9 Turisti\u010dka zajednica podru\u010dja Kupa, Kurilovac 1, 47280 Ozalj, HR Hrvatska<br \/>Radni dan: 7:00 \u2013 15:00, Subota, nedelja: neradno, Praznici i blagdani neradni<br \/><a href=\"#\"><u>Politika privatnosti<\/u><\/a>\u00a0 <a href=\"#\"><u>Za\u0161tita privatnosti<\/u><\/a>\u00a0 <a href=\"#\"><u>Kori\u0161tenje kola\u010di\u0107a<\/u><\/a><\/p>\n\t\t\n<style>\n#text-3610551314 {\n  font-size: 0.8rem;\n  color: rgb(119, 119, 119);\n}\n#text-3610551314 > * {\n  color: rgb(119, 119, 119);\n}\n<\/style>\n\t<\/div>\n\t\n\n\t\t<\/div>\n\t\t\t\t\n<style>\n#col-115770590 > .col-inner {\n  margin: 0px 0px -35px 0px;\n}\n<\/style>\n\t<\/div>\n\n\t\n\n\n<style>\n#row-767042880 > .col > .col-inner {\n  padding: 0px 00pxpx 0px 0px;\n}\n<\/style>\n<\/div>\n<div class=\"social-icons follow-icons full-width text-center\" style=\"font-size:70%\"><a href=\"https:\/\/www.facebook.com\/visitkupa\" target=\"_blank\" data-label=\"Facebook\" class=\"icon primary button circle facebook tooltip\" title=\"Follow on Facebook\" aria-label=\"Follow on Facebook\" rel=\"noopener nofollow\" ><i class=\"icon-facebook\" ><\/i><\/a><a href=\"https:\/\/www.instagram.com\/visitkupa\/\" target=\"_blank\" data-label=\"Instagram\" class=\"icon primary button circle instagram tooltip\" title=\"Follow on Instagram\" aria-label=\"Follow on Instagram\" rel=\"noopener nofollow\" ><i class=\"icon-instagram\" ><\/i><\/a><a href=\"https:\/\/www.tiktok.com\/@tzpkupa\" target=\"_blank\" data-label=\"TikTok\" class=\"icon primary button circle tiktok tooltip\" title=\"Follow on TikTok\" aria-label=\"Follow on TikTok\" rel=\"noopener nofollow\" ><i class=\"icon-tiktok\" ><\/i><\/a><a href=\"mailto:info@tzp-kupa.hr\" data-label=\"E-mail\" target=\"_blank\" class=\"icon primary button circle email tooltip\" title=\"Send us an email\" aria-label=\"Send us an email\" rel=\"nofollow noopener\" ><i class=\"icon-envelop\" ><\/i><\/a><a href=\"https:\/\/www.youtube.com\/channel\/UCUVM_qtiDdwNCWHzjzkmb-A\/videos\" data-label=\"YouTube\" target=\"_blank\" class=\"icon primary button circle youtube tooltip\" title=\"Follow on YouTube\" aria-label=\"Follow on YouTube\" rel=\"noopener nofollow\" ><i class=\"icon-youtube\" ><\/i><\/a><\/div>\n\n\t<div id=\"gap-1229430929\" class=\"gap-element clearfix\" style=\"display:block; height:auto;\">\n\t\t\n<style>\n#gap-1229430929 {\n  padding-top: 3px;\n}\n<\/style>\n\t<\/div>\n\t\n\n\n\t\t<\/div>\n\n\t\t\n<style>\n#section_842665012 {\n  padding-top: 30px;\n  padding-bottom: 30px;\n  background-color: rgb(255,255,255);\n}\n@media (min-width:550px) {\n  #section_842665012 {\n    padding-top: 1px;\n    padding-bottom: 1px;\n  }\n}\n<\/style>\n\t<\/section>\n\t\n","protected":false},"excerpt":{"rendered":"","protected":false},"author":1,"featured_media":0,"parent":0,"menu_order":0,"comment_status":"closed","ping_status":"closed","template":"page-transparent-header-light.php","meta":{"_monsterinsights_skip_tracking":false,"_monsterinsights_sitenote_active":false,"_monsterinsights_sitenote_note":"","_monsterinsights_sitenote_category":0,"footnotes":"","_links_to":"","_links_to_target":""},"_links":{"self":[{"href":"https:\/\/tzp-kupa.hr\/hr\/wp-json\/wp\/v2\/pages\/39058"}],"collection":[{"href":"https:\/\/tzp-kupa.hr\/hr\/wp-json\/wp\/v2\/pages"}],"about":[{"href":"https:\/\/tzp-kupa.hr\/hr\/wp-json\/wp\/v2\/types\/page"}],"author":[{"embeddable":true,"href":"https:\/\/tzp-kupa.hr\/hr\/wp-json\/wp\/v2\/users\/1"}],"replies":[{"embeddable":true,"href":"https:\/\/tzp-kupa.hr\/hr\/wp-json\/wp\/v2\/comments?post=39058"}],"version-history":[{"count":2,"href":"https:\/\/tzp-kupa.hr\/hr\/wp-json\/wp\/v2\/pages\/39058\/revisions"}],"predecessor-version":[{"id":39066,"href":"https:\/\/tzp-kupa.hr\/hr\/wp-json\/wp\/v2\/pages\/39058\/revisions\/39066"}],"wp:attachment":[{"href":"https:\/\/tzp-kupa.hr\/hr\/wp-json\/wp\/v2\/media?parent=39058"}],"curies":[{"name":"wp","href":"https:\/\/api.w.org\/{rel}","templated":true}]}}