{"id":36905,"date":"2024-01-15T19:58:46","date_gmt":"2024-01-15T18:58:46","guid":{"rendered":"https:\/\/tzp-kupa.hr\/hr\/?page_id=36905"},"modified":"2024-02-20T08:19:13","modified_gmt":"2024-02-20T07:19:13","slug":"relax-kuca-za-odmor","status":"publish","type":"page","link":"https:\/\/tzp-kupa.hr\/hr\/relax-kuca-za-odmor\/","title":{"rendered":"Relax &#8211; ku\u0107a za odmor"},"content":{"rendered":"  <div id=\"page-header-541351394\" class=\"page-header-wrapper\">\n  <div class=\"page-title dark featured-title\">\n\n        <div class=\"page-title-bg\">\n      <div class=\"title-bg fill bg-fill\"\n        data-parallax-container=\".page-title\"\n        data-parallax-background\n        data-parallax=\"-\">\n      <\/div>\n      <div class=\"title-overlay fill\"><\/div>\n    <\/div>\n    \n    <div class=\"page-title-inner container align-center flex-row medium-flex-wrap\" >\n              <div class=\"title-wrapper is-small flex-col text-left medium-text-center\">\n          <h1 class=\"entry-title mb-0\">\n            Relax &#8211; ku\u0107a za odmor          <\/h1>\n        <\/div>\n                    <div class=\"title-content flex-col flex-right text-right medium-text-center\">\n        <div class=\"title-breadcrumbs pb-half pt-half\"><\/div>      <\/div>\n    <\/div>\n\n     \n<style>\n#page-header-541351394 .page-title-inner {\n  min-height: 155px;\n}\n#page-header-541351394 .title-bg {\n  background-image: url(https:\/\/tzp-kupa.hr\/hr\/wp-content\/uploads\/2024\/02\/ozalj-dvorac.jpg);\n  background-position: 22% 13%;\n}\n<\/style>\n  <\/div>\n    <\/div>\n  \n\t<section class=\"section\" id=\"section_1214109714\">\n\t\t<div class=\"bg section-bg fill bg-fill  bg-loaded\" >\n\n\t\t\t\n\t\t\t\n\t\t\t\n\n\t\t<\/div>\n\n\t\t\n\n\t\t<div class=\"section-content relative\">\n\t\t\t\n<div class=\"row\"  id=\"row-1412266376\">\n\n\t<div id=\"col-1990087710\" class=\"col small-12 large-12\"  >\n\t\t\t\t<div class=\"col-inner\"  >\n\t\t\t\n\t\t\t\n<p class=\"lead\"><strong>KU\u0106A ZA ODMOR RELAX, Ilovac 6, 47280 Ozalj<\/strong><\/p>\n<p>+385 92 1977 453\u00a0 <a href=\"mailto:marijeta90@gmail.com\">marijeta90@gmail.com<\/a><\/p>\n\t\t<\/div>\n\t\t\t\t\n<style>\n#col-1990087710 > .col-inner {\n  margin: 0px 0px -33px 0px;\n}\n<\/style>\n\t<\/div>\n\n\t\n<\/div>\n\t\t<\/div>\n\n\t\t\n<style>\n#section_1214109714 {\n  padding-top: 30px;\n  padding-bottom: 30px;\n}\n<\/style>\n\t<\/section>\n\t\n\t<section class=\"section\" id=\"section_514252458\">\n\t\t<div class=\"bg section-bg fill bg-fill  bg-loaded\" >\n\n\t\t\t\n\t\t\t<div class=\"section-bg-overlay absolute fill\"><\/div>\n\t\t\t\n\n\t\t<\/div>\n\n\t\t\n\n\t\t<div class=\"section-content relative\">\n\t\t\t\n<div class=\"row\"  id=\"row-738355898\">\n\n\t<div id=\"col-39265744\" class=\"col medium-6 small-12 large-6\"  >\n\t\t\t\t<div class=\"col-inner\"  >\n\t\t\t\n\t\t\t\n<h3>KU\u0106A ZA ODMOR RELAX, Ilovac 6, 47280 Ozalj<\/h3>\n<p>Ku\u0107a za odmor Relax nalazi se 20 km od Karlovaca i 60 km od najbli\u017ee Zra\u010dne luke (Zagreb). Ruralna drvena ku\u0107a ima kapacitet za 5 osoba (3+2). Smje\u0161tena je uz sam rub \u0161ume na mirnom mjestu okru\u017eena bre\u017euljcima i \u010distom prirodom. Pravo mjesto za odmor i opu\u0161tanje te potpuni do\u017eivljaj netaknute prirode i toplog ugo\u0111aja.<\/p>\n\t\t<\/div>\n\t\t\t\t\t<\/div>\n\n\t\n\n\t<div id=\"col-56637432\" class=\"col medium-6 small-12 large-6\"  >\n\t\t\t\t<div class=\"col-inner\"  >\n\t\t\t\n\t\t\t\n\t<div class=\"img has-hover x md-x lg-x y md-y lg-y\" id=\"image_1050615208\">\n\t\t\t\t\t\t\t\t<div class=\"img-inner dark\" >\n\t\t\t\t\t\t\t\t\t\n\t\t\t\t\t<\/div>\n\t\t\t\t\t\t\t\t\n<style>\n#image_1050615208 {\n  width: 100%;\n}\n<\/style>\n\t<\/div>\n\t\n\t\t<\/div>\n\t\t\t\t\t<\/div>\n\n\t\n<\/div>\n\t\t<\/div>\n\n\t\t\n<style>\n#section_514252458 {\n  padding-top: 0px;\n  padding-bottom: 0px;\n  background-color: rgb(243, 243, 243);\n}\n#section_514252458 .section-bg-overlay {\n  background-color: rgba(255, 255, 255, 0.9);\n}\n<\/style>\n\t<\/section>\n\t\n\n<div class=\"row row-collapse\"  id=\"row-491257301\">\n\n\n\t<div id=\"col-1334442254\" class=\"col small-12 large-12\"  >\n\t\t\t\t<div class=\"col-inner\"  >\n\t\t\t\n\t\t\t\n\n<div class=\"row row-large\"  id=\"row-1663942671\">\n\n\n\t<div id=\"col-624656663\" class=\"col medium-6 small-12 large-6\"  >\n\t\t\t\t<div class=\"col-inner\"  >\n\t\t\t\n\t\t\t\n\n<div class=\"row\"  id=\"row-1096207077\">\n\n\n\t<div id=\"col-125721317\" class=\"col medium-6 small-12 large-6\"  >\n\t\t\t\t<div class=\"col-inner\"  >\n\t\t\t\n\t\t\t\n\n\t<div class=\"ux-menu stack stack-col justify-start ux-menu--divider-solid\">\n\t\t\n\n\t<div class=\"ux-menu-link flex menu-item\">\n\t\t<a class=\"ux-menu-link__link flex\" href=\"https:\/\/tzp-kupa.hr\/hr\/apartman-vidak\/\" >\n\t\t\t<i class=\"ux-menu-link__icon text-center icon-angle-right\" ><\/i>\t\t\t<span class=\"ux-menu-link__text\">\n\t\t\t\tApartman Vidak\t\t\t<\/span>\n\t\t<\/a>\n\t<\/div>\n\t\n\n\t<div class=\"ux-menu-link flex menu-item\">\n\t\t<a class=\"ux-menu-link__link flex\" href=\"https:\/\/tzp-kupa.hr\/hr\/hostel-ozalj-zganjer\/\" >\n\t\t\t<i class=\"ux-menu-link__icon text-center icon-angle-right\" ><\/i>\t\t\t<span class=\"ux-menu-link__text\">\n\t\t\t\tHostel Ozalj\t\t\t<\/span>\n\t\t<\/a>\n\t<\/div>\n\t\n\n\t<div class=\"ux-menu-link flex menu-item\">\n\t\t<a class=\"ux-menu-link__link flex\" href=\"https:\/\/tzp-kupa.hr\/hr\/srce-prirode-srakovcic\/\" >\n\t\t\t<i class=\"ux-menu-link__icon text-center icon-angle-right\" ><\/i>\t\t\t<span class=\"ux-menu-link__text\">\n\t\t\t\tSrce prirode Srakov\u010di\u0107\t\t\t<\/span>\n\t\t<\/a>\n\t<\/div>\n\t\n\n\t<div class=\"ux-menu-link flex menu-item\">\n\t\t<a class=\"ux-menu-link__link flex\" href=\"https:\/\/tzp-kupa.hr\/hr\/seljacko-domacinstvo-culig\/\" >\n\t\t\t<i class=\"ux-menu-link__icon text-center icon-angle-right\" ><\/i>\t\t\t<span class=\"ux-menu-link__text\">\n\t\t\t\tSelja\u010dko doma\u0107instvo \u010culig\t\t\t<\/span>\n\t\t<\/a>\n\t<\/div>\n\t\n\n\t<div class=\"ux-menu-link flex menu-item\">\n\t\t<a class=\"ux-menu-link__link flex\" href=\"https:\/\/tzp-kupa.hr\/hr\/sobe-grsic\/\" >\n\t\t\t<i class=\"ux-menu-link__icon text-center icon-angle-right\" ><\/i>\t\t\t<span class=\"ux-menu-link__text\">\n\t\t\t\tSobe Gr\u0161i\u0107\t\t\t<\/span>\n\t\t<\/a>\n\t<\/div>\n\t\n\n\n\t<\/div>\n\t\n\n\t\t<\/div>\n\t\t\t\t\t<\/div>\n\n\t\n\n\t<div id=\"col-293404395\" class=\"col medium-6 small-12 large-6\"  >\n\t\t\t\t<div class=\"col-inner\"  >\n\t\t\t\n\t\t\t\n\n\t<div class=\"ux-menu stack stack-col justify-start ux-menu--divider-solid\">\n\t\t\n\n\t<div class=\"ux-menu-link flex menu-item\">\n\t\t<a class=\"ux-menu-link__link flex\" href=\"https:\/\/tzp-kupa.hr\/hr\/motel-pavlakovic\/\" >\n\t\t\t<i class=\"ux-menu-link__icon text-center icon-angle-right\" ><\/i>\t\t\t<span class=\"ux-menu-link__text\">\n\t\t\t\tM.o.t.e.l. Pavlakovi\u0107\t\t\t<\/span>\n\t\t<\/a>\n\t<\/div>\n\t\n\n\t<div class=\"ux-menu-link flex menu-item\">\n\t\t<a class=\"ux-menu-link__link flex\" href=\"https:\/\/tzp-kupa.hr\/hr\/apartman-zorkovac\/\" >\n\t\t\t<i class=\"ux-menu-link__icon text-center icon-angle-right\" ><\/i>\t\t\t<span class=\"ux-menu-link__text\">\n\t\t\t\tApartman Zorkovac\t\t\t<\/span>\n\t\t<\/a>\n\t<\/div>\n\t\n\n\t<div class=\"ux-menu-link flex menu-item\">\n\t\t<a class=\"ux-menu-link__link flex\" href=\"https:\/\/tzp-kupa.hr\/hr\/apartman-ferenac\/\" >\n\t\t\t<i class=\"ux-menu-link__icon text-center icon-angle-right\" ><\/i>\t\t\t<span class=\"ux-menu-link__text\">\n\t\t\t\tApartman Ferenac\t\t\t<\/span>\n\t\t<\/a>\n\t<\/div>\n\t\n\n\t<div class=\"ux-menu-link flex menu-item\">\n\t\t<a class=\"ux-menu-link__link flex\" href=\"https:\/\/tzp-kupa.hr\/hr\/apartman-tucek\/\" >\n\t\t\t<i class=\"ux-menu-link__icon text-center icon-angle-right\" ><\/i>\t\t\t<span class=\"ux-menu-link__text\">\n\t\t\t\tApartman Tu\u010dek\t\t\t<\/span>\n\t\t<\/a>\n\t<\/div>\n\t\n\n\t<div class=\"ux-menu-link flex menu-item\">\n\t\t<a class=\"ux-menu-link__link flex\" href=\"https:\/\/tzp-kupa.hr\/hr\/apartman-simun-i-roko\/\" >\n\t\t\t<i class=\"ux-menu-link__icon text-center icon-angle-right\" ><\/i>\t\t\t<span class=\"ux-menu-link__text\">\n\t\t\t\tApartman \u0160imun i Roko\t\t\t<\/span>\n\t\t<\/a>\n\t<\/div>\n\t\n\n\t<div class=\"ux-menu-link flex menu-item\">\n\t\t<a class=\"ux-menu-link__link flex\" href=\"https:\/\/tzp-kupa.hr\/hr\/sobe-tamaris\/\" >\n\t\t\t<i class=\"ux-menu-link__icon text-center icon-angle-right\" ><\/i>\t\t\t<span class=\"ux-menu-link__text\">\n\t\t\t\tSobe Tamaris\t\t\t<\/span>\n\t\t<\/a>\n\t<\/div>\n\t\n\n\n\t<\/div>\n\t\n\n\t\t<\/div>\n\t\t\t\t\t<\/div>\n\n\t\n\n<\/div>\n\n\t\t<\/div>\n\t\t\t\t\t<\/div>\n\n\t\n\n\t<div id=\"col-1480532356\" class=\"col medium-6 small-12 large-6\"  >\n\t\t\t\t<div class=\"col-inner\"  >\n\t\t\t\n\t\t\t\n\n<div class=\"row\"  id=\"row-1716070241\">\n\n\n\t<div id=\"col-536541331\" class=\"col medium-6 small-12 large-6\"  >\n\t\t\t\t<div class=\"col-inner\"  >\n\t\t\t\n\t\t\t\n\n\t<div class=\"ux-menu stack stack-col justify-start ux-menu--divider-solid\">\n\t\t\n\n\t<div class=\"ux-menu-link flex menu-item\">\n\t\t<a class=\"ux-menu-link__link flex\" href=\"https:\/\/tzp-kupa.hr\/hr\/apartmani-svertfajer\/\" >\n\t\t\t<i class=\"ux-menu-link__icon text-center icon-angle-right\" ><\/i>\t\t\t<span class=\"ux-menu-link__text\">\n\t\t\t\tApartmani \u0160vertfajer\t\t\t<\/span>\n\t\t<\/a>\n\t<\/div>\n\t\n\n\t<div class=\"ux-menu-link flex menu-item\">\n\t\t<a class=\"ux-menu-link__link flex\" href=\"https:\/\/tzp-kupa.hr\/hr\/apartman-klemencic\/\" >\n\t\t\t<i class=\"ux-menu-link__icon text-center icon-angle-right\" ><\/i>\t\t\t<span class=\"ux-menu-link__text\">\n\t\t\t\tApartman Klemen\u010di\u0107\t\t\t<\/span>\n\t\t<\/a>\n\t<\/div>\n\t\n\n\t<div class=\"ux-menu-link flex menu-item\">\n\t\t<a class=\"ux-menu-link__link flex\" href=\"https:\/\/tzp-kupa.hr\/hr\/lagottos-peak\/\" >\n\t\t\t<i class=\"ux-menu-link__icon text-center icon-angle-right\" ><\/i>\t\t\t<span class=\"ux-menu-link__text\">\n\t\t\t\tLagottos Peak\t\t\t<\/span>\n\t\t<\/a>\n\t<\/div>\n\t\n\n\t<div class=\"ux-menu-link flex menu-item\">\n\t\t<a class=\"ux-menu-link__link flex\" href=\"https:\/\/tzp-kupa.hr\/hr\/sobe-pavlakovic\/\" >\n\t\t\t<i class=\"ux-menu-link__icon text-center icon-angle-right\" ><\/i>\t\t\t<span class=\"ux-menu-link__text\">\n\t\t\t\tSobe Pavlakovi\u0107\t\t\t<\/span>\n\t\t<\/a>\n\t<\/div>\n\t\n\n\t<div class=\"ux-menu-link flex menu-item\">\n\t\t<a class=\"ux-menu-link__link flex\" href=\"https:\/\/tzp-kupa.hr\/hr\/relax-kuca-za-odmor\/\" >\n\t\t\t<i class=\"ux-menu-link__icon text-center icon-angle-right\" ><\/i>\t\t\t<span class=\"ux-menu-link__text\">\n\t\t\t\tRelax - ku\u0107a za odmor\t\t\t<\/span>\n\t\t<\/a>\n\t<\/div>\n\t\n\n\n\t<\/div>\n\t\n\n\t\t<\/div>\n\t\t\t\t\t<\/div>\n\n\t\n\n\t<div id=\"col-2133079821\" class=\"col medium-6 small-12 large-6\"  >\n\t\t\t\t<div class=\"col-inner\"  >\n\t\t\t\n\t\t\t\n\n\t<div class=\"ux-menu stack stack-col justify-start ux-menu--divider-solid\">\n\t\t\n\n\t<div class=\"ux-menu-link flex menu-item\">\n\t\t<a class=\"ux-menu-link__link flex\" href=\"https:\/\/tzp-kupa.hr\/hr\/sobe-ribaric\/\" >\n\t\t\t<i class=\"ux-menu-link__icon text-center icon-angle-right\" ><\/i>\t\t\t<span class=\"ux-menu-link__text\">\n\t\t\t\tSobe Ribari\u0107\t\t\t<\/span>\n\t\t<\/a>\n\t<\/div>\n\t\n\n\t<div class=\"ux-menu-link flex menu-item\">\n\t\t<a class=\"ux-menu-link__link flex\" href=\"https:\/\/tzp-kupa.hr\/hr\/kod-mosta\/\" >\n\t\t\t<i class=\"ux-menu-link__icon text-center icon-angle-right\" ><\/i>\t\t\t<span class=\"ux-menu-link__text\">\n\t\t\t\tKod mosta\t\t\t<\/span>\n\t\t<\/a>\n\t<\/div>\n\t\n\n\t<div class=\"ux-menu-link flex menu-item\">\n\t\t<a class=\"ux-menu-link__link flex\" href=\"https:\/\/tzp-kupa.hr\/hr\/sobe-opg-frlan\/\" >\n\t\t\t<i class=\"ux-menu-link__icon text-center icon-angle-right\" ><\/i>\t\t\t<span class=\"ux-menu-link__text\">\n\t\t\t\tSobe OPG Frlan\t\t\t<\/span>\n\t\t<\/a>\n\t<\/div>\n\t\n\n\t<div class=\"ux-menu-link flex menu-item\">\n\t\t<a class=\"ux-menu-link__link flex\" href=\"https:\/\/tzp-kupa.hr\/hr\/sobe-hotel-draganic-marche\/\" >\n\t\t\t<i class=\"ux-menu-link__icon text-center icon-angle-right\" ><\/i>\t\t\t<span class=\"ux-menu-link__text\">\n\t\t\t\tSobe hotel Dragani\u0107 \u2013 Marche\t\t\t<\/span>\n\t\t<\/a>\n\t<\/div>\n\t\n\n\n\t<\/div>\n\t\n\n\t\t<\/div>\n\t\t\t\t\t<\/div>\n\n\t\n\n<\/div>\n\n\t\t<\/div>\n\t\t\t\t\t<\/div>\n\n\t\n\n<\/div>\n\n\t\t<\/div>\n\t\t\t\t\n<style>\n#col-1334442254 > .col-inner {\n  padding: 60px 0px 0px 0px;\n}\n<\/style>\n\t<\/div>\n\n\t\n\n<\/div>\n\t<section class=\"section dark\" id=\"section_800475278\">\n\t\t<div class=\"bg section-bg fill bg-fill  bg-loaded\" >\n\n\t\t\t\n\t\t\t\n\t\t\t\n\n\t\t<\/div>\n\n\t\t\n\n\t\t<div class=\"section-content relative\">\n\t\t\t\n\n\t<div id=\"gap-63136732\" class=\"gap-element clearfix\" style=\"display:block; height:auto;\">\n\t\t\n<style>\n#gap-63136732 {\n  padding-top: 17px;\n}\n<\/style>\n\t<\/div>\n\t\n\n<div class=\"row align-center\"  id=\"row-1045407520\">\n\n\n\t<div id=\"col-2122883159\" class=\"col small-12 large-12\"  >\n\t\t\t\t<div class=\"col-inner text-center\"  >\n\t\t\t\n\t\t\t\n\n\t<div id=\"text-3357836760\" class=\"text\">\n\t\t\n\n<p><img loading=\"lazy\" decoding=\"async\" class=\"aligncenter size-full wp-image-37518\" src=\"https:\/\/tzp-kupa.hr\/hr\/wp-content\/uploads\/2022\/02\/kupa-small.png\" alt=\"\" width=\"50\" height=\"24\" \/>2026 \u00a9 Turisti\u010dka zajednica podru\u010dja Kupa, Kurilovac 1, 47280 Ozalj, HR Hrvatska<br \/>Radni dan: 7:00 \u2013 15:00, Subota, nedelja: neradno, Praznici i blagdani neradni<br \/><a href=\"#\"><u>Politika privatnosti<\/u><\/a>\u00a0 <a href=\"#\"><u>Za\u0161tita privatnosti<\/u><\/a>\u00a0 <a href=\"#\"><u>Kori\u0161tenje kola\u010di\u0107a<\/u><\/a><\/p>\n\t\t\n<style>\n#text-3357836760 {\n  font-size: 0.8rem;\n  color: rgb(119, 119, 119);\n}\n#text-3357836760 > * {\n  color: rgb(119, 119, 119);\n}\n<\/style>\n\t<\/div>\n\t\n\n\t\t<\/div>\n\t\t\t\t\n<style>\n#col-2122883159 > .col-inner {\n  margin: 0px 0px -35px 0px;\n}\n<\/style>\n\t<\/div>\n\n\t\n\n\n<style>\n#row-1045407520 > .col > .col-inner {\n  padding: 0px 00pxpx 0px 0px;\n}\n<\/style>\n<\/div>\n<div class=\"social-icons follow-icons full-width text-center\" style=\"font-size:70%\"><a href=\"https:\/\/www.facebook.com\/visitkupa\" target=\"_blank\" data-label=\"Facebook\" class=\"icon primary button circle facebook tooltip\" title=\"Follow on Facebook\" aria-label=\"Follow on Facebook\" rel=\"noopener nofollow\" ><i class=\"icon-facebook\" ><\/i><\/a><a href=\"https:\/\/www.instagram.com\/visitkupa\/\" target=\"_blank\" data-label=\"Instagram\" class=\"icon primary button circle instagram tooltip\" title=\"Follow on Instagram\" aria-label=\"Follow on Instagram\" rel=\"noopener nofollow\" ><i class=\"icon-instagram\" ><\/i><\/a><a href=\"https:\/\/www.tiktok.com\/@tzpkupa\" target=\"_blank\" data-label=\"TikTok\" class=\"icon primary button circle tiktok tooltip\" title=\"Follow on TikTok\" aria-label=\"Follow on TikTok\" rel=\"noopener nofollow\" ><i class=\"icon-tiktok\" ><\/i><\/a><a href=\"mailto:info@tzp-kupa.hr\" data-label=\"E-mail\" target=\"_blank\" class=\"icon primary button circle email tooltip\" title=\"Send us an email\" aria-label=\"Send us an email\" rel=\"nofollow noopener\" ><i class=\"icon-envelop\" ><\/i><\/a><a href=\"https:\/\/www.youtube.com\/channel\/UCUVM_qtiDdwNCWHzjzkmb-A\/videos\" data-label=\"YouTube\" target=\"_blank\" class=\"icon primary button circle youtube tooltip\" title=\"Follow on YouTube\" aria-label=\"Follow on YouTube\" rel=\"noopener nofollow\" ><i class=\"icon-youtube\" ><\/i><\/a><\/div>\n\n\t<div id=\"gap-586603896\" class=\"gap-element clearfix\" style=\"display:block; height:auto;\">\n\t\t\n<style>\n#gap-586603896 {\n  padding-top: 3px;\n}\n<\/style>\n\t<\/div>\n\t\n\n\n\t\t<\/div>\n\n\t\t\n<style>\n#section_800475278 {\n  padding-top: 30px;\n  padding-bottom: 30px;\n  background-color: rgb(255,255,255);\n}\n@media (min-width:550px) {\n  #section_800475278 {\n    padding-top: 1px;\n    padding-bottom: 1px;\n  }\n}\n<\/style>\n\t<\/section>\n\t\n","protected":false},"excerpt":{"rendered":"","protected":false},"author":1,"featured_media":0,"parent":0,"menu_order":0,"comment_status":"closed","ping_status":"closed","template":"page-transparent-header-light.php","meta":{"_monsterinsights_skip_tracking":false,"_monsterinsights_sitenote_active":false,"_monsterinsights_sitenote_note":"","_monsterinsights_sitenote_category":0,"footnotes":"","_links_to":"","_links_to_target":""},"_links":{"self":[{"href":"https:\/\/tzp-kupa.hr\/hr\/wp-json\/wp\/v2\/pages\/36905"}],"collection":[{"href":"https:\/\/tzp-kupa.hr\/hr\/wp-json\/wp\/v2\/pages"}],"about":[{"href":"https:\/\/tzp-kupa.hr\/hr\/wp-json\/wp\/v2\/types\/page"}],"author":[{"embeddable":true,"href":"https:\/\/tzp-kupa.hr\/hr\/wp-json\/wp\/v2\/users\/1"}],"replies":[{"embeddable":true,"href":"https:\/\/tzp-kupa.hr\/hr\/wp-json\/wp\/v2\/comments?post=36905"}],"version-history":[{"count":2,"href":"https:\/\/tzp-kupa.hr\/hr\/wp-json\/wp\/v2\/pages\/36905\/revisions"}],"predecessor-version":[{"id":37771,"href":"https:\/\/tzp-kupa.hr\/hr\/wp-json\/wp\/v2\/pages\/36905\/revisions\/37771"}],"wp:attachment":[{"href":"https:\/\/tzp-kupa.hr\/hr\/wp-json\/wp\/v2\/media?parent=36905"}],"curies":[{"name":"wp","href":"https:\/\/api.w.org\/{rel}","templated":true}]}}