{"id":36733,"date":"2023-10-12T11:16:49","date_gmt":"2023-10-12T09:16:49","guid":{"rendered":"https:\/\/tzp-kupa.hr\/hr\/?page_id=36733"},"modified":"2024-02-19T10:31:47","modified_gmt":"2024-02-19T09:31:47","slug":"izletiste-za-djecu-contessa","status":"publish","type":"page","link":"https:\/\/tzp-kupa.hr\/hr\/izletiste-za-djecu-contessa\/","title":{"rendered":"Izletiste za djecu Contessa"},"content":{"rendered":"  <div id=\"page-header-1865611856\" class=\"page-header-wrapper\">\n  <div class=\"page-title dark featured-title\">\n\n        <div class=\"page-title-bg\">\n      <div class=\"title-bg fill bg-fill\"\n        data-parallax-container=\".page-title\"\n        data-parallax-background\n        data-parallax=\"-\">\n      <\/div>\n      <div class=\"title-overlay fill\"><\/div>\n    <\/div>\n    \n    <div class=\"page-title-inner container align-center flex-row medium-flex-wrap\" >\n              <div class=\"title-wrapper is-small flex-col text-left medium-text-center\">\n          <h1 class=\"entry-title mb-0\">\n            Izletiste za djecu Contessa          <\/h1>\n        <\/div>\n                    <div class=\"title-content flex-col flex-right text-right medium-text-center\">\n        <div class=\"title-breadcrumbs pb-half pt-half\"><\/div>      <\/div>\n    <\/div>\n\n     \n<style>\n#page-header-1865611856 .page-title-inner {\n  min-height: 155px;\n}\n#page-header-1865611856 .title-bg {\n  background-image: url(https:\/\/tzp-kupa.hr\/hr\/wp-content\/uploads\/2024\/02\/ozalj-dvorac.jpg);\n  background-position: 22% 13%;\n}\n<\/style>\n  <\/div>\n    <\/div>\n  \n\t<section class=\"section\" id=\"section_1050037593\">\n\t\t<div class=\"bg section-bg fill bg-fill  bg-loaded\" >\n\n\t\t\t\n\t\t\t<div class=\"section-bg-overlay absolute fill\"><\/div>\n\t\t\t\n\n\t\t<\/div>\n\n\t\t\n\n\t\t<div class=\"section-content relative\">\n\t\t\t\n\t<div id=\"gap-1289822576\" class=\"gap-element clearfix\" style=\"display:block; height:auto;\">\n\t\t\n<style>\n#gap-1289822576 {\n  padding-top: 66px;\n}\n<\/style>\n\t<\/div>\n\t\n<div class=\"row\"  id=\"row-1737855663\">\n\n\t<div id=\"col-1839101871\" class=\"col medium-6 small-12 large-6\"  >\n\t\t\t\t<div class=\"col-inner\"  >\n\t\t\t\n\t\t\t\n<h3>IZLET ZA DJECU CONTESSA<\/h3>\n<p><strong>Seoska kurija Contessa<\/strong> (stara 300 godina) nalazi se u Dragani\u0107u i savr\u0161eno je mjesto za izlet i dru\u017eenje u zanimljivom ambijentu. Raznovrsni programi u kojima mo\u017eete upoznati tradiciju na\u0161eg kraja namijenjeni su svima koji \u017eele u autenti\u010dnom ambijentu saznati vi\u0161e o na\u010dinu \u017eivota i legendama kraja uz Kupu.<\/p>\n<p>Tamo \u0107ete mo\u0107i pro\u0161etati parkom do konju\u0161nice i upoznati male ponije, istra\u017eiti \u0161to se krije u damskoj i lova\u010dkoj sobi, te gdje su skriveni kostimi, odore i krune! Vodi\u010di \u0107e vas zainteresirati zanimljivom pri\u010dom, a miris kiflica i \u010daja dovest sve do dvorske kuhinje.<\/p>\n<p>Tijekom godine organiziraju se kreativne radionice, svakako pratite na Facebook stranici detaljnije o ponudi i do\u0111ite u dobrom dru\u0161tvu\u2026<\/p>\n\t\t<\/div>\n\t\t\t\t\t<\/div>\n\n\t\n\n\t<div id=\"col-948124636\" class=\"col medium-6 small-12 large-6\"  >\n\t\t\t\t<div class=\"col-inner\"  >\n\t\t\t\n\t\t\t\n\t<div class=\"img has-hover x md-x lg-x y md-y lg-y\" id=\"image_2044765405\">\n\t\t\t\t\t\t\t\t<div class=\"img-inner dark\" >\n\t\t\t<img loading=\"lazy\" decoding=\"async\" width=\"618\" height=\"618\" src=\"https:\/\/tzp-kupa.hr\/hr\/wp-content\/uploads\/2022\/10\/contessa1-1.jpg\" class=\"attachment-large size-large\" alt=\"\" srcset=\"https:\/\/tzp-kupa.hr\/hr\/wp-content\/uploads\/2022\/10\/contessa1-1.jpg 618w, https:\/\/tzp-kupa.hr\/hr\/wp-content\/uploads\/2022\/10\/contessa1-1-400x400.jpg 400w, https:\/\/tzp-kupa.hr\/hr\/wp-content\/uploads\/2022\/10\/contessa1-1-280x280.jpg 280w\" sizes=\"(max-width: 618px) 100vw, 618px\" \/>\t\t\t\t\t\t\n\t\t\t\t\t<\/div>\n\t\t\t\t\t\t\t\t\n<style>\n#image_2044765405 {\n  width: 100%;\n}\n<\/style>\n\t<\/div>\n\t\n\t\t<\/div>\n\t\t\t\t\t<\/div>\n\n\t\n<\/div>\n<div class=\"row\"  id=\"row-1103883141\">\n\n\t<div id=\"col-2142056671\" class=\"col medium-6 small-12 large-6\"  >\n\t\t\t\t<div class=\"col-inner\"  >\n\t\t\t\n\t\t\t\n<p>Budrovci 27, Dragani\u0107<\/p>\n<p><a href=\"mailto:izlet.contessa@gmail.com\">izlet.contessa@gmail.com<\/a><\/p>\n<p>095\/8081300<\/p>\n\t\t<\/div>\n\t\t\t\t\t<\/div>\n\n\t\n\n\t<div id=\"col-309023328\" class=\"col medium-6 small-12 large-6\"  >\n\t\t\t\t<div class=\"col-inner\"  >\n\t\t\t\n\t\t\t\n<p><a href=\"https:\/\/www.facebook.com\/izlet.contessa\" target=\"_blank\" rel=\"noopener\" data-saferedirecturl=\"https:\/\/www.google.com\/url?q=https:\/\/www.facebook.com\/izlet.contessa&amp;source=gmail&amp;ust=1696761688563000&amp;usg=AOvVaw1J_ScNGE0HaZ5VT_c42m_G\">https:\/\/www.facebook.com\/izlet.contessa<\/a><\/p>\n<p><a href=\"https:\/\/www.izletcontessa.com\/\" target=\"_blank\" rel=\"noopener\">izletcontessa.com<\/a><\/p>\n\t\t<\/div>\n\t\t\t\t\t<\/div>\n\n\t\n<\/div>\n<div class=\"row\"  id=\"row-1945400191\">\n\n\t<div id=\"col-11711885\" class=\"col small-12 large-12\"  >\n\t\t\t\t<div class=\"col-inner\"  >\n\t\t\t\n\t\t\t\n\n  \n    <div class=\"row large-columns-3 medium-columns- small-columns-2 slider row-slider slider-nav-reveal slider-nav-push\"  data-flickity-options='{\"imagesLoaded\": true, \"groupCells\": \"100%\", \"dragThreshold\" : 5, \"cellAlign\": \"left\",\"wrapAround\": true,\"prevNextButtons\": true,\"percentPosition\": true,\"pageDots\": false, \"rightToLeft\": false, \"autoPlay\" : false}' >\n\n  <div class=\"gallery-col col\" >\n          <div class=\"col-inner\">\n            <a class=\"image-lightbox lightbox-gallery\" href=\"https:\/\/tzp-kupa.hr\/hr\/wp-content\/uploads\/2024\/02\/contessa-izleti-02-800x800.jpg\" title=\"\">            <div class=\"box has-hover gallery-box box-normal\">\n              <div class=\"box-image\" >\n                <img loading=\"lazy\" decoding=\"async\" width=\"400\" height=\"400\" src=\"https:\/\/tzp-kupa.hr\/hr\/wp-content\/uploads\/2024\/02\/contessa-izleti-02-400x400.jpg\" class=\"attachment-medium size-medium\" alt=\"\" ids=\"37632,37633,37634,37635,37636,37637,37638\" style=\"normal\" type=\"slider\" columns=\"3\" srcset=\"https:\/\/tzp-kupa.hr\/hr\/wp-content\/uploads\/2024\/02\/contessa-izleti-02-400x400.jpg 400w, https:\/\/tzp-kupa.hr\/hr\/wp-content\/uploads\/2024\/02\/contessa-izleti-02-800x800.jpg 800w, https:\/\/tzp-kupa.hr\/hr\/wp-content\/uploads\/2024\/02\/contessa-izleti-02-280x280.jpg 280w, https:\/\/tzp-kupa.hr\/hr\/wp-content\/uploads\/2024\/02\/contessa-izleti-02-768x768.jpg 768w, https:\/\/tzp-kupa.hr\/hr\/wp-content\/uploads\/2024\/02\/contessa-izleti-02.jpg 960w\" sizes=\"(max-width: 400px) 100vw, 400px\" \/>                                                              <\/div>\n              <div class=\"box-text text-left\" >\n                 <p><\/p>\n              <\/div>\n            <\/div>\n            <\/a>          <\/div>\n         <\/div><div class=\"gallery-col col\" >\n          <div class=\"col-inner\">\n            <a class=\"image-lightbox lightbox-gallery\" href=\"https:\/\/tzp-kupa.hr\/hr\/wp-content\/uploads\/2024\/02\/contessa-izleti-03.jpg\" title=\"\">            <div class=\"box has-hover gallery-box box-normal\">\n              <div class=\"box-image\" >\n                <img loading=\"lazy\" decoding=\"async\" width=\"596\" height=\"400\" src=\"https:\/\/tzp-kupa.hr\/hr\/wp-content\/uploads\/2024\/02\/contessa-izleti-03-596x400.jpg\" class=\"attachment-medium size-medium\" alt=\"\" ids=\"37632,37633,37634,37635,37636,37637,37638\" style=\"normal\" type=\"slider\" columns=\"3\" srcset=\"https:\/\/tzp-kupa.hr\/hr\/wp-content\/uploads\/2024\/02\/contessa-izleti-03-596x400.jpg 596w, https:\/\/tzp-kupa.hr\/hr\/wp-content\/uploads\/2024\/02\/contessa-izleti-03.jpg 700w\" sizes=\"(max-width: 596px) 100vw, 596px\" \/>                                                              <\/div>\n              <div class=\"box-text text-left\" >\n                 <p><\/p>\n              <\/div>\n            <\/div>\n            <\/a>          <\/div>\n         <\/div><div class=\"gallery-col col\" >\n          <div class=\"col-inner\">\n            <a class=\"image-lightbox lightbox-gallery\" href=\"https:\/\/tzp-kupa.hr\/hr\/wp-content\/uploads\/2024\/02\/contessa-izleti-04.jpg\" title=\"\">            <div class=\"box has-hover gallery-box box-normal\">\n              <div class=\"box-image\" >\n                <img loading=\"lazy\" decoding=\"async\" width=\"279\" height=\"400\" src=\"https:\/\/tzp-kupa.hr\/hr\/wp-content\/uploads\/2024\/02\/contessa-izleti-04-279x400.jpg\" class=\"attachment-medium size-medium\" alt=\"\" ids=\"37632,37633,37634,37635,37636,37637,37638\" style=\"normal\" type=\"slider\" columns=\"3\" srcset=\"https:\/\/tzp-kupa.hr\/hr\/wp-content\/uploads\/2024\/02\/contessa-izleti-04-279x400.jpg 279w, https:\/\/tzp-kupa.hr\/hr\/wp-content\/uploads\/2024\/02\/contessa-izleti-04.jpg 429w\" sizes=\"(max-width: 279px) 100vw, 279px\" \/>                                                              <\/div>\n              <div class=\"box-text text-left\" >\n                 <p><\/p>\n              <\/div>\n            <\/div>\n            <\/a>          <\/div>\n         <\/div><div class=\"gallery-col col\" >\n          <div class=\"col-inner\">\n            <a class=\"image-lightbox lightbox-gallery\" href=\"https:\/\/tzp-kupa.hr\/hr\/wp-content\/uploads\/2024\/02\/contessa-izleti-05.jpg\" title=\"\">            <div class=\"box has-hover gallery-box box-normal\">\n              <div class=\"box-image\" >\n                <img loading=\"lazy\" decoding=\"async\" width=\"485\" height=\"400\" src=\"https:\/\/tzp-kupa.hr\/hr\/wp-content\/uploads\/2024\/02\/contessa-izleti-05-485x400.jpg\" class=\"attachment-medium size-medium\" alt=\"\" ids=\"37632,37633,37634,37635,37636,37637,37638\" style=\"normal\" type=\"slider\" columns=\"3\" srcset=\"https:\/\/tzp-kupa.hr\/hr\/wp-content\/uploads\/2024\/02\/contessa-izleti-05-485x400.jpg 485w, https:\/\/tzp-kupa.hr\/hr\/wp-content\/uploads\/2024\/02\/contessa-izleti-05.jpg 655w\" sizes=\"(max-width: 485px) 100vw, 485px\" \/>                                                              <\/div>\n              <div class=\"box-text text-left\" >\n                 <p><\/p>\n              <\/div>\n            <\/div>\n            <\/a>          <\/div>\n         <\/div><div class=\"gallery-col col\" >\n          <div class=\"col-inner\">\n            <a class=\"image-lightbox lightbox-gallery\" href=\"https:\/\/tzp-kupa.hr\/hr\/wp-content\/uploads\/2024\/02\/contessa-izleti-06-592x800.jpg\" title=\"\">            <div class=\"box has-hover gallery-box box-normal\">\n              <div class=\"box-image\" >\n                <img loading=\"lazy\" decoding=\"async\" width=\"296\" height=\"400\" src=\"https:\/\/tzp-kupa.hr\/hr\/wp-content\/uploads\/2024\/02\/contessa-izleti-06-296x400.jpg\" class=\"attachment-medium size-medium\" alt=\"\" ids=\"37632,37633,37634,37635,37636,37637,37638\" style=\"normal\" type=\"slider\" columns=\"3\" srcset=\"https:\/\/tzp-kupa.hr\/hr\/wp-content\/uploads\/2024\/02\/contessa-izleti-06-296x400.jpg 296w, https:\/\/tzp-kupa.hr\/hr\/wp-content\/uploads\/2024\/02\/contessa-izleti-06-592x800.jpg 592w, https:\/\/tzp-kupa.hr\/hr\/wp-content\/uploads\/2024\/02\/contessa-izleti-06.jpg 600w\" sizes=\"(max-width: 296px) 100vw, 296px\" \/>                                                              <\/div>\n              <div class=\"box-text text-left\" >\n                 <p><\/p>\n              <\/div>\n            <\/div>\n            <\/a>          <\/div>\n         <\/div><div class=\"gallery-col col\" >\n          <div class=\"col-inner\">\n            <a class=\"image-lightbox lightbox-gallery\" href=\"https:\/\/tzp-kupa.hr\/hr\/wp-content\/uploads\/2024\/02\/contessa-izleti-07.jpg\" title=\"\">            <div class=\"box has-hover gallery-box box-normal\">\n              <div class=\"box-image\" >\n                <img loading=\"lazy\" decoding=\"async\" width=\"300\" height=\"400\" src=\"https:\/\/tzp-kupa.hr\/hr\/wp-content\/uploads\/2024\/02\/contessa-izleti-07-300x400.jpg\" class=\"attachment-medium size-medium\" alt=\"\" ids=\"37632,37633,37634,37635,37636,37637,37638\" style=\"normal\" type=\"slider\" columns=\"3\" srcset=\"https:\/\/tzp-kupa.hr\/hr\/wp-content\/uploads\/2024\/02\/contessa-izleti-07-300x400.jpg 300w, https:\/\/tzp-kupa.hr\/hr\/wp-content\/uploads\/2024\/02\/contessa-izleti-07.jpg 600w\" sizes=\"(max-width: 300px) 100vw, 300px\" \/>                                                              <\/div>\n              <div class=\"box-text text-left\" >\n                 <p><\/p>\n              <\/div>\n            <\/div>\n            <\/a>          <\/div>\n         <\/div><div class=\"gallery-col col\" >\n          <div class=\"col-inner\">\n            <a class=\"image-lightbox lightbox-gallery\" href=\"https:\/\/tzp-kupa.hr\/hr\/wp-content\/uploads\/2024\/02\/contessa-izleti-08.jpg\" title=\"\">            <div class=\"box has-hover gallery-box box-normal\">\n              <div class=\"box-image\" >\n                <img loading=\"lazy\" decoding=\"async\" width=\"300\" height=\"400\" src=\"https:\/\/tzp-kupa.hr\/hr\/wp-content\/uploads\/2024\/02\/contessa-izleti-08-300x400.jpg\" class=\"attachment-medium size-medium\" alt=\"\" ids=\"37632,37633,37634,37635,37636,37637,37638\" style=\"normal\" type=\"slider\" columns=\"3\" srcset=\"https:\/\/tzp-kupa.hr\/hr\/wp-content\/uploads\/2024\/02\/contessa-izleti-08-300x400.jpg 300w, https:\/\/tzp-kupa.hr\/hr\/wp-content\/uploads\/2024\/02\/contessa-izleti-08.jpg 540w\" sizes=\"(max-width: 300px) 100vw, 300px\" \/>                                                              <\/div>\n              <div class=\"box-text text-left\" >\n                 <p><\/p>\n              <\/div>\n            <\/div>\n            <\/a>          <\/div>\n         <\/div><\/div>\n\t\t<\/div>\n\t\t\t\t\t<\/div>\n\n\t\n<\/div>\n<div class=\"row\"  id=\"row-328394779\">\n\n\t<div id=\"col-1327949626\" class=\"col small-12 large-12\"  >\n\t\t\t\t<div class=\"col-inner\"  >\n\t\t\t\n\t\t\t\n<p>Contessa je revitalizirani gospodski posjed iz 1714.god.Posjed je bio napusten 90 god.2006.god. krenuli smo s rekonstrukcijom u cijelosti.<\/p>\n<p>Danas zivi duhom proslih vremena na odusevljenje brojnih gostiju te djece vrticke i skolske dobi koji uce u CONTESSI o kulturi zivota u 18 i 19 st. kostimirajuci se i prolazeci avanturu jednog dana dvoru u ulogama konjusara,vrtlara, kuhara gospode i sl..(davni gosti bili su barunica Ivka Vranyczany, dirigent Nikola Faller, Vlaho Bukovac te operna pjevacica Nada Skreb.Posebna dragocjenost je i kaljeva pec iz Beca, Dragojle Jarnevic.<\/p>\n<p>Na posjedu se nalazi kurija ciji interijer je uredjen autenticnim antiknim stilskim namjestajem 18. i 19st.<br \/>Svaka odaja odusevljava goste svojim povjesnim sadrzajem.Da je CONTESSA omiljena turisticka destinacija sa vrlo kvalitetnim povjesnim programom svjedoci i uvjek velika guzva oko rezervacije termina koji jako brzo budu popunjeni i dvije sezone unaprijed.<br \/>Konjusnica sa carskim pasminama dresurnih konja posebna je atrakcija kao i glazeno scenski prikazi baroknog umjetnickog jahanja u odorama visokog hrvatskog plemstva.Za djecu tu je i 5 umiljatih pony konja.Posjed se sastoji od kurije i velikog posjeda na 30.000m2 te velikog uredjenog parka kao setnice.<\/p>\n<p>Kontinuirani su edukativni izleti za skole i vrtice te atraktivne radionice slikanja sa akademskom slikaricom za djecu i odrasle te radionice vjenaca od cvijeca.itd.Goste docekuju kostimirani voditelji u kostimima nekadasnjih starosjedioca(nekad naj imucnija obitelj Draganica obitelj Martinjak) iz 1824.god.kad je u funkciji bio i njihov seoski ducan koji je i danas prava povjesna atrakcija za posjetitelje.Organiziranje sezonskih svecanosti posebno nas veseli.Upravo nedavno odrzana Draganicka jesen na dvoru zabiljezila je veliki odaziv lokalnih OPG-a te odlicnu posjecenost. Sve zajedno kulturna turisticka ponuda koja uvelike doprinosi ugledu regije.<\/p>\n\t\t<\/div>\n\t\t\t\t\t<\/div>\n\n\t\n<\/div>\n\t\t<\/div>\n\n\t\t\n<style>\n#section_1050037593 {\n  padding-top: 0px;\n  padding-bottom: 0px;\n  background-color: rgb(243, 243, 243);\n}\n#section_1050037593 .section-bg-overlay {\n  background-color: rgba(255, 255, 255, 0.9);\n}\n<\/style>\n\t<\/section>\n\t\n\t<section class=\"section dark\" id=\"section_1877177415\">\n\t\t<div class=\"bg section-bg fill bg-fill  bg-loaded\" >\n\n\t\t\t\n\t\t\t\n\t\t\t\n\n\t\t<\/div>\n\n\t\t\n\n\t\t<div class=\"section-content relative\">\n\t\t\t\n\n\t<div id=\"gap-352273427\" class=\"gap-element clearfix\" style=\"display:block; height:auto;\">\n\t\t\n<style>\n#gap-352273427 {\n  padding-top: 17px;\n}\n<\/style>\n\t<\/div>\n\t\n\n<div class=\"row align-center\"  id=\"row-1058099239\">\n\n\n\t<div id=\"col-1180371777\" class=\"col small-12 large-12\"  >\n\t\t\t\t<div class=\"col-inner text-center\"  >\n\t\t\t\n\t\t\t\n\n\t<div id=\"text-2091281373\" class=\"text\">\n\t\t\n\n<p><img loading=\"lazy\" decoding=\"async\" class=\"aligncenter size-full wp-image-37518\" src=\"https:\/\/tzp-kupa.hr\/hr\/wp-content\/uploads\/2022\/02\/kupa-small.png\" alt=\"\" width=\"50\" height=\"24\" \/>2026 \u00a9 Turisti\u010dka zajednica podru\u010dja Kupa, Kurilovac 1, 47280 Ozalj, HR Hrvatska<br \/>Radni dan: 7:00 \u2013 15:00, Subota, nedelja: neradno, Praznici i blagdani neradni<br \/><a href=\"#\"><u>Politika privatnosti<\/u><\/a>\u00a0 <a href=\"#\"><u>Za\u0161tita privatnosti<\/u><\/a>\u00a0 <a href=\"#\"><u>Kori\u0161tenje kola\u010di\u0107a<\/u><\/a><\/p>\n\t\t\n<style>\n#text-2091281373 {\n  font-size: 0.8rem;\n  color: rgb(119, 119, 119);\n}\n#text-2091281373 > * {\n  color: rgb(119, 119, 119);\n}\n<\/style>\n\t<\/div>\n\t\n\n\t\t<\/div>\n\t\t\t\t\n<style>\n#col-1180371777 > .col-inner {\n  margin: 0px 0px -35px 0px;\n}\n<\/style>\n\t<\/div>\n\n\t\n\n\n<style>\n#row-1058099239 > .col > .col-inner {\n  padding: 0px 00pxpx 0px 0px;\n}\n<\/style>\n<\/div>\n<div class=\"social-icons follow-icons full-width text-center\" style=\"font-size:70%\"><a href=\"https:\/\/www.facebook.com\/visitkupa\" target=\"_blank\" data-label=\"Facebook\" class=\"icon primary button circle facebook tooltip\" title=\"Follow on Facebook\" aria-label=\"Follow on Facebook\" rel=\"noopener nofollow\" ><i class=\"icon-facebook\" ><\/i><\/a><a href=\"https:\/\/www.instagram.com\/visitkupa\/\" target=\"_blank\" data-label=\"Instagram\" class=\"icon primary button circle instagram tooltip\" title=\"Follow on Instagram\" aria-label=\"Follow on Instagram\" rel=\"noopener nofollow\" ><i class=\"icon-instagram\" ><\/i><\/a><a href=\"https:\/\/www.tiktok.com\/@tzpkupa\" target=\"_blank\" data-label=\"TikTok\" class=\"icon primary button circle tiktok tooltip\" title=\"Follow on TikTok\" aria-label=\"Follow on TikTok\" rel=\"noopener nofollow\" ><i class=\"icon-tiktok\" ><\/i><\/a><a href=\"mailto:info@tzp-kupa.hr\" data-label=\"E-mail\" target=\"_blank\" class=\"icon primary button circle email tooltip\" title=\"Send us an email\" aria-label=\"Send us an email\" rel=\"nofollow noopener\" ><i class=\"icon-envelop\" ><\/i><\/a><a href=\"https:\/\/www.youtube.com\/channel\/UCUVM_qtiDdwNCWHzjzkmb-A\/videos\" data-label=\"YouTube\" target=\"_blank\" class=\"icon primary button circle youtube tooltip\" title=\"Follow on YouTube\" aria-label=\"Follow on YouTube\" rel=\"noopener nofollow\" ><i class=\"icon-youtube\" ><\/i><\/a><\/div>\n\n\t<div id=\"gap-515339610\" class=\"gap-element clearfix\" style=\"display:block; height:auto;\">\n\t\t\n<style>\n#gap-515339610 {\n  padding-top: 3px;\n}\n<\/style>\n\t<\/div>\n\t\n\n\n\t\t<\/div>\n\n\t\t\n<style>\n#section_1877177415 {\n  padding-top: 30px;\n  padding-bottom: 30px;\n  background-color: rgb(255,255,255);\n}\n@media (min-width:550px) {\n  #section_1877177415 {\n    padding-top: 1px;\n    padding-bottom: 1px;\n  }\n}\n<\/style>\n\t<\/section>\n\t\n","protected":false},"excerpt":{"rendered":"","protected":false},"author":1,"featured_media":0,"parent":0,"menu_order":0,"comment_status":"closed","ping_status":"closed","template":"page-transparent-header-light.php","meta":{"_monsterinsights_skip_tracking":false,"_monsterinsights_sitenote_active":false,"_monsterinsights_sitenote_note":"","_monsterinsights_sitenote_category":0,"footnotes":"","_links_to":"","_links_to_target":""},"_links":{"self":[{"href":"https:\/\/tzp-kupa.hr\/hr\/wp-json\/wp\/v2\/pages\/36733"}],"collection":[{"href":"https:\/\/tzp-kupa.hr\/hr\/wp-json\/wp\/v2\/pages"}],"about":[{"href":"https:\/\/tzp-kupa.hr\/hr\/wp-json\/wp\/v2\/types\/page"}],"author":[{"embeddable":true,"href":"https:\/\/tzp-kupa.hr\/hr\/wp-json\/wp\/v2\/users\/1"}],"replies":[{"embeddable":true,"href":"https:\/\/tzp-kupa.hr\/hr\/wp-json\/wp\/v2\/comments?post=36733"}],"version-history":[{"count":1,"href":"https:\/\/tzp-kupa.hr\/hr\/wp-json\/wp\/v2\/pages\/36733\/revisions"}],"predecessor-version":[{"id":37642,"href":"https:\/\/tzp-kupa.hr\/hr\/wp-json\/wp\/v2\/pages\/36733\/revisions\/37642"}],"wp:attachment":[{"href":"https:\/\/tzp-kupa.hr\/hr\/wp-json\/wp\/v2\/media?parent=36733"}],"curies":[{"name":"wp","href":"https:\/\/api.w.org\/{rel}","templated":true}]}}