{"id":34241,"date":"2022-02-20T19:43:39","date_gmt":"2022-02-20T19:43:39","guid":{"rendered":"https:\/\/tzp-kupa.hr\/hr\/?page_id=34241"},"modified":"2024-02-20T09:01:56","modified_gmt":"2024-02-20T08:01:56","slug":"ribicki-vikendi-uz-kupu","status":"publish","type":"page","link":"https:\/\/tzp-kupa.hr\/hr\/ribicki-vikendi-uz-kupu\/","title":{"rendered":"Ribi\u010dki vikendi uz Kupu"},"content":{"rendered":"  <div id=\"page-header-1945784986\" class=\"page-header-wrapper\">\n  <div class=\"page-title dark featured-title\">\n\n        <div class=\"page-title-bg\">\n      <div class=\"title-bg fill bg-fill\"\n        data-parallax-container=\".page-title\"\n        data-parallax-background\n        data-parallax=\"-\">\n      <\/div>\n      <div class=\"title-overlay fill\"><\/div>\n    <\/div>\n    \n    <div class=\"page-title-inner container align-center flex-row medium-flex-wrap\" >\n              <div class=\"title-wrapper is-small flex-col text-left medium-text-center\">\n          <h1 class=\"entry-title mb-0\">\n            Ribi\u010dki vikendi uz Kupu          <\/h1>\n        <\/div>\n                    <div class=\"title-content flex-col flex-right text-right medium-text-center\">\n        <div class=\"title-breadcrumbs pb-half pt-half\"><\/div>      <\/div>\n    <\/div>\n\n     \n<style>\n#page-header-1945784986 .page-title-inner {\n  min-height: 155px;\n}\n#page-header-1945784986 .title-bg {\n  background-image: url(https:\/\/tzp-kupa.hr\/hr\/wp-content\/uploads\/2024\/02\/ozalj-dvorac.jpg);\n  background-position: 22% 13%;\n}\n<\/style>\n  <\/div>\n    <\/div>\n  \n\t<section class=\"section\" id=\"section_225074087\">\n\t\t<div class=\"bg section-bg fill bg-fill  bg-loaded\" >\n\n\t\t\t\n\t\t\t<div class=\"section-bg-overlay absolute fill\"><\/div>\n\t\t\t\n\n\t\t<\/div>\n\n\t\t\n\n\t\t<div class=\"section-content relative\">\n\t\t\t\n\t<div id=\"gap-1276431215\" class=\"gap-element clearfix\" style=\"display:block; height:auto;\">\n\t\t\n<style>\n#gap-1276431215 {\n  padding-top: 66px;\n}\n<\/style>\n\t<\/div>\n\t\n<div class=\"row\"  id=\"row-320659107\">\n\n\t<div id=\"col-740590648\" class=\"col medium-6 small-12 large-6\"  >\n\t\t\t\t<div class=\"col-inner\"  >\n\t\t\t\n\t\t\t\n<h3>MANIFESTACIJE: RIBI\u010cKI VIKENDI UZ KUPU<\/h3>\n<p>Manifestacija se odr\u017eava uz pomo\u0107 lokalnih ribolovnih dru\u0161tava a cilj im je da se posjetitelji \u0161to vi\u0161e pove\u017eu s rijekom Kupom i njenim\u00a0 zanimljivostima. U sklopu manifestacije priprema se i tradicionalni fi\u0161 koje se nakon pripreme podjeli posjetiteljima.\u00a0<\/p>\n\t\t<\/div>\n\t\t\t\t\t<\/div>\n\n\t\n\n\t<div id=\"col-173669043\" class=\"col medium-6 small-12 large-6\"  >\n\t\t\t\t<div class=\"col-inner\"  >\n\t\t\t\n\t\t\t\n\t<div class=\"img has-hover x md-x lg-x y md-y lg-y\" id=\"image_1816907432\">\n\t\t\t\t\t\t\t\t<div class=\"img-inner dark\" >\n\t\t\t<img loading=\"lazy\" decoding=\"async\" width=\"900\" height=\"600\" src=\"https:\/\/tzp-kupa.hr\/hr\/wp-content\/uploads\/2022\/02\/ilustracije-ozalj-05-1.jpg\" class=\"attachment-large size-large\" alt=\"\" srcset=\"https:\/\/tzp-kupa.hr\/hr\/wp-content\/uploads\/2022\/02\/ilustracije-ozalj-05-1.jpg 900w, https:\/\/tzp-kupa.hr\/hr\/wp-content\/uploads\/2022\/02\/ilustracije-ozalj-05-1-600x400.jpg 600w, https:\/\/tzp-kupa.hr\/hr\/wp-content\/uploads\/2022\/02\/ilustracije-ozalj-05-1-768x512.jpg 768w\" sizes=\"(max-width: 900px) 100vw, 900px\" \/>\t\t\t\t\t\t\n\t\t\t\t\t<\/div>\n\t\t\t\t\t\t\t\t\n<style>\n#image_1816907432 {\n  width: 100%;\n}\n<\/style>\n\t<\/div>\n\t\n\t\t<\/div>\n\t\t\t\t\t<\/div>\n\n\t\n<\/div>\n\t\t<\/div>\n\n\t\t\n<style>\n#section_225074087 {\n  padding-top: 0px;\n  padding-bottom: 0px;\n  background-color: rgb(243, 243, 243);\n}\n#section_225074087 .section-bg-overlay {\n  background-color: rgba(255, 255, 255, 0.9);\n}\n<\/style>\n\t<\/section>\n\t\n<div class=\"row row-collapse\"  id=\"row-194996558\">\n\n\n\t<div id=\"col-634054996\" class=\"col small-12 large-12\"  >\n\t\t\t\t<div class=\"col-inner\"  >\n\t\t\t\n\t\t\t\n\n<div class=\"row row-large\"  id=\"row-9876112\">\n\n\n\t<div id=\"col-1379612737\" class=\"col medium-6 small-12 large-6\"  >\n\t\t\t\t<div class=\"col-inner\"  >\n\t\t\t\n\t\t\t\n\n<div class=\"row\"  id=\"row-1639329901\">\n\n\n\t<div id=\"col-969779769\" class=\"col medium-6 small-12 large-6\"  >\n\t\t\t\t<div class=\"col-inner\"  >\n\t\t\t\n\t\t\t\n\n\t<div class=\"ux-menu stack stack-col justify-start ux-menu--divider-solid\">\n\t\t\n\n\t<div class=\"ux-menu-link flex menu-item\">\n\t\t<a class=\"ux-menu-link__link flex\" href=\"https:\/\/tzp-kupa.hr\/hr\/strudlafest\/\" >\n\t\t\t<i class=\"ux-menu-link__icon text-center icon-angle-right\" ><\/i>\t\t\t<span class=\"ux-menu-link__text\">\n\t\t\t\t\u0160trudlaFest\t\t\t<\/span>\n\t\t<\/a>\n\t<\/div>\n\t\n\n\t<div class=\"ux-menu-link flex menu-item\">\n\t\t<a class=\"ux-menu-link__link flex\" href=\"https:\/\/tzp-kupa.hr\/hr\/dnevni-boravak-na-kupi\/\" >\n\t\t\t<i class=\"ux-menu-link__icon text-center icon-angle-right\" ><\/i>\t\t\t<span class=\"ux-menu-link__text\">\n\t\t\t\tDnevni boravak na Kupi\t\t\t<\/span>\n\t\t<\/a>\n\t<\/div>\n\t\n\n\t<div class=\"ux-menu-link flex menu-item\">\n\t\t<a class=\"ux-menu-link__link flex\" href=\"https:\/\/tzp-kupa.hr\/hr\/festival-dok\/\" >\n\t\t\t<i class=\"ux-menu-link__icon text-center icon-angle-right\" ><\/i>\t\t\t<span class=\"ux-menu-link__text\">\n\t\t\t\tFestival DOK\t\t\t<\/span>\n\t\t<\/a>\n\t<\/div>\n\t\n\n\n\t<\/div>\n\t\n\n\t\t<\/div>\n\t\t\t\t\t<\/div>\n\n\t\n\n\t<div id=\"col-222422455\" class=\"col medium-6 small-12 large-6\"  >\n\t\t\t\t<div class=\"col-inner\"  >\n\t\t\t\n\t\t\t\n\n\t<div class=\"ux-menu stack stack-col justify-start ux-menu--divider-solid\">\n\t\t\n\n\t<div class=\"ux-menu-link flex menu-item\">\n\t\t<a class=\"ux-menu-link__link flex\" href=\"https:\/\/tzp-kupa.hr\/hr\/medunarodna-izlozba-cipke-ozalj-manifestacije\/\" >\n\t\t\t<i class=\"ux-menu-link__icon text-center icon-angle-right\" ><\/i>\t\t\t<span class=\"ux-menu-link__text\">\n\t\t\t\tMe\u0111unarodna izlo\u017eba \u010dipke Ozalj\t\t\t<\/span>\n\t\t<\/a>\n\t<\/div>\n\t\n\n\t<div class=\"ux-menu-link flex menu-item\">\n\t\t<a class=\"ux-menu-link__link flex\" href=\"https:\/\/tzp-kupa.hr\/hr\/dani-vina-vivodina\/\" >\n\t\t\t<i class=\"ux-menu-link__icon text-center icon-angle-right\" ><\/i>\t\t\t<span class=\"ux-menu-link__text\">\n\t\t\t\tDani vina Vivodina\t\t\t<\/span>\n\t\t<\/a>\n\t<\/div>\n\t\n\n\t<div class=\"ux-menu-link flex menu-item\">\n\t\t<a class=\"ux-menu-link__link flex\" href=\"https:\/\/tzp-kupa.hr\/hr\/stare-seoske-igre-vrhovac\/\" >\n\t\t\t<i class=\"ux-menu-link__icon text-center icon-angle-right\" ><\/i>\t\t\t<span class=\"ux-menu-link__text\">\n\t\t\t\tStare seoske igre Vrhovac\t\t\t<\/span>\n\t\t<\/a>\n\t<\/div>\n\t\n\n\n\t<\/div>\n\t\n\n\t\t<\/div>\n\t\t\t\t\t<\/div>\n\n\t\n\n<\/div>\n\n\t\t<\/div>\n\t\t\t\t\t<\/div>\n\n\t\n\n\t<div id=\"col-1629869868\" class=\"col medium-6 small-12 large-6\"  >\n\t\t\t\t<div class=\"col-inner\"  >\n\t\t\t\n\t\t\t\n\n<div class=\"row\"  id=\"row-307866782\">\n\n\n\t<div id=\"col-589941005\" class=\"col medium-6 small-12 large-6\"  >\n\t\t\t\t<div class=\"col-inner\"  >\n\t\t\t\n\t\t\t\n\n\t<div class=\"ux-menu stack stack-col justify-start ux-menu--divider-solid\">\n\t\t\n\n\t<div class=\"ux-menu-link flex menu-item\">\n\t\t<a class=\"ux-menu-link__link flex\" href=\"https:\/\/tzp-kupa.hr\/hr\/spust-po-kupi-pravutina\/\" >\n\t\t\t<i class=\"ux-menu-link__icon text-center icon-angle-right\" ><\/i>\t\t\t<span class=\"ux-menu-link__text\">\n\t\t\t\tSpust po Kupi Pravutina\t\t\t<\/span>\n\t\t<\/a>\n\t<\/div>\n\t\n\n\t<div class=\"ux-menu-link flex menu-item\">\n\t\t<a class=\"ux-menu-link__link flex\" href=\"https:\/\/tzp-kupa.hr\/hr\/via-ribnik\/\" >\n\t\t\t<i class=\"ux-menu-link__icon text-center icon-angle-right\" ><\/i>\t\t\t<span class=\"ux-menu-link__text\">\n\t\t\t\tVia Ribnik\t\t\t<\/span>\n\t\t<\/a>\n\t<\/div>\n\t\n\n\t<div class=\"ux-menu-link flex menu-item\">\n\t\t<a class=\"ux-menu-link__link flex\" href=\"https:\/\/tzp-kupa.hr\/hr\/advent-uz-kupu\/\" >\n\t\t\t<i class=\"ux-menu-link__icon text-center icon-angle-right\" ><\/i>\t\t\t<span class=\"ux-menu-link__text\">\n\t\t\t\tAdvent uz Kupu\t\t\t<\/span>\n\t\t<\/a>\n\t<\/div>\n\t\n\n\n\t<\/div>\n\t\n\n\t\t<\/div>\n\t\t\t\t\t<\/div>\n\n\t\n\n\t<div id=\"col-1400945911\" class=\"col medium-6 small-12 large-6\"  >\n\t\t\t\t<div class=\"col-inner\"  >\n\t\t\t\n\t\t\t\n\n\t<div class=\"ux-menu stack stack-col justify-start ux-menu--divider-solid\">\n\t\t\n\n\t<div class=\"ux-menu-link flex menu-item\">\n\t\t<a class=\"ux-menu-link__link flex\" href=\"https:\/\/tzp-kupa.hr\/hr\/ribicki-vikendi-uz-kupu\/\" >\n\t\t\t<i class=\"ux-menu-link__icon text-center icon-angle-right\" ><\/i>\t\t\t<span class=\"ux-menu-link__text\">\n\t\t\t\tRibi\u010dki vikendi uz Kupu\t\t\t<\/span>\n\t\t<\/a>\n\t<\/div>\n\t\n\n\t<div class=\"ux-menu-link flex menu-item\">\n\t\t<a class=\"ux-menu-link__link flex\" href=\"https:\/\/tzp-kupa.hr\/hr\/winewalk\/\" >\n\t\t\t<i class=\"ux-menu-link__icon text-center icon-angle-right\" ><\/i>\t\t\t<span class=\"ux-menu-link__text\">\n\t\t\t\tWine&amp;Walk\t\t\t<\/span>\n\t\t<\/a>\n\t<\/div>\n\t\n\n\n\t<\/div>\n\t\n\n\t\t<\/div>\n\t\t\t\t\t<\/div>\n\n\t\n\n<\/div>\n\n\t\t<\/div>\n\t\t\t\t\t<\/div>\n\n\t\n\n<\/div>\n\n\t\t<\/div>\n\t\t\t\t\n<style>\n#col-634054996 > .col-inner {\n  padding: 60px 0px 0px 0px;\n}\n<\/style>\n\t<\/div>\n\n\t\n\n<\/div>\n\t<section class=\"section dark\" id=\"section_1535966773\">\n\t\t<div class=\"bg section-bg fill bg-fill  bg-loaded\" >\n\n\t\t\t\n\t\t\t\n\t\t\t\n\n\t\t<\/div>\n\n\t\t\n\n\t\t<div class=\"section-content relative\">\n\t\t\t\n\n\t<div id=\"gap-1480921298\" class=\"gap-element clearfix\" style=\"display:block; height:auto;\">\n\t\t\n<style>\n#gap-1480921298 {\n  padding-top: 17px;\n}\n<\/style>\n\t<\/div>\n\t\n\n<div class=\"row align-center\"  id=\"row-253994170\">\n\n\n\t<div id=\"col-1067753457\" class=\"col small-12 large-12\"  >\n\t\t\t\t<div class=\"col-inner text-center\"  >\n\t\t\t\n\t\t\t\n\n\t<div id=\"text-572080414\" class=\"text\">\n\t\t\n\n<p><img loading=\"lazy\" decoding=\"async\" class=\"aligncenter size-full wp-image-37518\" src=\"https:\/\/tzp-kupa.hr\/hr\/wp-content\/uploads\/2022\/02\/kupa-small.png\" alt=\"\" width=\"50\" height=\"24\" \/>2026 \u00a9 Turisti\u010dka zajednica podru\u010dja Kupa, Kurilovac 1, 47280 Ozalj, HR Hrvatska<br \/>Radni dan: 7:00 \u2013 15:00, Subota, nedelja: neradno, Praznici i blagdani neradni<br \/><a href=\"#\"><u>Politika privatnosti<\/u><\/a>\u00a0 <a href=\"#\"><u>Za\u0161tita privatnosti<\/u><\/a>\u00a0 <a href=\"#\"><u>Kori\u0161tenje kola\u010di\u0107a<\/u><\/a><\/p>\n\t\t\n<style>\n#text-572080414 {\n  font-size: 0.8rem;\n  color: rgb(119, 119, 119);\n}\n#text-572080414 > * {\n  color: rgb(119, 119, 119);\n}\n<\/style>\n\t<\/div>\n\t\n\n\t\t<\/div>\n\t\t\t\t\n<style>\n#col-1067753457 > .col-inner {\n  margin: 0px 0px -35px 0px;\n}\n<\/style>\n\t<\/div>\n\n\t\n\n\n<style>\n#row-253994170 > .col > .col-inner {\n  padding: 0px 00pxpx 0px 0px;\n}\n<\/style>\n<\/div>\n<div class=\"social-icons follow-icons full-width text-center\" style=\"font-size:70%\"><a href=\"https:\/\/www.facebook.com\/visitkupa\" target=\"_blank\" data-label=\"Facebook\" class=\"icon primary button circle facebook tooltip\" title=\"Follow on Facebook\" aria-label=\"Follow on Facebook\" rel=\"noopener nofollow\" ><i class=\"icon-facebook\" ><\/i><\/a><a href=\"https:\/\/www.instagram.com\/visitkupa\/\" target=\"_blank\" data-label=\"Instagram\" class=\"icon primary button circle instagram tooltip\" title=\"Follow on Instagram\" aria-label=\"Follow on Instagram\" rel=\"noopener nofollow\" ><i class=\"icon-instagram\" ><\/i><\/a><a href=\"https:\/\/www.tiktok.com\/@tzpkupa\" target=\"_blank\" data-label=\"TikTok\" class=\"icon primary button circle tiktok tooltip\" title=\"Follow on TikTok\" aria-label=\"Follow on TikTok\" rel=\"noopener nofollow\" ><i class=\"icon-tiktok\" ><\/i><\/a><a href=\"mailto:info@tzp-kupa.hr\" data-label=\"E-mail\" target=\"_blank\" class=\"icon primary button circle email tooltip\" title=\"Send us an email\" aria-label=\"Send us an email\" rel=\"nofollow noopener\" ><i class=\"icon-envelop\" ><\/i><\/a><a href=\"https:\/\/www.youtube.com\/channel\/UCUVM_qtiDdwNCWHzjzkmb-A\/videos\" data-label=\"YouTube\" target=\"_blank\" class=\"icon primary button circle youtube tooltip\" title=\"Follow on YouTube\" aria-label=\"Follow on YouTube\" rel=\"noopener nofollow\" ><i class=\"icon-youtube\" ><\/i><\/a><\/div>\n\n\t<div id=\"gap-345541334\" class=\"gap-element clearfix\" style=\"display:block; height:auto;\">\n\t\t\n<style>\n#gap-345541334 {\n  padding-top: 3px;\n}\n<\/style>\n\t<\/div>\n\t\n\n\n\t\t<\/div>\n\n\t\t\n<style>\n#section_1535966773 {\n  padding-top: 30px;\n  padding-bottom: 30px;\n  background-color: rgb(255,255,255);\n}\n@media (min-width:550px) {\n  #section_1535966773 {\n    padding-top: 1px;\n    padding-bottom: 1px;\n  }\n}\n<\/style>\n\t<\/section>\n\t\n","protected":false},"excerpt":{"rendered":"","protected":false},"author":1,"featured_media":0,"parent":0,"menu_order":0,"comment_status":"closed","ping_status":"closed","template":"page-transparent-header-light.php","meta":{"_monsterinsights_skip_tracking":false,"_monsterinsights_sitenote_active":false,"_monsterinsights_sitenote_note":"","_monsterinsights_sitenote_category":0,"footnotes":"","_links_to":"","_links_to_target":""},"_links":{"self":[{"href":"https:\/\/tzp-kupa.hr\/hr\/wp-json\/wp\/v2\/pages\/34241"}],"collection":[{"href":"https:\/\/tzp-kupa.hr\/hr\/wp-json\/wp\/v2\/pages"}],"about":[{"href":"https:\/\/tzp-kupa.hr\/hr\/wp-json\/wp\/v2\/types\/page"}],"author":[{"embeddable":true,"href":"https:\/\/tzp-kupa.hr\/hr\/wp-json\/wp\/v2\/users\/1"}],"replies":[{"embeddable":true,"href":"https:\/\/tzp-kupa.hr\/hr\/wp-json\/wp\/v2\/comments?post=34241"}],"version-history":[{"count":1,"href":"https:\/\/tzp-kupa.hr\/hr\/wp-json\/wp\/v2\/pages\/34241\/revisions"}],"predecessor-version":[{"id":37789,"href":"https:\/\/tzp-kupa.hr\/hr\/wp-json\/wp\/v2\/pages\/34241\/revisions\/37789"}],"wp:attachment":[{"href":"https:\/\/tzp-kupa.hr\/hr\/wp-json\/wp\/v2\/media?parent=34241"}],"curies":[{"name":"wp","href":"https:\/\/api.w.org\/{rel}","templated":true}]}}