{"id":34032,"date":"2022-02-20T13:28:42","date_gmt":"2022-02-20T13:28:42","guid":{"rendered":"https:\/\/tzp-kupa.hr\/hr\/?page_id=34032"},"modified":"2024-03-07T16:38:24","modified_gmt":"2024-03-07T15:38:24","slug":"sakralna-bastina","status":"publish","type":"page","link":"https:\/\/tzp-kupa.hr\/hr\/sakralna-bastina\/","title":{"rendered":"Sakralna ba\u0161tina"},"content":{"rendered":"  <div id=\"page-header-2107951043\" class=\"page-header-wrapper\">\n  <div class=\"page-title dark featured-title\">\n\n        <div class=\"page-title-bg\">\n      <div class=\"title-bg fill bg-fill\"\n        data-parallax-container=\".page-title\"\n        data-parallax-background\n        data-parallax=\"-\">\n      <\/div>\n      <div class=\"title-overlay fill\"><\/div>\n    <\/div>\n    \n    <div class=\"page-title-inner container align-center flex-row medium-flex-wrap\" >\n              <div class=\"title-wrapper is-small flex-col text-left medium-text-center\">\n          <h1 class=\"entry-title mb-0\">\n            Sakralna ba\u0161tina          <\/h1>\n        <\/div>\n                    <div class=\"title-content flex-col flex-right text-right medium-text-center\">\n        <div class=\"title-breadcrumbs pb-half pt-half\"><\/div>      <\/div>\n    <\/div>\n\n     \n<style>\n#page-header-2107951043 .page-title-inner {\n  min-height: 155px;\n}\n#page-header-2107951043 .title-bg {\n  background-image: url(https:\/\/tzp-kupa.hr\/hr\/wp-content\/uploads\/2024\/02\/ozalj-dvorac.jpg);\n  background-position: 22% 13%;\n}\n<\/style>\n  <\/div>\n    <\/div>\n  \n\t<div id=\"gap-960033344\" class=\"gap-element clearfix\" style=\"display:block; height:auto;\">\n\t\t\n<style>\n#gap-960033344 {\n  padding-top: 66px;\n}\n<\/style>\n\t<\/div>\n\t\n\t<section class=\"section\" id=\"section_1695788245\">\n\t\t<div class=\"bg section-bg fill bg-fill  bg-loaded\" >\n\n\t\t\t\n\t\t\t\n\t\t\t\n\n\t\t<\/div>\n\n\t\t\n\n\t\t<div class=\"section-content relative\">\n\t\t\t\n<div class=\"row\"  id=\"row-1145013959\">\n\n\t<div id=\"col-1828975800\" class=\"col small-12 large-12\"  >\n\t\t\t\t<div class=\"col-inner\"  >\n\t\t\t\n\t\t\t\n\t<div id=\"text-3439969184\" class=\"text\">\n\t\t\n<h1>Sakralna ba\u0161tina<\/h2>\n\t\t\n<style>\n#text-3439969184 {\n  font-size: 1.3rem;\n  color: #41b69e;\n}\n#text-3439969184 > * {\n  color: #41b69e;\n}\n<\/style>\n\t<\/div>\n\t\n\t\t<\/div>\n\t\t\t\t\n<style>\n#col-1828975800 > .col-inner {\n  margin: 0px 0px -22px 0px;\n}\n<\/style>\n\t<\/div>\n\n\t\n<\/div>\n<div class=\"row\"  id=\"row-692675794\">\n\n\t<div id=\"col-2140253093\" class=\"col small-12 large-12\"  >\n\t\t\t\t<div class=\"col-inner\"  >\n\t\t\t\n\t<div class=\"is-border\"\n\t\tstyle=\"border-color:rgb(65, 182, 158);border-radius:15px;border-width:4px 4px 4px 4px;\">\n\t<\/div>\n\t\t\t\n<div class=\"row\"  id=\"row-1567376720\">\n\n\t<div id=\"col-1505566668\" class=\"col medium-4 small-12 large-4\"  >\n\t\t\t\t<div class=\"col-inner\" style=\"background-color:rgb(236, 233, 228);\" >\n\t\t\t\n\t\t\t\n\t<div class=\"box has-hover   has-hover box-overlay dark box-text-bottom\" >\n\n\t\t<div class=\"box-image\" style=\"border-radius:5%;\">\n\t\t\t\t\t\t<div class=\"image-overlay-add image-cover\" style=\"padding-top:58%;\">\n\t\t\t\t<img loading=\"lazy\" decoding=\"async\" width=\"900\" height=\"600\" src=\"https:\/\/tzp-kupa.hr\/hr\/wp-content\/uploads\/2024\/03\/crkva-sv-vida-ozalj-06-1.jpg\" class=\"attachment- size-\" alt=\"\" srcset=\"https:\/\/tzp-kupa.hr\/hr\/wp-content\/uploads\/2024\/03\/crkva-sv-vida-ozalj-06-1.jpg 900w, https:\/\/tzp-kupa.hr\/hr\/wp-content\/uploads\/2024\/03\/crkva-sv-vida-ozalj-06-1-600x400.jpg 600w, https:\/\/tzp-kupa.hr\/hr\/wp-content\/uploads\/2024\/03\/crkva-sv-vida-ozalj-06-1-768x512.jpg 768w\" sizes=\"(max-width: 900px) 100vw, 900px\" \/>\t\t\t\t<div class=\"overlay\" style=\"background-color:rgba(28, 28, 28, 0.5)\"><\/div>\t\t\t\t\t\t\t<\/div>\n\t\t\t\t\t<\/div>\n\n\t\t<div class=\"box-text show-on-hover hover-slide text-left\" style=\"padding:20px 20px 20px 20px;\">\n\t\t\t<div class=\"box-text-inner\">\n\t\t\t\t\n\t\t\t<\/div>\n\t\t<\/div>\n\t<\/div>\n\t\n\t<div id=\"gap-1817466058\" class=\"gap-element clearfix\" style=\"display:block; height:auto;\">\n\t\t\n<style>\n#gap-1817466058 {\n  padding-top: 30px;\n}\n<\/style>\n\t<\/div>\n\t\n<h4>\nCrkva sv.vida Ozalj<\/h4>\n<p><a href=\"https:\/\/tzp-kupa.hr\/hr\/crkva-svetog-vida-ozalj\/\">Detaljnije<\/a><\/p>\n\t<div id=\"gap-396313014\" class=\"gap-element clearfix\" style=\"display:block; height:auto;\">\n\t\t\n<style>\n#gap-396313014 {\n  padding-top: 4px;\n}\n<\/style>\n\t<\/div>\n\t\n\t\t<\/div>\n\t\t\t\t\n<style>\n#col-1505566668 > .col-inner {\n  padding: 39px 29px 26px 30px;\n  border-radius: 24px;\n}\n<\/style>\n\t<\/div>\n\n\t\n\n\t<div id=\"col-971020384\" class=\"col medium-4 small-12 large-4\"  >\n\t\t\t\t<div class=\"col-inner\" style=\"background-color:rgb(236, 233, 228);\" >\n\t\t\t\n\t\t\t\n\t<div class=\"box has-hover   has-hover box-overlay dark box-text-bottom\" >\n\n\t\t<div class=\"box-image\" style=\"border-radius:5%;\">\n\t\t\t\t\t\t<div class=\"image-overlay-add image-cover\" style=\"padding-top:58%;\">\n\t\t\t\t<img loading=\"lazy\" decoding=\"async\" width=\"900\" height=\"600\" src=\"https:\/\/tzp-kupa.hr\/hr\/wp-content\/uploads\/2024\/03\/crkva-sv-lovre-vivodine-ozalj-06-1.jpg\" class=\"attachment- size-\" alt=\"\" srcset=\"https:\/\/tzp-kupa.hr\/hr\/wp-content\/uploads\/2024\/03\/crkva-sv-lovre-vivodine-ozalj-06-1.jpg 900w, https:\/\/tzp-kupa.hr\/hr\/wp-content\/uploads\/2024\/03\/crkva-sv-lovre-vivodine-ozalj-06-1-600x400.jpg 600w, https:\/\/tzp-kupa.hr\/hr\/wp-content\/uploads\/2024\/03\/crkva-sv-lovre-vivodine-ozalj-06-1-768x512.jpg 768w\" sizes=\"(max-width: 900px) 100vw, 900px\" \/>\t\t\t\t<div class=\"overlay\" style=\"background-color:rgba(28, 28, 28, 0.5)\"><\/div>\t\t\t\t\t\t\t<\/div>\n\t\t\t\t\t<\/div>\n\n\t\t<div class=\"box-text show-on-hover hover-slide text-left\" style=\"padding:20px 20px 20px 20px;\">\n\t\t\t<div class=\"box-text-inner\">\n\t\t\t\t\n\t\t\t<\/div>\n\t\t<\/div>\n\t<\/div>\n\t\n\t<div id=\"gap-951344203\" class=\"gap-element clearfix\" style=\"display:block; height:auto;\">\n\t\t\n<style>\n#gap-951344203 {\n  padding-top: 30px;\n}\n<\/style>\n\t<\/div>\n\t\n<h4>Crkva sv.Lovre Vivodina<\/h4>\n<p><a href=\"https:\/\/tzp-kupa.hr\/hr\/crkva-sv-lovre-vivodina\/\">Detaljnije<\/a><\/p>\n\t<div id=\"gap-247319384\" class=\"gap-element clearfix\" style=\"display:block; height:auto;\">\n\t\t\n<style>\n#gap-247319384 {\n  padding-top: 4px;\n}\n<\/style>\n\t<\/div>\n\t\n\t\t<\/div>\n\t\t\t\t\n<style>\n#col-971020384 > .col-inner {\n  padding: 39px 29px 26px 30px;\n  border-radius: 24px;\n}\n<\/style>\n\t<\/div>\n\n\t\n\n\t<div id=\"col-1537162593\" class=\"col medium-4 small-12 large-4\"  >\n\t\t\t\t<div class=\"col-inner\" style=\"background-color:rgb(236, 233, 228);\" >\n\t\t\t\n\t\t\t\n\t<div class=\"box has-hover   has-hover box-overlay dark box-text-bottom\" >\n\n\t\t<div class=\"box-image\" style=\"border-radius:5%;\">\n\t\t\t\t\t\t<div class=\"image-overlay-add image-cover\" style=\"padding-top:58%;\">\n\t\t\t\t<img loading=\"lazy\" decoding=\"async\" width=\"900\" height=\"600\" src=\"https:\/\/tzp-kupa.hr\/hr\/wp-content\/uploads\/2024\/03\/pavlinski-samostan-ozalj-01-1.jpg\" class=\"attachment- size-\" alt=\"\" srcset=\"https:\/\/tzp-kupa.hr\/hr\/wp-content\/uploads\/2024\/03\/pavlinski-samostan-ozalj-01-1.jpg 900w, https:\/\/tzp-kupa.hr\/hr\/wp-content\/uploads\/2024\/03\/pavlinski-samostan-ozalj-01-1-600x400.jpg 600w, https:\/\/tzp-kupa.hr\/hr\/wp-content\/uploads\/2024\/03\/pavlinski-samostan-ozalj-01-1-768x512.jpg 768w\" sizes=\"(max-width: 900px) 100vw, 900px\" \/>\t\t\t\t<div class=\"overlay\" style=\"background-color:rgba(28, 28, 28, 0.5)\"><\/div>\t\t\t\t\t\t\t<\/div>\n\t\t\t\t\t<\/div>\n\n\t\t<div class=\"box-text show-on-hover hover-slide text-left\" style=\"padding:20px 20px 20px 20px;\">\n\t\t\t<div class=\"box-text-inner\">\n\t\t\t\t\n\t\t\t<\/div>\n\t\t<\/div>\n\t<\/div>\n\t\n\t<div id=\"gap-1239669823\" class=\"gap-element clearfix\" style=\"display:block; height:auto;\">\n\t\t\n<style>\n#gap-1239669823 {\n  padding-top: 30px;\n}\n<\/style>\n\t<\/div>\n\t\n<h4>Pavlinski samostan Svetice<\/h4>\n<p><a href=\"https:\/\/tzp-kupa.hr\/hr\/pavlinski-samostan-svetice\/\">Detaljnije<\/a><\/p>\n\t<div id=\"gap-295597659\" class=\"gap-element clearfix\" style=\"display:block; height:auto;\">\n\t\t\n<style>\n#gap-295597659 {\n  padding-top: 4px;\n}\n<\/style>\n\t<\/div>\n\t\n\t\t<\/div>\n\t\t\t\t\n<style>\n#col-1537162593 > .col-inner {\n  padding: 39px 29px 26px 30px;\n  border-radius: 24px;\n}\n<\/style>\n\t<\/div>\n\n\t\n\n\t<div id=\"col-310216671\" class=\"col medium-4 small-12 large-4\"  >\n\t\t\t\t<div class=\"col-inner\" style=\"background-color:rgb(236, 233, 228);\" >\n\t\t\t\n\t\t\t\n\t<div class=\"box has-hover   has-hover box-overlay dark box-text-bottom\" >\n\n\t\t<div class=\"box-image\" style=\"border-radius:5%;\">\n\t\t\t\t\t\t<div class=\"image-overlay-add image-cover\" style=\"padding-top:58%;\">\n\t\t\t\t<img loading=\"lazy\" decoding=\"async\" width=\"900\" height=\"600\" src=\"https:\/\/tzp-kupa.hr\/hr\/wp-content\/uploads\/2024\/03\/crkva-sveta-marija.jpg\" class=\"attachment- size-\" alt=\"\" srcset=\"https:\/\/tzp-kupa.hr\/hr\/wp-content\/uploads\/2024\/03\/crkva-sveta-marija.jpg 900w, https:\/\/tzp-kupa.hr\/hr\/wp-content\/uploads\/2024\/03\/crkva-sveta-marija-600x400.jpg 600w, https:\/\/tzp-kupa.hr\/hr\/wp-content\/uploads\/2024\/03\/crkva-sveta-marija-768x512.jpg 768w\" sizes=\"(max-width: 900px) 100vw, 900px\" \/>\t\t\t\t<div class=\"overlay\" style=\"background-color:rgba(28, 28, 28, 0.5)\"><\/div>\t\t\t\t\t\t\t<\/div>\n\t\t\t\t\t<\/div>\n\n\t\t<div class=\"box-text show-on-hover hover-slide text-left\" style=\"padding:20px 20px 20px 20px;\">\n\t\t\t<div class=\"box-text-inner\">\n\t\t\t\t\n\t\t\t<\/div>\n\t\t<\/div>\n\t<\/div>\n\t\n\t<div id=\"gap-972921984\" class=\"gap-element clearfix\" style=\"display:block; height:auto;\">\n\t\t\n<style>\n#gap-972921984 {\n  padding-top: 30px;\n}\n<\/style>\n\t<\/div>\n\t\n<h4>Crkva Imena Marijinog Kamanje<\/h4>\n<p><a href=\"https:\/\/tzp-kupa.hr\/hr\/crkva-imena-marijinog-kamanje\/\">Detaljnije<\/a><\/p>\n\t<div id=\"gap-637799975\" class=\"gap-element clearfix\" style=\"display:block; height:auto;\">\n\t\t\n<style>\n#gap-637799975 {\n  padding-top: 4px;\n}\n<\/style>\n\t<\/div>\n\t\n\t\t<\/div>\n\t\t\t\t\n<style>\n#col-310216671 > .col-inner {\n  padding: 39px 29px 26px 30px;\n  border-radius: 24px;\n}\n<\/style>\n\t<\/div>\n\n\t\n\n\t<div id=\"col-139470097\" class=\"col medium-4 small-12 large-4\"  >\n\t\t\t\t<div class=\"col-inner\" style=\"background-color:rgb(236, 233, 228);\" >\n\t\t\t\n\t\t\t\n\t<div class=\"box has-hover   has-hover box-overlay dark box-text-bottom\" >\n\n\t\t<div class=\"box-image\" style=\"border-radius:5%;\">\n\t\t\t\t\t\t<div class=\"image-overlay-add image-cover\" style=\"padding-top:58%;\">\n\t\t\t\t<img loading=\"lazy\" decoding=\"async\" width=\"800\" height=\"447\" src=\"https:\/\/tzp-kupa.hr\/hr\/wp-content\/uploads\/2024\/03\/kapela-sv.-Filipa-i-Jakova-Restovo.jpg\" class=\"attachment- size-\" alt=\"\" srcset=\"https:\/\/tzp-kupa.hr\/hr\/wp-content\/uploads\/2024\/03\/kapela-sv.-Filipa-i-Jakova-Restovo.jpg 800w, https:\/\/tzp-kupa.hr\/hr\/wp-content\/uploads\/2024\/03\/kapela-sv.-Filipa-i-Jakova-Restovo-716x400.jpg 716w, https:\/\/tzp-kupa.hr\/hr\/wp-content\/uploads\/2024\/03\/kapela-sv.-Filipa-i-Jakova-Restovo-768x429.jpg 768w\" sizes=\"(max-width: 800px) 100vw, 800px\" \/>\t\t\t\t<div class=\"overlay\" style=\"background-color:rgba(28, 28, 28, 0.5)\"><\/div>\t\t\t\t\t\t\t<\/div>\n\t\t\t\t\t<\/div>\n\n\t\t<div class=\"box-text show-on-hover hover-slide text-left\" style=\"padding:20px 20px 20px 20px;\">\n\t\t\t<div class=\"box-text-inner\">\n\t\t\t\t\n\t\t\t<\/div>\n\t\t<\/div>\n\t<\/div>\n\t\n\t<div id=\"gap-1145526440\" class=\"gap-element clearfix\" style=\"display:block; height:auto;\">\n\t\t\n<style>\n#gap-1145526440 {\n  padding-top: 30px;\n}\n<\/style>\n\t<\/div>\n\t\n<h4>Kapela Sv.Filipa i Jakova Re\u0161tovo<\/h4>\n<p><a href=\"https:\/\/tzp-kupa.hr\/hr\/kapela-sv-filipa-i-jakova-restovo\/\">Detaljnije<\/a><\/p>\n\t<div id=\"gap-62309525\" class=\"gap-element clearfix\" style=\"display:block; height:auto;\">\n\t\t\n<style>\n#gap-62309525 {\n  padding-top: 4px;\n}\n<\/style>\n\t<\/div>\n\t\n\t\t<\/div>\n\t\t\t\t\n<style>\n#col-139470097 > .col-inner {\n  padding: 39px 29px 26px 30px;\n  border-radius: 24px;\n}\n<\/style>\n\t<\/div>\n\n\t\n\n\t<div id=\"col-1981610644\" class=\"col medium-4 small-12 large-4\"  >\n\t\t\t\t<div class=\"col-inner\" style=\"background-color:rgb(236, 233, 228);\" >\n\t\t\t\n\t\t\t\n\t<div class=\"box has-hover   has-hover box-overlay dark box-text-bottom\" >\n\n\t\t<div class=\"box-image\" style=\"border-radius:5%;\">\n\t\t\t\t\t\t<div class=\"image-overlay-add image-cover\" style=\"padding-top:58%;\">\n\t\t\t\t<img loading=\"lazy\" decoding=\"async\" width=\"800\" height=\"624\" src=\"https:\/\/tzp-kupa.hr\/hr\/wp-content\/uploads\/2024\/03\/sv-ilije-crkva-01.jpg\" class=\"attachment- size-\" alt=\"\" srcset=\"https:\/\/tzp-kupa.hr\/hr\/wp-content\/uploads\/2024\/03\/sv-ilije-crkva-01.jpg 800w, https:\/\/tzp-kupa.hr\/hr\/wp-content\/uploads\/2024\/03\/sv-ilije-crkva-01-513x400.jpg 513w, https:\/\/tzp-kupa.hr\/hr\/wp-content\/uploads\/2024\/03\/sv-ilije-crkva-01-768x599.jpg 768w\" sizes=\"(max-width: 800px) 100vw, 800px\" \/>\t\t\t\t<div class=\"overlay\" style=\"background-color:rgba(28, 28, 28, 0.5)\"><\/div>\t\t\t\t\t\t\t<\/div>\n\t\t\t\t\t<\/div>\n\n\t\t<div class=\"box-text show-on-hover hover-slide text-left\" style=\"padding:20px 20px 20px 20px;\">\n\t\t\t<div class=\"box-text-inner\">\n\t\t\t\t\n\t\t\t<\/div>\n\t\t<\/div>\n\t<\/div>\n\t\n\t<div id=\"gap-1815245354\" class=\"gap-element clearfix\" style=\"display:block; height:auto;\">\n\t\t\n<style>\n#gap-1815245354 {\n  padding-top: 30px;\n}\n<\/style>\n\t<\/div>\n\t\n<h4>\u017dupna crkva sv. Ilije Proroka<\/h4>\n<p><a href=\"https:\/\/tzp-kupa.hr\/hr\/zupna-crkva-sv-ilije-proroka\/\">Detaljnije<\/a><\/p>\n\t<div id=\"gap-940078961\" class=\"gap-element clearfix\" style=\"display:block; height:auto;\">\n\t\t\n<style>\n#gap-940078961 {\n  padding-top: 4px;\n}\n<\/style>\n\t<\/div>\n\t\n\t\t<\/div>\n\t\t\t\t\n<style>\n#col-1981610644 > .col-inner {\n  padding: 39px 29px 26px 30px;\n  border-radius: 24px;\n}\n<\/style>\n\t<\/div>\n\n\t\n\n\t<div id=\"col-326975089\" class=\"col medium-4 small-12 large-4\"  >\n\t\t\t\t<div class=\"col-inner\" style=\"background-color:rgb(236, 233, 228);\" >\n\t\t\t\n\t\t\t\n\t<div class=\"box has-hover   has-hover box-overlay dark box-text-bottom\" >\n\n\t\t<div class=\"box-image\" style=\"border-radius:5%;\">\n\t\t\t\t\t\t<div class=\"image-overlay-add image-cover\" style=\"padding-top:58%;\">\n\t\t\t\t<img loading=\"lazy\" decoding=\"async\" width=\"1024\" height=\"772\" src=\"https:\/\/tzp-kupa.hr\/hr\/wp-content\/uploads\/2024\/03\/zupna-crkva.jpg\" class=\"attachment- size-\" alt=\"\" srcset=\"https:\/\/tzp-kupa.hr\/hr\/wp-content\/uploads\/2024\/03\/zupna-crkva.jpg 1024w, https:\/\/tzp-kupa.hr\/hr\/wp-content\/uploads\/2024\/03\/zupna-crkva-531x400.jpg 531w, https:\/\/tzp-kupa.hr\/hr\/wp-content\/uploads\/2024\/03\/zupna-crkva-768x579.jpg 768w\" sizes=\"(max-width: 1024px) 100vw, 1024px\" \/>\t\t\t\t<div class=\"overlay\" style=\"background-color:rgba(28, 28, 28, 0.5)\"><\/div>\t\t\t\t\t\t\t<\/div>\n\t\t\t\t\t<\/div>\n\n\t\t<div class=\"box-text show-on-hover hover-slide text-left\" style=\"padding:20px 20px 20px 20px;\">\n\t\t\t<div class=\"box-text-inner\">\n\t\t\t\t\n\t\t\t<\/div>\n\t\t<\/div>\n\t<\/div>\n\t\n\t<div id=\"gap-319281384\" class=\"gap-element clearfix\" style=\"display:block; height:auto;\">\n\t\t\n<style>\n#gap-319281384 {\n  padding-top: 30px;\n}\n<\/style>\n\t<\/div>\n\t\n<h4>\u017dupna crkva \u017dakanje<\/h4>\n<p><a href=\"https:\/\/tzp-kupa.hr\/hr\/zupna-crkva-zakanje\/\">Detaljnije<\/a><\/p>\n\t<div id=\"gap-1168070735\" class=\"gap-element clearfix\" style=\"display:block; height:auto;\">\n\t\t\n<style>\n#gap-1168070735 {\n  padding-top: 4px;\n}\n<\/style>\n\t<\/div>\n\t\n\t\t<\/div>\n\t\t\t\t\n<style>\n#col-326975089 > .col-inner {\n  padding: 39px 29px 26px 30px;\n  border-radius: 24px;\n}\n<\/style>\n\t<\/div>\n\n\t\n<\/div>\n\t\t<\/div>\n\t\t\t\t\n<style>\n#col-2140253093 > .col-inner {\n  padding: 19px 19px 0px 19px;\n  border-radius: 24px;\n}\n<\/style>\n\t<\/div>\n\n\t\n<\/div>\n\t\t<\/div>\n\n\t\t\n<style>\n#section_1695788245 {\n  padding-top: 0px;\n  padding-bottom: 0px;\n}\n<\/style>\n\t<\/section>\n\t\n\t<section class=\"section dark\" id=\"section_483512539\">\n\t\t<div class=\"bg section-bg fill bg-fill  bg-loaded\" >\n\n\t\t\t\n\t\t\t\n\t\t\t\n\n\t\t<\/div>\n\n\t\t\n\n\t\t<div class=\"section-content relative\">\n\t\t\t\n\n\t<div id=\"gap-1766122404\" class=\"gap-element clearfix\" style=\"display:block; height:auto;\">\n\t\t\n<style>\n#gap-1766122404 {\n  padding-top: 17px;\n}\n<\/style>\n\t<\/div>\n\t\n\n<div class=\"row align-center\"  id=\"row-195225806\">\n\n\n\t<div id=\"col-1717719062\" class=\"col small-12 large-12\"  >\n\t\t\t\t<div class=\"col-inner text-center\"  >\n\t\t\t\n\t\t\t\n\n\t<div id=\"text-551929945\" class=\"text\">\n\t\t\n\n<p><img loading=\"lazy\" decoding=\"async\" class=\"aligncenter size-full wp-image-37518\" src=\"https:\/\/tzp-kupa.hr\/hr\/wp-content\/uploads\/2022\/02\/kupa-small.png\" alt=\"\" width=\"50\" height=\"24\" \/>2026 \u00a9 Turisti\u010dka zajednica podru\u010dja Kupa, Kurilovac 1, 47280 Ozalj, HR Hrvatska<br \/>Radni dan: 7:00 \u2013 15:00, Subota, nedelja: neradno, Praznici i blagdani neradni<br \/><a href=\"#\"><u>Politika privatnosti<\/u><\/a>\u00a0 <a href=\"#\"><u>Za\u0161tita privatnosti<\/u><\/a>\u00a0 <a href=\"#\"><u>Kori\u0161tenje kola\u010di\u0107a<\/u><\/a><\/p>\n\t\t\n<style>\n#text-551929945 {\n  font-size: 0.8rem;\n  color: rgb(119, 119, 119);\n}\n#text-551929945 > * {\n  color: rgb(119, 119, 119);\n}\n<\/style>\n\t<\/div>\n\t\n\n\t\t<\/div>\n\t\t\t\t\n<style>\n#col-1717719062 > .col-inner {\n  margin: 0px 0px -35px 0px;\n}\n<\/style>\n\t<\/div>\n\n\t\n\n\n<style>\n#row-195225806 > .col > .col-inner {\n  padding: 0px 00pxpx 0px 0px;\n}\n<\/style>\n<\/div>\n<div class=\"social-icons follow-icons full-width text-center\" style=\"font-size:70%\"><a href=\"https:\/\/www.facebook.com\/visitkupa\" target=\"_blank\" data-label=\"Facebook\" class=\"icon primary button circle facebook tooltip\" title=\"Follow on Facebook\" aria-label=\"Follow on Facebook\" rel=\"noopener nofollow\" ><i class=\"icon-facebook\" ><\/i><\/a><a href=\"https:\/\/www.instagram.com\/visitkupa\/\" target=\"_blank\" data-label=\"Instagram\" class=\"icon primary button circle instagram tooltip\" title=\"Follow on Instagram\" aria-label=\"Follow on Instagram\" rel=\"noopener nofollow\" ><i class=\"icon-instagram\" ><\/i><\/a><a href=\"https:\/\/www.tiktok.com\/@tzpkupa\" target=\"_blank\" data-label=\"TikTok\" class=\"icon primary button circle tiktok tooltip\" title=\"Follow on TikTok\" aria-label=\"Follow on TikTok\" rel=\"noopener nofollow\" ><i class=\"icon-tiktok\" ><\/i><\/a><a href=\"mailto:info@tzp-kupa.hr\" data-label=\"E-mail\" target=\"_blank\" class=\"icon primary button circle email tooltip\" title=\"Send us an email\" aria-label=\"Send us an email\" rel=\"nofollow noopener\" ><i class=\"icon-envelop\" ><\/i><\/a><a href=\"https:\/\/www.youtube.com\/channel\/UCUVM_qtiDdwNCWHzjzkmb-A\/videos\" data-label=\"YouTube\" target=\"_blank\" class=\"icon primary button circle youtube tooltip\" title=\"Follow on YouTube\" aria-label=\"Follow on YouTube\" rel=\"noopener nofollow\" ><i class=\"icon-youtube\" ><\/i><\/a><\/div>\n\n\t<div id=\"gap-1252244560\" class=\"gap-element clearfix\" style=\"display:block; height:auto;\">\n\t\t\n<style>\n#gap-1252244560 {\n  padding-top: 3px;\n}\n<\/style>\n\t<\/div>\n\t\n\n\n\t\t<\/div>\n\n\t\t\n<style>\n#section_483512539 {\n  padding-top: 30px;\n  padding-bottom: 30px;\n  background-color: rgb(255,255,255);\n}\n@media (min-width:550px) {\n  #section_483512539 {\n    padding-top: 1px;\n    padding-bottom: 1px;\n  }\n}\n<\/style>\n\t<\/section>\n\t\n","protected":false},"excerpt":{"rendered":"","protected":false},"author":1,"featured_media":0,"parent":0,"menu_order":0,"comment_status":"closed","ping_status":"closed","template":"page-transparent-header-light.php","meta":{"_monsterinsights_skip_tracking":false,"_monsterinsights_sitenote_active":false,"_monsterinsights_sitenote_note":"","_monsterinsights_sitenote_category":0,"footnotes":"","_links_to":"","_links_to_target":""},"_links":{"self":[{"href":"https:\/\/tzp-kupa.hr\/hr\/wp-json\/wp\/v2\/pages\/34032"}],"collection":[{"href":"https:\/\/tzp-kupa.hr\/hr\/wp-json\/wp\/v2\/pages"}],"about":[{"href":"https:\/\/tzp-kupa.hr\/hr\/wp-json\/wp\/v2\/types\/page"}],"author":[{"embeddable":true,"href":"https:\/\/tzp-kupa.hr\/hr\/wp-json\/wp\/v2\/users\/1"}],"replies":[{"embeddable":true,"href":"https:\/\/tzp-kupa.hr\/hr\/wp-json\/wp\/v2\/comments?post=34032"}],"version-history":[{"count":5,"href":"https:\/\/tzp-kupa.hr\/hr\/wp-json\/wp\/v2\/pages\/34032\/revisions"}],"predecessor-version":[{"id":38321,"href":"https:\/\/tzp-kupa.hr\/hr\/wp-json\/wp\/v2\/pages\/34032\/revisions\/38321"}],"wp:attachment":[{"href":"https:\/\/tzp-kupa.hr\/hr\/wp-json\/wp\/v2\/media?parent=34032"}],"curies":[{"name":"wp","href":"https:\/\/api.w.org\/{rel}","templated":true}]}}