{"id":33374,"date":"2022-02-17T17:59:23","date_gmt":"2022-02-17T17:59:23","guid":{"rendered":"https:\/\/tzp-kupa.hr\/hr\/?page_id=33374"},"modified":"2024-02-19T19:53:57","modified_gmt":"2024-02-19T18:53:57","slug":"obiteljsko-gospodarstvo-mirko-vrbanek","status":"publish","type":"page","link":"https:\/\/tzp-kupa.hr\/hr\/obiteljsko-gospodarstvo-mirko-vrbanek\/","title":{"rendered":"Obiteljsko gospodarstvo Mirko Vrbanek"},"content":{"rendered":"  <div id=\"page-header-445347628\" class=\"page-header-wrapper\">\n  <div class=\"page-title dark featured-title\">\n\n        <div class=\"page-title-bg\">\n      <div class=\"title-bg fill bg-fill\"\n        data-parallax-container=\".page-title\"\n        data-parallax-background\n        data-parallax=\"-\">\n      <\/div>\n      <div class=\"title-overlay fill\"><\/div>\n    <\/div>\n    \n    <div class=\"page-title-inner container align-center flex-row medium-flex-wrap\" >\n              <div class=\"title-wrapper is-small flex-col text-left medium-text-center\">\n          <h1 class=\"entry-title mb-0\">\n            Obiteljsko gospodarstvo Mirko Vrbanek          <\/h1>\n        <\/div>\n                    <div class=\"title-content flex-col flex-right text-right medium-text-center\">\n        <div class=\"title-breadcrumbs pb-half pt-half\"><\/div>      <\/div>\n    <\/div>\n\n     \n<style>\n#page-header-445347628 .page-title-inner {\n  min-height: 155px;\n}\n#page-header-445347628 .title-bg {\n  background-image: url(https:\/\/tzp-kupa.hr\/hr\/wp-content\/uploads\/2024\/02\/ozalj-dvorac.jpg);\n  background-position: 22% 13%;\n}\n<\/style>\n  <\/div>\n    <\/div>\n  \n\t<section class=\"section\" id=\"section_758200734\">\n\t\t<div class=\"bg section-bg fill bg-fill  bg-loaded\" >\n\n\t\t\t\n\t\t\t\n\t\t\t\n\n\t\t<\/div>\n\n\t\t\n\n\t\t<div class=\"section-content relative\">\n\t\t\t\n<div class=\"row\"  id=\"row-1751496167\">\n\n\t<div id=\"col-1833086642\" class=\"col small-12 large-12\"  >\n\t\t\t\t<div class=\"col-inner\"  >\n\t\t\t\n\t\t\t\n<p class=\"lead\"><strong>VINARIJA MIRKO VRBANEK, Vivodina 13, 47283 Vivodina<\/strong><\/p>\n<p>+385 (0)47 753 011, +385 (0)98 368 844, <a href=\"mailto:kvrbanek@gmail.com\">kvrbanek@gmail.com<\/a>, <a href=\"mailto:vrbanek.josip@gmail.com\">vrbanek.josip@gmail.com<\/a>, <a href=\"https:\/\/goo.gl\/maps\/vDQfyzNu1pCKkjF58\" target=\"_blank\" rel=\"noopener\">Google mapa<\/a><\/p>\n\t\t<\/div>\n\t\t\t\t\n<style>\n#col-1833086642 > .col-inner {\n  margin: 0px 0px -33px 0px;\n}\n<\/style>\n\t<\/div>\n\n\t\n<\/div>\n\t\t<\/div>\n\n\t\t\n<style>\n#section_758200734 {\n  padding-top: 30px;\n  padding-bottom: 30px;\n}\n<\/style>\n\t<\/section>\n\t\n\t<section class=\"section\" id=\"section_2031166273\">\n\t\t<div class=\"bg section-bg fill bg-fill  bg-loaded\" >\n\n\t\t\t\n\t\t\t<div class=\"section-bg-overlay absolute fill\"><\/div>\n\t\t\t\n\n\t\t<\/div>\n\n\t\t\n\n\t\t<div class=\"section-content relative\">\n\t\t\t\n<div class=\"row\"  id=\"row-1417713045\">\n\n\t<div id=\"col-1593506663\" class=\"col medium-6 small-12 large-6\"  >\n\t\t\t\t<div class=\"col-inner\"  >\n\t\t\t\n\t\t\t\n<p>Proizvodnja vina na ovom obiteljskom gospodarstvu temelji se na tradiciji, iskustvu i primjeni najmodernije tehnologije. Posjetite moderni podrum u srcu Vivodine&#8230;<\/p>\n\t\t<\/div>\n\t\t\t\t\t<\/div>\n\n\t\n\n\t<div id=\"col-1266104041\" class=\"col medium-6 small-12 large-6\"  >\n\t\t\t\t<div class=\"col-inner\"  >\n\t\t\t\n\t\t\t\n\t<div class=\"img has-hover x md-x lg-x y md-y lg-y\" id=\"image_2084163377\">\n\t\t\t\t\t\t\t\t<div class=\"img-inner dark\" >\n\t\t\t<img loading=\"lazy\" decoding=\"async\" width=\"1020\" height=\"681\" src=\"https:\/\/tzp-kupa.hr\/hr\/wp-content\/uploads\/2022\/02\/442-SF1_7810-copy-1-1199x800.jpg\" class=\"attachment-large size-large\" alt=\"\" srcset=\"https:\/\/tzp-kupa.hr\/hr\/wp-content\/uploads\/2022\/02\/442-SF1_7810-copy-1-1199x800.jpg 1199w, https:\/\/tzp-kupa.hr\/hr\/wp-content\/uploads\/2022\/02\/442-SF1_7810-copy-1-599x400.jpg 599w, https:\/\/tzp-kupa.hr\/hr\/wp-content\/uploads\/2022\/02\/442-SF1_7810-copy-1-768x513.jpg 768w, https:\/\/tzp-kupa.hr\/hr\/wp-content\/uploads\/2022\/02\/442-SF1_7810-copy-1-1536x1025.jpg 1536w, https:\/\/tzp-kupa.hr\/hr\/wp-content\/uploads\/2022\/02\/442-SF1_7810-copy-1-600x401.jpg 600w, https:\/\/tzp-kupa.hr\/hr\/wp-content\/uploads\/2022\/02\/442-SF1_7810-copy-1.jpg 1600w\" sizes=\"(max-width: 1020px) 100vw, 1020px\" \/>\t\t\t\t\t\t\n\t\t\t\t\t<\/div>\n\t\t\t\t\t\t\t\t\n<style>\n#image_2084163377 {\n  width: 100%;\n}\n<\/style>\n\t<\/div>\n\t\n\t\t<\/div>\n\t\t\t\t\t<\/div>\n\n\t\n<\/div>\n\t\t<\/div>\n\n\t\t\n<style>\n#section_2031166273 {\n  padding-top: 0px;\n  padding-bottom: 0px;\n  background-color: rgb(243, 243, 243);\n}\n#section_2031166273 .section-bg-overlay {\n  background-color: rgba(255, 255, 255, 0.9);\n}\n<\/style>\n\t<\/section>\n\t\n\n  \n    <div class=\"row large-columns-3 medium-columns- small-columns-2 row-xsmall slider row-slider slider-nav-reveal\"  data-flickity-options='{\"imagesLoaded\": true, \"groupCells\": \"100%\", \"dragThreshold\" : 5, \"cellAlign\": \"left\",\"wrapAround\": true,\"prevNextButtons\": true,\"percentPosition\": true,\"pageDots\": false, \"rightToLeft\": false, \"autoPlay\" : false}' >\n\n  <div class=\"gallery-col col\" >\n          <div class=\"col-inner\">\n            <a class=\"image-lightbox lightbox-gallery\" href=\"https:\/\/tzp-kupa.hr\/hr\/wp-content\/uploads\/2022\/02\/442-SF1_7810-copy-1-1199x800.jpg\" title=\"\">            <div class=\"box has-hover gallery-box box-overlay dark\">\n              <div class=\"box-image\" >\n                <img loading=\"lazy\" decoding=\"async\" width=\"599\" height=\"400\" src=\"https:\/\/tzp-kupa.hr\/hr\/wp-content\/uploads\/2022\/02\/442-SF1_7810-copy-1-599x400.jpg\" class=\"attachment-medium size-medium\" alt=\"\" ids=\"33550,33551,33552\" type=\"slider\" col_spacing=\"xsmall\" columns=\"3\" srcset=\"https:\/\/tzp-kupa.hr\/hr\/wp-content\/uploads\/2022\/02\/442-SF1_7810-copy-1-599x400.jpg 599w, https:\/\/tzp-kupa.hr\/hr\/wp-content\/uploads\/2022\/02\/442-SF1_7810-copy-1-1199x800.jpg 1199w, https:\/\/tzp-kupa.hr\/hr\/wp-content\/uploads\/2022\/02\/442-SF1_7810-copy-1-768x513.jpg 768w, https:\/\/tzp-kupa.hr\/hr\/wp-content\/uploads\/2022\/02\/442-SF1_7810-copy-1-1536x1025.jpg 1536w, https:\/\/tzp-kupa.hr\/hr\/wp-content\/uploads\/2022\/02\/442-SF1_7810-copy-1-600x401.jpg 600w, https:\/\/tzp-kupa.hr\/hr\/wp-content\/uploads\/2022\/02\/442-SF1_7810-copy-1.jpg 1600w\" sizes=\"(max-width: 599px) 100vw, 599px\" \/>                                  <div class=\"overlay fill\"\n                      style=\"background-color: rgba(0,0,0,.15)\">\n                  <\/div>\n                                                              <\/div>\n              <div class=\"box-text text-left\" >\n                 <p><\/p>\n              <\/div>\n            <\/div>\n            <\/a>          <\/div>\n         <\/div><div class=\"gallery-col col\" >\n          <div class=\"col-inner\">\n            <a class=\"image-lightbox lightbox-gallery\" href=\"https:\/\/tzp-kupa.hr\/hr\/wp-content\/uploads\/2022\/02\/447-SF1_7825-copy-1-1199x800.jpg\" title=\"\">            <div class=\"box has-hover gallery-box box-overlay dark\">\n              <div class=\"box-image\" >\n                <img loading=\"lazy\" decoding=\"async\" width=\"599\" height=\"400\" src=\"https:\/\/tzp-kupa.hr\/hr\/wp-content\/uploads\/2022\/02\/447-SF1_7825-copy-1-599x400.jpg\" class=\"attachment-medium size-medium\" alt=\"\" ids=\"33550,33551,33552\" type=\"slider\" col_spacing=\"xsmall\" columns=\"3\" srcset=\"https:\/\/tzp-kupa.hr\/hr\/wp-content\/uploads\/2022\/02\/447-SF1_7825-copy-1-599x400.jpg 599w, https:\/\/tzp-kupa.hr\/hr\/wp-content\/uploads\/2022\/02\/447-SF1_7825-copy-1-1199x800.jpg 1199w, https:\/\/tzp-kupa.hr\/hr\/wp-content\/uploads\/2022\/02\/447-SF1_7825-copy-1-768x513.jpg 768w, https:\/\/tzp-kupa.hr\/hr\/wp-content\/uploads\/2022\/02\/447-SF1_7825-copy-1-1536x1025.jpg 1536w, https:\/\/tzp-kupa.hr\/hr\/wp-content\/uploads\/2022\/02\/447-SF1_7825-copy-1-600x401.jpg 600w, https:\/\/tzp-kupa.hr\/hr\/wp-content\/uploads\/2022\/02\/447-SF1_7825-copy-1.jpg 1600w\" sizes=\"(max-width: 599px) 100vw, 599px\" \/>                                  <div class=\"overlay fill\"\n                      style=\"background-color: rgba(0,0,0,.15)\">\n                  <\/div>\n                                                              <\/div>\n              <div class=\"box-text text-left\" >\n                 <p><\/p>\n              <\/div>\n            <\/div>\n            <\/a>          <\/div>\n         <\/div><div class=\"gallery-col col\" >\n          <div class=\"col-inner\">\n            <a class=\"image-lightbox lightbox-gallery\" href=\"https:\/\/tzp-kupa.hr\/hr\/wp-content\/uploads\/2022\/02\/FB5-1-1200x800.jpg\" title=\"\">            <div class=\"box has-hover gallery-box box-overlay dark\">\n              <div class=\"box-image\" >\n                <img loading=\"lazy\" decoding=\"async\" width=\"600\" height=\"400\" src=\"https:\/\/tzp-kupa.hr\/hr\/wp-content\/uploads\/2022\/02\/FB5-1-600x400.jpg\" class=\"attachment-medium size-medium\" alt=\"\" ids=\"33550,33551,33552\" type=\"slider\" col_spacing=\"xsmall\" columns=\"3\" srcset=\"https:\/\/tzp-kupa.hr\/hr\/wp-content\/uploads\/2022\/02\/FB5-1-600x400.jpg 600w, https:\/\/tzp-kupa.hr\/hr\/wp-content\/uploads\/2022\/02\/FB5-1-1200x800.jpg 1200w, https:\/\/tzp-kupa.hr\/hr\/wp-content\/uploads\/2022\/02\/FB5-1-768x512.jpg 768w, https:\/\/tzp-kupa.hr\/hr\/wp-content\/uploads\/2022\/02\/FB5-1-1536x1024.jpg 1536w, https:\/\/tzp-kupa.hr\/hr\/wp-content\/uploads\/2022\/02\/FB5-1-2048x1365.jpg 2048w, https:\/\/tzp-kupa.hr\/hr\/wp-content\/uploads\/2022\/02\/FB5-1-scaled.jpg 1920w\" sizes=\"(max-width: 600px) 100vw, 600px\" \/>                                  <div class=\"overlay fill\"\n                      style=\"background-color: rgba(0,0,0,.15)\">\n                  <\/div>\n                                                              <\/div>\n              <div class=\"box-text text-left\" >\n                 <p><\/p>\n              <\/div>\n            <\/div>\n            <\/a>          <\/div>\n         <\/div><\/div>\n<div class=\"row row-collapse\"  id=\"row-1174045960\">\n\n\n\t<div id=\"col-2147196473\" class=\"col small-12 large-12\"  >\n\t\t\t\t<div class=\"col-inner\"  >\n\t\t\t\n\t\t\t\n\n<div class=\"row row-large\"  id=\"row-1751483028\">\n\n\n\t<div id=\"col-195803435\" class=\"col medium-6 small-12 large-6\"  >\n\t\t\t\t<div class=\"col-inner\"  >\n\t\t\t\n\t\t\t\n\n<div class=\"row\"  id=\"row-53104031\">\n\n\n\t<div id=\"col-50677354\" class=\"col medium-6 small-12 large-6\"  >\n\t\t\t\t<div class=\"col-inner\"  >\n\t\t\t\n\t\t\t\n\n\t<div class=\"ux-menu stack stack-col justify-start ux-menu--divider-solid\">\n\t\t\n\n\t<div class=\"ux-menu-link flex menu-item\">\n\t\t<a class=\"ux-menu-link__link flex\" href=\"https:\/\/tzp-kupa.hr\/hr\/obiteljsko-gospodarstvo-sostar\/\" >\n\t\t\t<i class=\"ux-menu-link__icon text-center icon-angle-right\" ><\/i>\t\t\t<span class=\"ux-menu-link__text\">\n\t\t\t\tVinarija \u0160o\u0161tar\t\t\t<\/span>\n\t\t<\/a>\n\t<\/div>\n\t\n\n\t<div class=\"ux-menu-link flex menu-item\">\n\t\t<a class=\"ux-menu-link__link flex\" href=\"https:\/\/tzp-kupa.hr\/hr\/vina-pecaver\/\" >\n\t\t\t<i class=\"ux-menu-link__icon text-center icon-angle-right\" ><\/i>\t\t\t<span class=\"ux-menu-link__text\">\n\t\t\t\tVinarija Pe\u010daver\t\t\t<\/span>\n\t\t<\/a>\n\t<\/div>\n\t\n\n\t<div class=\"ux-menu-link flex menu-item\">\n\t\t<a class=\"ux-menu-link__link flex\" href=\"https:\/\/tzp-kupa.hr\/hr\/obiteljsko-gospodarstvo-viktorovski\/\" >\n\t\t\t<i class=\"ux-menu-link__icon text-center icon-angle-right\" ><\/i>\t\t\t<span class=\"ux-menu-link__text\">\n\t\t\t\tVinarija Viktorovski\t\t\t<\/span>\n\t\t<\/a>\n\t<\/div>\n\t\n\n\t<div class=\"ux-menu-link flex menu-item\">\n\t\t<a class=\"ux-menu-link__link flex\" href=\"https:\/\/tzp-kupa.hr\/hr\/obiteljsko-gospodarstvo-darko-vrbanek\/\" >\n\t\t\t<i class=\"ux-menu-link__icon text-center icon-angle-right\" ><\/i>\t\t\t<span class=\"ux-menu-link__text\">\n\t\t\t\tVinarija Darko Vrbanek\t\t\t<\/span>\n\t\t<\/a>\n\t<\/div>\n\t\n\n\t<div class=\"ux-menu-link flex menu-item\">\n\t\t<a class=\"ux-menu-link__link flex\" href=\"https:\/\/tzp-kupa.hr\/hr\/obiteljsko-gospodarstvo-frlan\/\" >\n\t\t\t<i class=\"ux-menu-link__icon text-center icon-angle-right\" ><\/i>\t\t\t<span class=\"ux-menu-link__text\">\n\t\t\t\tVinarija Frlan\t\t\t<\/span>\n\t\t<\/a>\n\t<\/div>\n\t\n\n\n\t<\/div>\n\t\n\n\t\t<\/div>\n\t\t\t\t\t<\/div>\n\n\t\n\n\t<div id=\"col-1744935436\" class=\"col medium-6 small-12 large-6\"  >\n\t\t\t\t<div class=\"col-inner\"  >\n\t\t\t\n\t\t\t\n\n\t<div class=\"ux-menu stack stack-col justify-start ux-menu--divider-solid\">\n\t\t\n\n\t<div class=\"ux-menu-link flex menu-item\">\n\t\t<a class=\"ux-menu-link__link flex\" href=\"https:\/\/tzp-kupa.hr\/hr\/obiteljsko-gospodarstvo-grasa\/\" >\n\t\t\t<i class=\"ux-menu-link__icon text-center icon-angle-right\" ><\/i>\t\t\t<span class=\"ux-menu-link__text\">\n\t\t\t\tVinarija Gra\u0161a\t\t\t<\/span>\n\t\t<\/a>\n\t<\/div>\n\t\n\n\t<div class=\"ux-menu-link flex menu-item\">\n\t\t<a class=\"ux-menu-link__link flex\" href=\"https:\/\/tzp-kupa.hr\/hr\/vinarija-gustin\/\" >\n\t\t\t<i class=\"ux-menu-link__icon text-center icon-angle-right\" ><\/i>\t\t\t<span class=\"ux-menu-link__text\">\n\t\t\t\tVinarija Gu\u0161tin\t\t\t<\/span>\n\t\t<\/a>\n\t<\/div>\n\t\n\n\t<div class=\"ux-menu-link flex menu-item\">\n\t\t<a class=\"ux-menu-link__link flex\" href=\"https:\/\/tzp-kupa.hr\/hr\/seljacko-domacinstvo-culig-vinarija\/\" >\n\t\t\t<i class=\"ux-menu-link__icon text-center icon-angle-right\" ><\/i>\t\t\t<span class=\"ux-menu-link__text\">\n\t\t\t\tVinarija \u010culig\t\t\t<\/span>\n\t\t<\/a>\n\t<\/div>\n\t\n\n\t<div class=\"ux-menu-link flex menu-item\">\n\t\t<a class=\"ux-menu-link__link flex\" href=\"https:\/\/tzp-kupa.hr\/hr\/opg-papic-ivica\/\" >\n\t\t\t<i class=\"ux-menu-link__icon text-center icon-angle-right\" ><\/i>\t\t\t<span class=\"ux-menu-link__text\">\n\t\t\t\tVinarija Papi\u0107 Ivica\t\t\t<\/span>\n\t\t<\/a>\n\t<\/div>\n\t\n\n\n\t<\/div>\n\t\n\n\t\t<\/div>\n\t\t\t\t\t<\/div>\n\n\t\n\n<\/div>\n\n\t\t<\/div>\n\t\t\t\t\t<\/div>\n\n\t\n\n\t<div id=\"col-882242903\" class=\"col medium-6 small-12 large-6\"  >\n\t\t\t\t<div class=\"col-inner\"  >\n\t\t\t\n\t\t\t\n\n<div class=\"row\"  id=\"row-671829645\">\n\n\n\t<div id=\"col-516485590\" class=\"col medium-6 small-12 large-6\"  >\n\t\t\t\t<div class=\"col-inner\"  >\n\t\t\t\n\t\t\t\n\n\t<div class=\"ux-menu stack stack-col justify-start ux-menu--divider-solid\">\n\t\t\n\n\t<div class=\"ux-menu-link flex menu-item\">\n\t\t<a class=\"ux-menu-link__link flex\" href=\"https:\/\/tzp-kupa.hr\/hr\/vinarija-vrbanek\/\" >\n\t\t\t<i class=\"ux-menu-link__icon text-center icon-angle-right\" ><\/i>\t\t\t<span class=\"ux-menu-link__text\">\n\t\t\t\tVinarija Vrbanek\t\t\t<\/span>\n\t\t<\/a>\n\t<\/div>\n\t\n\n\t<div class=\"ux-menu-link flex menu-item\">\n\t\t<a class=\"ux-menu-link__link flex\" href=\"https:\/\/tzp-kupa.hr\/hr\/obiteljsko-gospodarstvo-lescanec\/\" >\n\t\t\t<i class=\"ux-menu-link__icon text-center icon-angle-right\" ><\/i>\t\t\t<span class=\"ux-menu-link__text\">\n\t\t\t\tVinarija Le\u0161\u0107anec\t\t\t<\/span>\n\t\t<\/a>\n\t<\/div>\n\t\n\n\t<div class=\"ux-menu-link flex menu-item\">\n\t\t<a class=\"ux-menu-link__link flex\" href=\"https:\/\/tzp-kupa.hr\/hr\/vinogradarstvo-i-vinarstvo-vrbanek-1881\/\" >\n\t\t\t<i class=\"ux-menu-link__icon text-center icon-angle-right\" ><\/i>\t\t\t<span class=\"ux-menu-link__text\">\n\t\t\t\tVinarija Vrbanek 1881\t\t\t<\/span>\n\t\t<\/a>\n\t<\/div>\n\t\n\n\t<div class=\"ux-menu-link flex menu-item\">\n\t\t<a class=\"ux-menu-link__link flex\" href=\"https:\/\/tzp-kupa.hr\/hr\/obiteljsko-gospodarstvo-ferko\/\" >\n\t\t\t<i class=\"ux-menu-link__icon text-center icon-angle-right\" ><\/i>\t\t\t<span class=\"ux-menu-link__text\">\n\t\t\t\tVinarija Ferko\t\t\t<\/span>\n\t\t<\/a>\n\t<\/div>\n\t\n\n\n\t<\/div>\n\t\n\n\t\t<\/div>\n\t\t\t\t\t<\/div>\n\n\t\n\n\t<div id=\"col-1461627023\" class=\"col medium-6 small-12 large-6\"  >\n\t\t\t\t<div class=\"col-inner\"  >\n\t\t\t\n\t\t\t\n\n\t<div class=\"ux-menu stack stack-col justify-start ux-menu--divider-solid\">\n\t\t\n\n\t<div class=\"ux-menu-link flex menu-item\">\n\t\t<a class=\"ux-menu-link__link flex\" href=\"https:\/\/tzp-kupa.hr\/hr\/obiteljsko-gospodarstvo-mirko-vrbanek\/\" >\n\t\t\t<i class=\"ux-menu-link__icon text-center icon-angle-right\" ><\/i>\t\t\t<span class=\"ux-menu-link__text\">\n\t\t\t\tVinarija Mirko Vrbanek\t\t\t<\/span>\n\t\t<\/a>\n\t<\/div>\n\t\n\n\t<div class=\"ux-menu-link flex menu-item\">\n\t\t<a class=\"ux-menu-link__link flex\" href=\"https:\/\/tzp-kupa.hr\/hr\/vinarija-stubljar\/\" >\n\t\t\t<i class=\"ux-menu-link__icon text-center icon-angle-right\" ><\/i>\t\t\t<span class=\"ux-menu-link__text\">\n\t\t\t\tVinarija \u0160tubljar\t\t\t<\/span>\n\t\t<\/a>\n\t<\/div>\n\t\n\n\t<div class=\"ux-menu-link flex menu-item\">\n\t\t<a class=\"ux-menu-link__link flex\" href=\"https:\/\/tzp-kupa.hr\/hr\/vina-bakin\/\" >\n\t\t\t<i class=\"ux-menu-link__icon text-center icon-angle-right\" ><\/i>\t\t\t<span class=\"ux-menu-link__text\">\n\t\t\t\tVinarija Bakin\t\t\t<\/span>\n\t\t<\/a>\n\t<\/div>\n\t\n\n\t<div class=\"ux-menu-link flex menu-item\">\n\t\t<a class=\"ux-menu-link__link flex\" href=\"https:\/\/tzp-kupa.hr\/hr\/autohtone-sorte\/\" >\n\t\t\t<i class=\"ux-menu-link__icon text-center icon-angle-right\" ><\/i>\t\t\t<span class=\"ux-menu-link__text\">\n\t\t\t\tAutohtone Sorte\t\t\t<\/span>\n\t\t<\/a>\n\t<\/div>\n\t\n\n\n\t<\/div>\n\t\n\n\t\t<\/div>\n\t\t\t\t\t<\/div>\n\n\t\n\n<\/div>\n\n\t\t<\/div>\n\t\t\t\t\t<\/div>\n\n\t\n\n<\/div>\n\n\t\t<\/div>\n\t\t\t\t\n<style>\n#col-2147196473 > .col-inner {\n  padding: 60px 0px 0px 0px;\n}\n<\/style>\n\t<\/div>\n\n\t\n\n<\/div>\n\t<section class=\"section dark\" id=\"section_1714813561\">\n\t\t<div class=\"bg section-bg fill bg-fill  bg-loaded\" >\n\n\t\t\t\n\t\t\t\n\t\t\t\n\n\t\t<\/div>\n\n\t\t\n\n\t\t<div class=\"section-content relative\">\n\t\t\t\n\n\t<div id=\"gap-317421137\" class=\"gap-element clearfix\" style=\"display:block; height:auto;\">\n\t\t\n<style>\n#gap-317421137 {\n  padding-top: 17px;\n}\n<\/style>\n\t<\/div>\n\t\n\n<div class=\"row align-center\"  id=\"row-272496349\">\n\n\n\t<div id=\"col-2128765411\" class=\"col small-12 large-12\"  >\n\t\t\t\t<div class=\"col-inner text-center\"  >\n\t\t\t\n\t\t\t\n\n\t<div id=\"text-410841914\" class=\"text\">\n\t\t\n\n<p><img loading=\"lazy\" decoding=\"async\" class=\"aligncenter size-full wp-image-37518\" src=\"https:\/\/tzp-kupa.hr\/hr\/wp-content\/uploads\/2022\/02\/kupa-small.png\" alt=\"\" width=\"50\" height=\"24\" \/>2026 \u00a9 Turisti\u010dka zajednica podru\u010dja Kupa, Kurilovac 1, 47280 Ozalj, HR Hrvatska<br \/>Radni dan: 7:00 \u2013 15:00, Subota, nedelja: neradno, Praznici i blagdani neradni<br \/><a href=\"#\"><u>Politika privatnosti<\/u><\/a>\u00a0 <a href=\"#\"><u>Za\u0161tita privatnosti<\/u><\/a>\u00a0 <a href=\"#\"><u>Kori\u0161tenje kola\u010di\u0107a<\/u><\/a><\/p>\n\t\t\n<style>\n#text-410841914 {\n  font-size: 0.8rem;\n  color: rgb(119, 119, 119);\n}\n#text-410841914 > * {\n  color: rgb(119, 119, 119);\n}\n<\/style>\n\t<\/div>\n\t\n\n\t\t<\/div>\n\t\t\t\t\n<style>\n#col-2128765411 > .col-inner {\n  margin: 0px 0px -35px 0px;\n}\n<\/style>\n\t<\/div>\n\n\t\n\n\n<style>\n#row-272496349 > .col > .col-inner {\n  padding: 0px 00pxpx 0px 0px;\n}\n<\/style>\n<\/div>\n<div class=\"social-icons follow-icons full-width text-center\" style=\"font-size:70%\"><a href=\"https:\/\/www.facebook.com\/visitkupa\" target=\"_blank\" data-label=\"Facebook\" class=\"icon primary button circle facebook tooltip\" title=\"Follow on Facebook\" aria-label=\"Follow on Facebook\" rel=\"noopener nofollow\" ><i class=\"icon-facebook\" ><\/i><\/a><a href=\"https:\/\/www.instagram.com\/visitkupa\/\" target=\"_blank\" data-label=\"Instagram\" class=\"icon primary button circle instagram tooltip\" title=\"Follow on Instagram\" aria-label=\"Follow on Instagram\" rel=\"noopener nofollow\" ><i class=\"icon-instagram\" ><\/i><\/a><a href=\"https:\/\/www.tiktok.com\/@tzpkupa\" target=\"_blank\" data-label=\"TikTok\" class=\"icon primary button circle tiktok tooltip\" title=\"Follow on TikTok\" aria-label=\"Follow on TikTok\" rel=\"noopener nofollow\" ><i class=\"icon-tiktok\" ><\/i><\/a><a href=\"mailto:info@tzp-kupa.hr\" data-label=\"E-mail\" target=\"_blank\" class=\"icon primary button circle email tooltip\" title=\"Send us an email\" aria-label=\"Send us an email\" rel=\"nofollow noopener\" ><i class=\"icon-envelop\" ><\/i><\/a><a href=\"https:\/\/www.youtube.com\/channel\/UCUVM_qtiDdwNCWHzjzkmb-A\/videos\" data-label=\"YouTube\" target=\"_blank\" class=\"icon primary button circle youtube tooltip\" title=\"Follow on YouTube\" aria-label=\"Follow on YouTube\" rel=\"noopener nofollow\" ><i class=\"icon-youtube\" ><\/i><\/a><\/div>\n\n\t<div id=\"gap-2018547024\" class=\"gap-element clearfix\" style=\"display:block; height:auto;\">\n\t\t\n<style>\n#gap-2018547024 {\n  padding-top: 3px;\n}\n<\/style>\n\t<\/div>\n\t\n\n\n\t\t<\/div>\n\n\t\t\n<style>\n#section_1714813561 {\n  padding-top: 30px;\n  padding-bottom: 30px;\n  background-color: rgb(255,255,255);\n}\n@media (min-width:550px) {\n  #section_1714813561 {\n    padding-top: 1px;\n    padding-bottom: 1px;\n  }\n}\n<\/style>\n\t<\/section>\n\t\n","protected":false},"excerpt":{"rendered":"","protected":false},"author":1,"featured_media":0,"parent":0,"menu_order":0,"comment_status":"closed","ping_status":"closed","template":"page-transparent-header-light.php","meta":{"_monsterinsights_skip_tracking":false,"_monsterinsights_sitenote_active":false,"_monsterinsights_sitenote_note":"","_monsterinsights_sitenote_category":0,"footnotes":"","_links_to":"","_links_to_target":""},"_links":{"self":[{"href":"https:\/\/tzp-kupa.hr\/hr\/wp-json\/wp\/v2\/pages\/33374"}],"collection":[{"href":"https:\/\/tzp-kupa.hr\/hr\/wp-json\/wp\/v2\/pages"}],"about":[{"href":"https:\/\/tzp-kupa.hr\/hr\/wp-json\/wp\/v2\/types\/page"}],"author":[{"embeddable":true,"href":"https:\/\/tzp-kupa.hr\/hr\/wp-json\/wp\/v2\/users\/1"}],"replies":[{"embeddable":true,"href":"https:\/\/tzp-kupa.hr\/hr\/wp-json\/wp\/v2\/comments?post=33374"}],"version-history":[{"count":3,"href":"https:\/\/tzp-kupa.hr\/hr\/wp-json\/wp\/v2\/pages\/33374\/revisions"}],"predecessor-version":[{"id":37736,"href":"https:\/\/tzp-kupa.hr\/hr\/wp-json\/wp\/v2\/pages\/33374\/revisions\/37736"}],"wp:attachment":[{"href":"https:\/\/tzp-kupa.hr\/hr\/wp-json\/wp\/v2\/media?parent=33374"}],"curies":[{"name":"wp","href":"https:\/\/api.w.org\/{rel}","templated":true}]}}