{"id":33134,"date":"2022-02-15T18:58:37","date_gmt":"2022-02-15T18:58:37","guid":{"rendered":"https:\/\/tzp-kupa.hr\/hr\/?page_id=33134"},"modified":"2024-02-20T08:25:06","modified_gmt":"2024-02-20T07:25:06","slug":"restoran-azelija","status":"publish","type":"page","link":"https:\/\/tzp-kupa.hr\/hr\/restoran-azelija\/","title":{"rendered":"Restoran Azelija"},"content":{"rendered":"  <div id=\"page-header-1722373633\" class=\"page-header-wrapper\">\n  <div class=\"page-title dark featured-title\">\n\n        <div class=\"page-title-bg\">\n      <div class=\"title-bg fill bg-fill\"\n        data-parallax-container=\".page-title\"\n        data-parallax-background\n        data-parallax=\"-\">\n      <\/div>\n      <div class=\"title-overlay fill\"><\/div>\n    <\/div>\n    \n    <div class=\"page-title-inner container align-center flex-row medium-flex-wrap\" >\n              <div class=\"title-wrapper is-small flex-col text-left medium-text-center\">\n          <h1 class=\"entry-title mb-0\">\n            Restoran Azelija          <\/h1>\n        <\/div>\n                    <div class=\"title-content flex-col flex-right text-right medium-text-center\">\n        <div class=\"title-breadcrumbs pb-half pt-half\"><\/div>      <\/div>\n    <\/div>\n\n     \n<style>\n#page-header-1722373633 .page-title-inner {\n  min-height: 155px;\n}\n#page-header-1722373633 .title-bg {\n  background-image: url(https:\/\/tzp-kupa.hr\/hr\/wp-content\/uploads\/2024\/02\/ozalj-dvorac.jpg);\n  background-position: 22% 13%;\n}\n<\/style>\n  <\/div>\n    <\/div>\n  \n\t<section class=\"section\" id=\"section_675019142\">\n\t\t<div class=\"bg section-bg fill bg-fill  bg-loaded\" >\n\n\t\t\t\n\t\t\t\n\t\t\t\n\n\t\t<\/div>\n\n\t\t\n\n\t\t<div class=\"section-content relative\">\n\t\t\t\n<div class=\"row\"  id=\"row-1308657545\">\n\n\t<div id=\"col-560536000\" class=\"col small-12 large-12\"  >\n\t\t\t\t<div class=\"col-inner\"  >\n\t\t\t\n\t\t\t\n<p class=\"lead\"><strong>RESTORAN AZELIJA, Karlova\u010dka cesta 93, Ozalj<\/strong><\/p>\n<p>+385 (0)47 731 153, <a href=\"mailto:m.o.t.e.l.pavlakovic@hi.t-com.hr\">m.o.t.e.l.pavlakovic@hi.t-com.hr<\/a>, <a href=\"https:\/\/www.motel-ozalj.com\/\" target=\"_blank\" rel=\"noopener\">www.motel-ozalj.com<\/a>, <a href=\"https:\/\/goo.gl\/maps\/R8zFmXkbQdqF2a236\" target=\"_blank\" rel=\"noopener\">Google mapa<\/a><\/p>\n\t\t<\/div>\n\t\t\t\t\n<style>\n#col-560536000 > .col-inner {\n  margin: 0px 0px -33px 0px;\n}\n<\/style>\n\t<\/div>\n\n\t\n<\/div>\n\t\t<\/div>\n\n\t\t\n<style>\n#section_675019142 {\n  padding-top: 30px;\n  padding-bottom: 30px;\n}\n<\/style>\n\t<\/section>\n\t\n\t<section class=\"section\" id=\"section_1891277511\">\n\t\t<div class=\"bg section-bg fill bg-fill  bg-loaded\" >\n\n\t\t\t\n\t\t\t<div class=\"section-bg-overlay absolute fill\"><\/div>\n\t\t\t\n\n\t\t<\/div>\n\n\t\t\n\n\t\t<div class=\"section-content relative\">\n\t\t\t\n<div class=\"row\"  id=\"row-579579318\">\n\n\t<div id=\"col-1778958471\" class=\"col medium-6 small-12 large-6\"  >\n\t\t\t\t<div class=\"col-inner\"  >\n\t\t\t\n\t\t\t\n<p>Svojim gostima nudimo vi\u0161e pogodnosti kako bi zadovoljili sve njihove potrebe na jednom mjestu. Gosti koji odsjedaju kod nas po no\u0107i mogu po narud\u017ebi doru\u010dkovati, ru\u010dati i ve\u010derati u na\u0161em lokalnom restoranu ili koristiti polupansion ili puni pansion. Ve\u0107ina na\u0161ih gostiju ovdje dolazi godinama, a to se prije svega odnosi na lovce i ribare, uklju\u010duju\u0107i kugla\u010de koji dolaze na turnire i treninge. Kao \u0161to smo ve\u0107 spomenuli MOTEL Pavlakovi\u0107 je obiteljska tvrtka, pa je svih \u0161est \u010dlanova obitelji odgovorno za neki dio posla, od doma\u0107instva, kuhanja i nabave do knjigovodstva.<\/p>\n\t\t<\/div>\n\t\t\t\t\t<\/div>\n\n\t\n\n\t<div id=\"col-1973753782\" class=\"col medium-6 small-12 large-6\"  >\n\t\t\t\t<div class=\"col-inner\"  >\n\t\t\t\n\t\t\t\n\t<div class=\"img has-hover x md-x lg-x y md-y lg-y\" id=\"image_561393805\">\n\t\t\t\t\t\t\t\t<div class=\"img-inner dark\" >\n\t\t\t<img loading=\"lazy\" decoding=\"async\" width=\"500\" height=\"333\" src=\"https:\/\/tzp-kupa.hr\/hr\/wp-content\/uploads\/2022\/02\/azelija-3.jpg\" class=\"attachment-large size-large\" alt=\"\" \/>\t\t\t\t\t\t\n\t\t\t\t\t<\/div>\n\t\t\t\t\t\t\t\t\n<style>\n#image_561393805 {\n  width: 100%;\n}\n<\/style>\n\t<\/div>\n\t\n\t\t<\/div>\n\t\t\t\t\t<\/div>\n\n\t\n<\/div>\n\t\t<\/div>\n\n\t\t\n<style>\n#section_1891277511 {\n  padding-top: 0px;\n  padding-bottom: 0px;\n  background-color: rgb(243, 243, 243);\n}\n#section_1891277511 .section-bg-overlay {\n  background-color: rgba(255, 255, 255, 0.9);\n}\n<\/style>\n\t<\/section>\n\t\n\n  \n    <div class=\"row large-columns-3 medium-columns- small-columns-2 row-xsmall slider row-slider slider-nav-reveal\"  data-flickity-options='{\"imagesLoaded\": true, \"groupCells\": \"100%\", \"dragThreshold\" : 5, \"cellAlign\": \"left\",\"wrapAround\": true,\"prevNextButtons\": true,\"percentPosition\": true,\"pageDots\": false, \"rightToLeft\": false, \"autoPlay\" : false}' >\n\n  <div class=\"gallery-col col\" >\n          <div class=\"col-inner\">\n            <a class=\"image-lightbox lightbox-gallery\" href=\"https:\/\/tzp-kupa.hr\/hr\/wp-content\/uploads\/2022\/02\/azelija-1.jpg\" title=\"\">            <div class=\"box has-hover gallery-box box-overlay dark\">\n              <div class=\"box-image\" >\n                <img loading=\"lazy\" decoding=\"async\" width=\"500\" height=\"333\" src=\"https:\/\/tzp-kupa.hr\/hr\/wp-content\/uploads\/2022\/02\/azelija-1.jpg\" class=\"attachment-medium size-medium\" alt=\"\" ids=\"33269,33270,33271,33272\" type=\"slider\" col_spacing=\"xsmall\" columns=\"3\" \/>                                  <div class=\"overlay fill\"\n                      style=\"background-color: rgba(0,0,0,.15)\">\n                  <\/div>\n                                                              <\/div>\n              <div class=\"box-text text-left\" >\n                 <p><\/p>\n              <\/div>\n            <\/div>\n            <\/a>          <\/div>\n         <\/div><div class=\"gallery-col col\" >\n          <div class=\"col-inner\">\n            <a class=\"image-lightbox lightbox-gallery\" href=\"https:\/\/tzp-kupa.hr\/hr\/wp-content\/uploads\/2022\/02\/azelija-2.jpg\" title=\"\">            <div class=\"box has-hover gallery-box box-overlay dark\">\n              <div class=\"box-image\" >\n                <img loading=\"lazy\" decoding=\"async\" width=\"500\" height=\"333\" src=\"https:\/\/tzp-kupa.hr\/hr\/wp-content\/uploads\/2022\/02\/azelija-2.jpg\" class=\"attachment-medium size-medium\" alt=\"\" ids=\"33269,33270,33271,33272\" type=\"slider\" col_spacing=\"xsmall\" columns=\"3\" \/>                                  <div class=\"overlay fill\"\n                      style=\"background-color: rgba(0,0,0,.15)\">\n                  <\/div>\n                                                              <\/div>\n              <div class=\"box-text text-left\" >\n                 <p><\/p>\n              <\/div>\n            <\/div>\n            <\/a>          <\/div>\n         <\/div><div class=\"gallery-col col\" >\n          <div class=\"col-inner\">\n            <a class=\"image-lightbox lightbox-gallery\" href=\"https:\/\/tzp-kupa.hr\/hr\/wp-content\/uploads\/2022\/02\/azelija-3.jpg\" title=\"\">            <div class=\"box has-hover gallery-box box-overlay dark\">\n              <div class=\"box-image\" >\n                <img loading=\"lazy\" decoding=\"async\" width=\"500\" height=\"333\" src=\"https:\/\/tzp-kupa.hr\/hr\/wp-content\/uploads\/2022\/02\/azelija-3.jpg\" class=\"attachment-medium size-medium\" alt=\"\" ids=\"33269,33270,33271,33272\" type=\"slider\" col_spacing=\"xsmall\" columns=\"3\" \/>                                  <div class=\"overlay fill\"\n                      style=\"background-color: rgba(0,0,0,.15)\">\n                  <\/div>\n                                                              <\/div>\n              <div class=\"box-text text-left\" >\n                 <p><\/p>\n              <\/div>\n            <\/div>\n            <\/a>          <\/div>\n         <\/div><div class=\"gallery-col col\" >\n          <div class=\"col-inner\">\n            <a class=\"image-lightbox lightbox-gallery\" href=\"https:\/\/tzp-kupa.hr\/hr\/wp-content\/uploads\/2022\/02\/DSC_0385-1400x510.jpg\" title=\"\">            <div class=\"box has-hover gallery-box box-overlay dark\">\n              <div class=\"box-image\" >\n                <img loading=\"lazy\" decoding=\"async\" width=\"800\" height=\"292\" src=\"https:\/\/tzp-kupa.hr\/hr\/wp-content\/uploads\/2022\/02\/DSC_0385-800x292.jpg\" class=\"attachment-medium size-medium\" alt=\"\" ids=\"33269,33270,33271,33272\" type=\"slider\" col_spacing=\"xsmall\" columns=\"3\" srcset=\"https:\/\/tzp-kupa.hr\/hr\/wp-content\/uploads\/2022\/02\/DSC_0385-800x292.jpg 800w, https:\/\/tzp-kupa.hr\/hr\/wp-content\/uploads\/2022\/02\/DSC_0385-1400x510.jpg 1400w, https:\/\/tzp-kupa.hr\/hr\/wp-content\/uploads\/2022\/02\/DSC_0385-768x280.jpg 768w, https:\/\/tzp-kupa.hr\/hr\/wp-content\/uploads\/2022\/02\/DSC_0385-1536x560.jpg 1536w, https:\/\/tzp-kupa.hr\/hr\/wp-content\/uploads\/2022\/02\/DSC_0385-600x219.jpg 600w, https:\/\/tzp-kupa.hr\/hr\/wp-content\/uploads\/2022\/02\/DSC_0385.jpg 1920w\" sizes=\"(max-width: 800px) 100vw, 800px\" \/>                                  <div class=\"overlay fill\"\n                      style=\"background-color: rgba(0,0,0,.15)\">\n                  <\/div>\n                                                              <\/div>\n              <div class=\"box-text text-left\" >\n                 <p><\/p>\n              <\/div>\n            <\/div>\n            <\/a>          <\/div>\n         <\/div><\/div>\n<div class=\"row row-collapse\"  id=\"row-1059973541\">\n\n\n\t<div id=\"col-1033141540\" class=\"col small-12 large-12\"  >\n\t\t\t\t<div class=\"col-inner\"  >\n\t\t\t\n\t\t\t\n\n<div class=\"row row-large\"  id=\"row-1561087644\">\n\n\n\t<div id=\"col-1323607160\" class=\"col medium-6 small-12 large-6\"  >\n\t\t\t\t<div class=\"col-inner\"  >\n\t\t\t\n\t\t\t\n\n<div class=\"row\"  id=\"row-546649713\">\n\n\n\t<div id=\"col-508046772\" class=\"col medium-6 small-12 large-6\"  >\n\t\t\t\t<div class=\"col-inner\"  >\n\t\t\t\n\t\t\t\n\n\t<div class=\"ux-menu stack stack-col justify-start ux-menu--divider-solid\">\n\t\t\n\n\t<div class=\"ux-menu-link flex menu-item\">\n\t\t<a class=\"ux-menu-link__link flex\" href=\"https:\/\/tzp-kupa.hr\/hr\/restoran-vivodina\/\" >\n\t\t\t<i class=\"ux-menu-link__icon text-center icon-angle-right\" ><\/i>\t\t\t<span class=\"ux-menu-link__text\">\n\t\t\t\tRestoran Vivodina\t\t\t<\/span>\n\t\t<\/a>\n\t<\/div>\n\t\n\n\t<div class=\"ux-menu-link flex menu-item\">\n\t\t<a class=\"ux-menu-link__link flex\" href=\"https:\/\/tzp-kupa.hr\/hr\/restoran-zganjer\/\" >\n\t\t\t<i class=\"ux-menu-link__icon text-center icon-angle-right\" ><\/i>\t\t\t<span class=\"ux-menu-link__text\">\n\t\t\t\tRestoran \u017dganjer\t\t\t<\/span>\n\t\t<\/a>\n\t<\/div>\n\t\n\n\t<div class=\"ux-menu-link flex menu-item\">\n\t\t<a class=\"ux-menu-link__link flex\" href=\"https:\/\/tzp-kupa.hr\/hr\/restoran-papalina\/\" >\n\t\t\t<i class=\"ux-menu-link__icon text-center icon-angle-right\" ><\/i>\t\t\t<span class=\"ux-menu-link__text\">\n\t\t\t\tRestoran Papalina\t\t\t<\/span>\n\t\t<\/a>\n\t<\/div>\n\t\n\n\t<div class=\"ux-menu-link flex menu-item\">\n\t\t<a class=\"ux-menu-link__link flex\" href=\"https:\/\/tzp-kupa.hr\/hr\/viki-grill\/\" >\n\t\t\t<i class=\"ux-menu-link__icon text-center icon-angle-right\" ><\/i>\t\t\t<span class=\"ux-menu-link__text\">\n\t\t\t\tViki Grill\t\t\t<\/span>\n\t\t<\/a>\n\t<\/div>\n\t\n\n\n\t<\/div>\n\t\n\n\t\t<\/div>\n\t\t\t\t\t<\/div>\n\n\t\n\n\t<div id=\"col-452000533\" class=\"col medium-6 small-12 large-6\"  >\n\t\t\t\t<div class=\"col-inner\"  >\n\t\t\t\n\t\t\t\n\n\t<div class=\"ux-menu stack stack-col justify-start ux-menu--divider-solid\">\n\t\t\n\n\t<div class=\"ux-menu-link flex menu-item\">\n\t\t<a class=\"ux-menu-link__link flex\" href=\"https:\/\/tzp-kupa.hr\/hr\/restoran-azelija\/\" >\n\t\t\t<i class=\"ux-menu-link__icon text-center icon-angle-right\" ><\/i>\t\t\t<span class=\"ux-menu-link__text\">\n\t\t\t\tRestoran Azelija\t\t\t<\/span>\n\t\t<\/a>\n\t<\/div>\n\t\n\n\t<div class=\"ux-menu-link flex menu-item\">\n\t\t<a class=\"ux-menu-link__link flex\" href=\"https:\/\/tzp-kupa.hr\/hr\/pizzeria-lav\/\" >\n\t\t\t<i class=\"ux-menu-link__icon text-center icon-angle-right\" ><\/i>\t\t\t<span class=\"ux-menu-link__text\">\n\t\t\t\tPizzeria Lav\t\t\t<\/span>\n\t\t<\/a>\n\t<\/div>\n\t\n\n\t<div class=\"ux-menu-link flex menu-item\">\n\t\t<a class=\"ux-menu-link__link flex\" href=\"https:\/\/tzp-kupa.hr\/hr\/ugostiteljstvo-dinamo\/\" >\n\t\t\t<i class=\"ux-menu-link__icon text-center icon-angle-right\" ><\/i>\t\t\t<span class=\"ux-menu-link__text\">\n\t\t\t\tUgostiteljstvo Dinamo\t\t\t<\/span>\n\t\t<\/a>\n\t<\/div>\n\t\n\n\t<div class=\"ux-menu-link flex menu-item\">\n\t\t<a class=\"ux-menu-link__link flex\" href=\"https:\/\/tzp-kupa.hr\/hr\/restoran-doris\/\" >\n\t\t\t<i class=\"ux-menu-link__icon text-center icon-angle-right\" ><\/i>\t\t\t<span class=\"ux-menu-link__text\">\n\t\t\t\tRestoran Doris\t\t\t<\/span>\n\t\t<\/a>\n\t<\/div>\n\t\n\n\n\t<\/div>\n\t\n\n\t\t<\/div>\n\t\t\t\t\t<\/div>\n\n\t\n\n<\/div>\n\n\t\t<\/div>\n\t\t\t\t\t<\/div>\n\n\t\n\n\t<div id=\"col-1378973132\" class=\"col medium-6 small-12 large-6\"  >\n\t\t\t\t<div class=\"col-inner\"  >\n\t\t\t\n\t\t\t\n\n<div class=\"row\"  id=\"row-1502270380\">\n\n\n\t<div id=\"col-1952861674\" class=\"col medium-6 small-12 large-6\"  >\n\t\t\t\t<div class=\"col-inner\"  >\n\t\t\t\n\t\t\t\n\n\t<div class=\"ux-menu stack stack-col justify-start ux-menu--divider-solid\">\n\t\t\n\n\t<div class=\"ux-menu-link flex menu-item\">\n\t\t<a class=\"ux-menu-link__link flex\" href=\"https:\/\/tzp-kupa.hr\/hr\/srce-prirode-srakovcic-restoran\/\" >\n\t\t\t<i class=\"ux-menu-link__icon text-center icon-angle-right\" ><\/i>\t\t\t<span class=\"ux-menu-link__text\">\n\t\t\t\tSrce prirode Srakov\u010di\u0107\t\t\t<\/span>\n\t\t<\/a>\n\t<\/div>\n\t\n\n\t<div class=\"ux-menu-link flex menu-item\">\n\t\t<a class=\"ux-menu-link__link flex\" href=\"https:\/\/tzp-kupa.hr\/hr\/hotel-draganic-marche\/\" >\n\t\t\t<i class=\"ux-menu-link__icon text-center icon-angle-right\" ><\/i>\t\t\t<span class=\"ux-menu-link__text\">\n\t\t\t\tHotel Dragani\u0107 \u2013 Marche\t\t\t<\/span>\n\t\t<\/a>\n\t<\/div>\n\t\n\n\t<div class=\"ux-menu-link flex menu-item\">\n\t\t<a class=\"ux-menu-link__link flex\" href=\"https:\/\/tzp-kupa.hr\/hr\/bistro-dino\/\" >\n\t\t\t<i class=\"ux-menu-link__icon text-center icon-angle-right\" ><\/i>\t\t\t<span class=\"ux-menu-link__text\">\n\t\t\t\tBistro \u0110ino\t\t\t<\/span>\n\t\t<\/a>\n\t<\/div>\n\t\n\n\n\t<\/div>\n\t\n\n\t\t<\/div>\n\t\t\t\t\t<\/div>\n\n\t\n\n\t<div id=\"col-395421421\" class=\"col medium-6 small-12 large-6\"  >\n\t\t\t\t<div class=\"col-inner\"  >\n\t\t\t\n\t\t\t\n\n\t<div class=\"ux-menu stack stack-col justify-start ux-menu--divider-solid\">\n\t\t\n\n\t<div class=\"ux-menu-link flex menu-item\">\n\t\t<a class=\"ux-menu-link__link flex\" href=\"https:\/\/tzp-kupa.hr\/hr\/pekarna-ozalj\/\" >\n\t\t\t<i class=\"ux-menu-link__icon text-center icon-angle-right\" ><\/i>\t\t\t<span class=\"ux-menu-link__text\">\n\t\t\t\tPekarna Ozalj\t\t\t<\/span>\n\t\t<\/a>\n\t<\/div>\n\t\n\n\t<div class=\"ux-menu-link flex menu-item\">\n\t\t<a class=\"ux-menu-link__link flex\" href=\"https:\/\/tzp-kupa.hr\/hr\/restoran-marijana\/\" >\n\t\t\t<i class=\"ux-menu-link__icon text-center icon-angle-right\" ><\/i>\t\t\t<span class=\"ux-menu-link__text\">\n\t\t\t\tRestoran Marijana\t\t\t<\/span>\n\t\t<\/a>\n\t<\/div>\n\t\n\n\t<div class=\"ux-menu-link flex menu-item\">\n\t\t<a class=\"ux-menu-link__link flex\" href=\"https:\/\/tzp-kupa.hr\/hr\/seljacko-domacinstvo-stjepan-culig\/\" >\n\t\t\t<i class=\"ux-menu-link__icon text-center icon-angle-right\" ><\/i>\t\t\t<span class=\"ux-menu-link__text\">\n\t\t\t\tSelja\u010dko doma\u0107instvo \u010culig\t\t\t<\/span>\n\t\t<\/a>\n\t<\/div>\n\t\n\n\n\t<\/div>\n\t\n\n\t\t<\/div>\n\t\t\t\t\t<\/div>\n\n\t\n\n<\/div>\n\n\t\t<\/div>\n\t\t\t\t\t<\/div>\n\n\t\n\n<\/div>\n\n\t\t<\/div>\n\t\t\t\t\n<style>\n#col-1033141540 > .col-inner {\n  padding: 60px 0px 0px 0px;\n}\n<\/style>\n\t<\/div>\n\n\t\n\n<\/div>\n\t<section class=\"section dark\" id=\"section_1385907057\">\n\t\t<div class=\"bg section-bg fill bg-fill  bg-loaded\" >\n\n\t\t\t\n\t\t\t\n\t\t\t\n\n\t\t<\/div>\n\n\t\t\n\n\t\t<div class=\"section-content relative\">\n\t\t\t\n\n\t<div id=\"gap-115243839\" class=\"gap-element clearfix\" style=\"display:block; height:auto;\">\n\t\t\n<style>\n#gap-115243839 {\n  padding-top: 17px;\n}\n<\/style>\n\t<\/div>\n\t\n\n<div class=\"row align-center\"  id=\"row-547946110\">\n\n\n\t<div id=\"col-789565438\" class=\"col small-12 large-12\"  >\n\t\t\t\t<div class=\"col-inner text-center\"  >\n\t\t\t\n\t\t\t\n\n\t<div id=\"text-3797937267\" class=\"text\">\n\t\t\n\n<p><img loading=\"lazy\" decoding=\"async\" class=\"aligncenter size-full wp-image-37518\" src=\"https:\/\/tzp-kupa.hr\/hr\/wp-content\/uploads\/2022\/02\/kupa-small.png\" alt=\"\" width=\"50\" height=\"24\" \/>2026 \u00a9 Turisti\u010dka zajednica podru\u010dja Kupa, Kurilovac 1, 47280 Ozalj, HR Hrvatska<br \/>Radni dan: 7:00 \u2013 15:00, Subota, nedelja: neradno, Praznici i blagdani neradni<br \/><a href=\"#\"><u>Politika privatnosti<\/u><\/a>\u00a0 <a href=\"#\"><u>Za\u0161tita privatnosti<\/u><\/a>\u00a0 <a href=\"#\"><u>Kori\u0161tenje kola\u010di\u0107a<\/u><\/a><\/p>\n\t\t\n<style>\n#text-3797937267 {\n  font-size: 0.8rem;\n  color: rgb(119, 119, 119);\n}\n#text-3797937267 > * {\n  color: rgb(119, 119, 119);\n}\n<\/style>\n\t<\/div>\n\t\n\n\t\t<\/div>\n\t\t\t\t\n<style>\n#col-789565438 > .col-inner {\n  margin: 0px 0px -35px 0px;\n}\n<\/style>\n\t<\/div>\n\n\t\n\n\n<style>\n#row-547946110 > .col > .col-inner {\n  padding: 0px 00pxpx 0px 0px;\n}\n<\/style>\n<\/div>\n<div class=\"social-icons follow-icons full-width text-center\" style=\"font-size:70%\"><a href=\"https:\/\/www.facebook.com\/visitkupa\" target=\"_blank\" data-label=\"Facebook\" class=\"icon primary button circle facebook tooltip\" title=\"Follow on Facebook\" aria-label=\"Follow on Facebook\" rel=\"noopener nofollow\" ><i class=\"icon-facebook\" ><\/i><\/a><a href=\"https:\/\/www.instagram.com\/visitkupa\/\" target=\"_blank\" data-label=\"Instagram\" class=\"icon primary button circle instagram tooltip\" title=\"Follow on Instagram\" aria-label=\"Follow on Instagram\" rel=\"noopener nofollow\" ><i class=\"icon-instagram\" ><\/i><\/a><a href=\"https:\/\/www.tiktok.com\/@tzpkupa\" target=\"_blank\" data-label=\"TikTok\" class=\"icon primary button circle tiktok tooltip\" title=\"Follow on TikTok\" aria-label=\"Follow on TikTok\" rel=\"noopener nofollow\" ><i class=\"icon-tiktok\" ><\/i><\/a><a href=\"mailto:info@tzp-kupa.hr\" data-label=\"E-mail\" target=\"_blank\" class=\"icon primary button circle email tooltip\" title=\"Send us an email\" aria-label=\"Send us an email\" rel=\"nofollow noopener\" ><i class=\"icon-envelop\" ><\/i><\/a><a href=\"https:\/\/www.youtube.com\/channel\/UCUVM_qtiDdwNCWHzjzkmb-A\/videos\" data-label=\"YouTube\" target=\"_blank\" class=\"icon primary button circle youtube tooltip\" title=\"Follow on YouTube\" aria-label=\"Follow on YouTube\" rel=\"noopener nofollow\" ><i class=\"icon-youtube\" ><\/i><\/a><\/div>\n\n\t<div id=\"gap-47590083\" class=\"gap-element clearfix\" style=\"display:block; height:auto;\">\n\t\t\n<style>\n#gap-47590083 {\n  padding-top: 3px;\n}\n<\/style>\n\t<\/div>\n\t\n\n\n\t\t<\/div>\n\n\t\t\n<style>\n#section_1385907057 {\n  padding-top: 30px;\n  padding-bottom: 30px;\n  background-color: rgb(255,255,255);\n}\n@media (min-width:550px) {\n  #section_1385907057 {\n    padding-top: 1px;\n    padding-bottom: 1px;\n  }\n}\n<\/style>\n\t<\/section>\n\t\n","protected":false},"excerpt":{"rendered":"","protected":false},"author":1,"featured_media":0,"parent":0,"menu_order":0,"comment_status":"closed","ping_status":"closed","template":"page-transparent-header-light.php","meta":{"_monsterinsights_skip_tracking":false,"_monsterinsights_sitenote_active":false,"_monsterinsights_sitenote_note":"","_monsterinsights_sitenote_category":0,"footnotes":"","_links_to":"","_links_to_target":""},"_links":{"self":[{"href":"https:\/\/tzp-kupa.hr\/hr\/wp-json\/wp\/v2\/pages\/33134"}],"collection":[{"href":"https:\/\/tzp-kupa.hr\/hr\/wp-json\/wp\/v2\/pages"}],"about":[{"href":"https:\/\/tzp-kupa.hr\/hr\/wp-json\/wp\/v2\/types\/page"}],"author":[{"embeddable":true,"href":"https:\/\/tzp-kupa.hr\/hr\/wp-json\/wp\/v2\/users\/1"}],"replies":[{"embeddable":true,"href":"https:\/\/tzp-kupa.hr\/hr\/wp-json\/wp\/v2\/comments?post=33134"}],"version-history":[{"count":2,"href":"https:\/\/tzp-kupa.hr\/hr\/wp-json\/wp\/v2\/pages\/33134\/revisions"}],"predecessor-version":[{"id":37776,"href":"https:\/\/tzp-kupa.hr\/hr\/wp-json\/wp\/v2\/pages\/33134\/revisions\/37776"}],"wp:attachment":[{"href":"https:\/\/tzp-kupa.hr\/hr\/wp-json\/wp\/v2\/media?parent=33134"}],"curies":[{"name":"wp","href":"https:\/\/api.w.org\/{rel}","templated":true}]}}