{"id":33127,"date":"2022-02-15T18:44:53","date_gmt":"2022-02-15T18:44:53","guid":{"rendered":"https:\/\/tzp-kupa.hr\/hr\/?page_id=33127"},"modified":"2024-02-20T08:22:09","modified_gmt":"2024-02-20T07:22:09","slug":"restoran-zganjer","status":"publish","type":"page","link":"https:\/\/tzp-kupa.hr\/hr\/restoran-zganjer\/","title":{"rendered":"Restoran \u017dganjer"},"content":{"rendered":"  <div id=\"page-header-1520541327\" class=\"page-header-wrapper\">\n  <div class=\"page-title dark featured-title\">\n\n        <div class=\"page-title-bg\">\n      <div class=\"title-bg fill bg-fill\"\n        data-parallax-container=\".page-title\"\n        data-parallax-background\n        data-parallax=\"-\">\n      <\/div>\n      <div class=\"title-overlay fill\"><\/div>\n    <\/div>\n    \n    <div class=\"page-title-inner container align-center flex-row medium-flex-wrap\" >\n              <div class=\"title-wrapper is-small flex-col text-left medium-text-center\">\n          <h1 class=\"entry-title mb-0\">\n            Restoran \u017dganjer          <\/h1>\n        <\/div>\n                    <div class=\"title-content flex-col flex-right text-right medium-text-center\">\n        <div class=\"title-breadcrumbs pb-half pt-half\"><\/div>      <\/div>\n    <\/div>\n\n     \n<style>\n#page-header-1520541327 .page-title-inner {\n  min-height: 155px;\n}\n#page-header-1520541327 .title-bg {\n  background-image: url(https:\/\/tzp-kupa.hr\/hr\/wp-content\/uploads\/2024\/02\/ozalj-dvorac.jpg);\n  background-position: 22% 13%;\n}\n<\/style>\n  <\/div>\n    <\/div>\n  \n\t<section class=\"section\" id=\"section_505523765\">\n\t\t<div class=\"bg section-bg fill bg-fill  bg-loaded\" >\n\n\t\t\t\n\t\t\t\n\t\t\t\n\n\t\t<\/div>\n\n\t\t\n\n\t\t<div class=\"section-content relative\">\n\t\t\t\n<div class=\"row\"  id=\"row-830465609\">\n\n\t<div id=\"col-1611798074\" class=\"col small-12 large-12\"  >\n\t\t\t\t<div class=\"col-inner\"  >\n\t\t\t\n\t\t\t\n<p class=\"lead\"><strong>RESTORAN \u017dGANJER, Ja\u0161kovo 51 47280, Ozalj<\/strong><\/p>\n<p>+385 (0)47 751 200, <a href=\"mailto:info@restoran-zganjer.hr\">info@restoran-zganjer.hr<\/a>, <a href=\"https:\/\/restoran-zganjer.hr\/\" target=\"_blank\" rel=\"noopener\">www.restoran-zganjer.hr<\/a>, <a href=\"https:\/\/goo.gl\/maps\/VBxShVXPK1D4qvn46\" target=\"_blank\" rel=\"noopener\">Google mapa<\/a><\/p>\n\t\t<\/div>\n\t\t\t\t\n<style>\n#col-1611798074 > .col-inner {\n  margin: 0px 0px -33px 0px;\n}\n<\/style>\n\t<\/div>\n\n\t\n<\/div>\n\t\t<\/div>\n\n\t\t\n<style>\n#section_505523765 {\n  padding-top: 30px;\n  padding-bottom: 30px;\n}\n<\/style>\n\t<\/section>\n\t\n\t<section class=\"section\" id=\"section_8275091\">\n\t\t<div class=\"bg section-bg fill bg-fill  bg-loaded\" >\n\n\t\t\t\n\t\t\t<div class=\"section-bg-overlay absolute fill\"><\/div>\n\t\t\t\n\n\t\t<\/div>\n\n\t\t\n\n\t\t<div class=\"section-content relative\">\n\t\t\t\n<div class=\"row\"  id=\"row-1168655970\">\n\n\t<div id=\"col-2018640451\" class=\"col medium-6 small-12 large-6\"  >\n\t\t\t\t<div class=\"col-inner\"  >\n\t\t\t\n\t\t\t\n<p>Restoran \u017dganjer je spoj tradicije i modernih trendova u slu\u017ebi zadovoljstva na\u0161ih gostiju! Za nas je ugostiteljstvo \u017eivotni stil, a generacije zadovoljnih gostiju snaga koja nas motivira. Osobitost restorana \u010dini tradicija dovoza \u017eivih janjaca s otoka Paga i Krka i priprema na ra\u017enju nad bukovim drvima neposredno prije.<\/p>\n\t\t<\/div>\n\t\t\t\t\t<\/div>\n\n\t\n\n\t<div id=\"col-1080529427\" class=\"col medium-6 small-12 large-6\"  >\n\t\t\t\t<div class=\"col-inner\"  >\n\t\t\t\n\t\t\t\n\t<div class=\"img has-hover x md-x lg-x y md-y lg-y\" id=\"image_1706850022\">\n\t\t\t\t\t\t\t\t<div class=\"img-inner dark\" >\n\t\t\t<img loading=\"lazy\" decoding=\"async\" width=\"900\" height=\"600\" src=\"https:\/\/tzp-kupa.hr\/hr\/wp-content\/uploads\/2022\/02\/restoran-zganjer-08.jpg\" class=\"attachment-large size-large\" alt=\"\" srcset=\"https:\/\/tzp-kupa.hr\/hr\/wp-content\/uploads\/2022\/02\/restoran-zganjer-08.jpg 900w, https:\/\/tzp-kupa.hr\/hr\/wp-content\/uploads\/2022\/02\/restoran-zganjer-08-600x400.jpg 600w, https:\/\/tzp-kupa.hr\/hr\/wp-content\/uploads\/2022\/02\/restoran-zganjer-08-768x512.jpg 768w\" sizes=\"(max-width: 900px) 100vw, 900px\" \/>\t\t\t\t\t\t\n\t\t\t\t\t<\/div>\n\t\t\t\t\t\t\t\t\n<style>\n#image_1706850022 {\n  width: 100%;\n}\n<\/style>\n\t<\/div>\n\t\n\t\t<\/div>\n\t\t\t\t\t<\/div>\n\n\t\n<\/div>\n\t\t<\/div>\n\n\t\t\n<style>\n#section_8275091 {\n  padding-top: 0px;\n  padding-bottom: 0px;\n  background-color: rgb(243, 243, 243);\n}\n#section_8275091 .section-bg-overlay {\n  background-color: rgba(255, 255, 255, 0.9);\n}\n<\/style>\n\t<\/section>\n\t\n\n  \n    <div class=\"row large-columns-3 medium-columns- small-columns-2 row-xsmall slider row-slider slider-nav-reveal\"  data-flickity-options='{\"imagesLoaded\": true, \"groupCells\": \"100%\", \"dragThreshold\" : 5, \"cellAlign\": \"left\",\"wrapAround\": true,\"prevNextButtons\": true,\"percentPosition\": true,\"pageDots\": false, \"rightToLeft\": false, \"autoPlay\" : false}' >\n\n  <div class=\"gallery-col col\" >\n          <div class=\"col-inner\">\n            <a class=\"image-lightbox lightbox-gallery\" href=\"https:\/\/tzp-kupa.hr\/hr\/wp-content\/uploads\/2022\/02\/janjetina.jpg\" title=\"\">            <div class=\"box has-hover gallery-box box-overlay dark\">\n              <div class=\"box-image\" >\n                <img loading=\"lazy\" decoding=\"async\" width=\"600\" height=\"400\" src=\"https:\/\/tzp-kupa.hr\/hr\/wp-content\/uploads\/2022\/02\/janjetina-600x400.jpg\" class=\"attachment-medium size-medium\" alt=\"\" ids=\"33246,33247,33248,33249,33250,33251,33252,33253\" type=\"slider\" col_spacing=\"xsmall\" columns=\"3\" srcset=\"https:\/\/tzp-kupa.hr\/hr\/wp-content\/uploads\/2022\/02\/janjetina-600x400.jpg 600w, https:\/\/tzp-kupa.hr\/hr\/wp-content\/uploads\/2022\/02\/janjetina-768x512.jpg 768w, https:\/\/tzp-kupa.hr\/hr\/wp-content\/uploads\/2022\/02\/janjetina.jpg 900w\" sizes=\"(max-width: 600px) 100vw, 600px\" \/>                                  <div class=\"overlay fill\"\n                      style=\"background-color: rgba(0,0,0,.15)\">\n                  <\/div>\n                                                              <\/div>\n              <div class=\"box-text text-left\" >\n                 <p><\/p>\n              <\/div>\n            <\/div>\n            <\/a>          <\/div>\n         <\/div><div class=\"gallery-col col\" >\n          <div class=\"col-inner\">\n            <a class=\"image-lightbox lightbox-gallery\" href=\"https:\/\/tzp-kupa.hr\/hr\/wp-content\/uploads\/2022\/02\/restoran-zganjer-01.jpg\" title=\"\">            <div class=\"box has-hover gallery-box box-overlay dark\">\n              <div class=\"box-image\" >\n                <img loading=\"lazy\" decoding=\"async\" width=\"600\" height=\"400\" src=\"https:\/\/tzp-kupa.hr\/hr\/wp-content\/uploads\/2022\/02\/restoran-zganjer-01-600x400.jpg\" class=\"attachment-medium size-medium\" alt=\"\" ids=\"33246,33247,33248,33249,33250,33251,33252,33253\" type=\"slider\" col_spacing=\"xsmall\" columns=\"3\" srcset=\"https:\/\/tzp-kupa.hr\/hr\/wp-content\/uploads\/2022\/02\/restoran-zganjer-01-600x400.jpg 600w, https:\/\/tzp-kupa.hr\/hr\/wp-content\/uploads\/2022\/02\/restoran-zganjer-01-768x512.jpg 768w, https:\/\/tzp-kupa.hr\/hr\/wp-content\/uploads\/2022\/02\/restoran-zganjer-01.jpg 900w\" sizes=\"(max-width: 600px) 100vw, 600px\" \/>                                  <div class=\"overlay fill\"\n                      style=\"background-color: rgba(0,0,0,.15)\">\n                  <\/div>\n                                                              <\/div>\n              <div class=\"box-text text-left\" >\n                 <p><\/p>\n              <\/div>\n            <\/div>\n            <\/a>          <\/div>\n         <\/div><div class=\"gallery-col col\" >\n          <div class=\"col-inner\">\n            <a class=\"image-lightbox lightbox-gallery\" href=\"https:\/\/tzp-kupa.hr\/hr\/wp-content\/uploads\/2022\/02\/restoran-zganjer-02.jpg\" title=\"\">            <div class=\"box has-hover gallery-box box-overlay dark\">\n              <div class=\"box-image\" >\n                <img loading=\"lazy\" decoding=\"async\" width=\"600\" height=\"400\" src=\"https:\/\/tzp-kupa.hr\/hr\/wp-content\/uploads\/2022\/02\/restoran-zganjer-02-600x400.jpg\" class=\"attachment-medium size-medium\" alt=\"\" ids=\"33246,33247,33248,33249,33250,33251,33252,33253\" type=\"slider\" col_spacing=\"xsmall\" columns=\"3\" srcset=\"https:\/\/tzp-kupa.hr\/hr\/wp-content\/uploads\/2022\/02\/restoran-zganjer-02-600x400.jpg 600w, https:\/\/tzp-kupa.hr\/hr\/wp-content\/uploads\/2022\/02\/restoran-zganjer-02-768x512.jpg 768w, https:\/\/tzp-kupa.hr\/hr\/wp-content\/uploads\/2022\/02\/restoran-zganjer-02.jpg 900w\" sizes=\"(max-width: 600px) 100vw, 600px\" \/>                                  <div class=\"overlay fill\"\n                      style=\"background-color: rgba(0,0,0,.15)\">\n                  <\/div>\n                                                              <\/div>\n              <div class=\"box-text text-left\" >\n                 <p><\/p>\n              <\/div>\n            <\/div>\n            <\/a>          <\/div>\n         <\/div><div class=\"gallery-col col\" >\n          <div class=\"col-inner\">\n            <a class=\"image-lightbox lightbox-gallery\" href=\"https:\/\/tzp-kupa.hr\/hr\/wp-content\/uploads\/2022\/02\/restoran-zganjer-04.jpg\" title=\"\">            <div class=\"box has-hover gallery-box box-overlay dark\">\n              <div class=\"box-image\" >\n                <img loading=\"lazy\" decoding=\"async\" width=\"600\" height=\"400\" src=\"https:\/\/tzp-kupa.hr\/hr\/wp-content\/uploads\/2022\/02\/restoran-zganjer-04-600x400.jpg\" class=\"attachment-medium size-medium\" alt=\"\" ids=\"33246,33247,33248,33249,33250,33251,33252,33253\" type=\"slider\" col_spacing=\"xsmall\" columns=\"3\" srcset=\"https:\/\/tzp-kupa.hr\/hr\/wp-content\/uploads\/2022\/02\/restoran-zganjer-04-600x400.jpg 600w, https:\/\/tzp-kupa.hr\/hr\/wp-content\/uploads\/2022\/02\/restoran-zganjer-04-768x512.jpg 768w, https:\/\/tzp-kupa.hr\/hr\/wp-content\/uploads\/2022\/02\/restoran-zganjer-04.jpg 900w\" sizes=\"(max-width: 600px) 100vw, 600px\" \/>                                  <div class=\"overlay fill\"\n                      style=\"background-color: rgba(0,0,0,.15)\">\n                  <\/div>\n                                                              <\/div>\n              <div class=\"box-text text-left\" >\n                 <p><\/p>\n              <\/div>\n            <\/div>\n            <\/a>          <\/div>\n         <\/div><div class=\"gallery-col col\" >\n          <div class=\"col-inner\">\n            <a class=\"image-lightbox lightbox-gallery\" href=\"https:\/\/tzp-kupa.hr\/hr\/wp-content\/uploads\/2022\/02\/restoran-zganjer-06.jpg\" title=\"\">            <div class=\"box has-hover gallery-box box-overlay dark\">\n              <div class=\"box-image\" >\n                <img loading=\"lazy\" decoding=\"async\" width=\"600\" height=\"400\" src=\"https:\/\/tzp-kupa.hr\/hr\/wp-content\/uploads\/2022\/02\/restoran-zganjer-06-600x400.jpg\" class=\"attachment-medium size-medium\" alt=\"\" ids=\"33246,33247,33248,33249,33250,33251,33252,33253\" type=\"slider\" col_spacing=\"xsmall\" columns=\"3\" srcset=\"https:\/\/tzp-kupa.hr\/hr\/wp-content\/uploads\/2022\/02\/restoran-zganjer-06-600x400.jpg 600w, https:\/\/tzp-kupa.hr\/hr\/wp-content\/uploads\/2022\/02\/restoran-zganjer-06-768x512.jpg 768w, https:\/\/tzp-kupa.hr\/hr\/wp-content\/uploads\/2022\/02\/restoran-zganjer-06.jpg 900w\" sizes=\"(max-width: 600px) 100vw, 600px\" \/>                                  <div class=\"overlay fill\"\n                      style=\"background-color: rgba(0,0,0,.15)\">\n                  <\/div>\n                                                              <\/div>\n              <div class=\"box-text text-left\" >\n                 <p><\/p>\n              <\/div>\n            <\/div>\n            <\/a>          <\/div>\n         <\/div><div class=\"gallery-col col\" >\n          <div class=\"col-inner\">\n            <a class=\"image-lightbox lightbox-gallery\" href=\"https:\/\/tzp-kupa.hr\/hr\/wp-content\/uploads\/2022\/02\/restoran-zganjer-07.jpg\" title=\"\">            <div class=\"box has-hover gallery-box box-overlay dark\">\n              <div class=\"box-image\" >\n                <img loading=\"lazy\" decoding=\"async\" width=\"600\" height=\"400\" src=\"https:\/\/tzp-kupa.hr\/hr\/wp-content\/uploads\/2022\/02\/restoran-zganjer-07-600x400.jpg\" class=\"attachment-medium size-medium\" alt=\"\" ids=\"33246,33247,33248,33249,33250,33251,33252,33253\" type=\"slider\" col_spacing=\"xsmall\" columns=\"3\" srcset=\"https:\/\/tzp-kupa.hr\/hr\/wp-content\/uploads\/2022\/02\/restoran-zganjer-07-600x400.jpg 600w, https:\/\/tzp-kupa.hr\/hr\/wp-content\/uploads\/2022\/02\/restoran-zganjer-07-768x512.jpg 768w, https:\/\/tzp-kupa.hr\/hr\/wp-content\/uploads\/2022\/02\/restoran-zganjer-07.jpg 900w\" sizes=\"(max-width: 600px) 100vw, 600px\" \/>                                  <div class=\"overlay fill\"\n                      style=\"background-color: rgba(0,0,0,.15)\">\n                  <\/div>\n                                                              <\/div>\n              <div class=\"box-text text-left\" >\n                 <p><\/p>\n              <\/div>\n            <\/div>\n            <\/a>          <\/div>\n         <\/div><div class=\"gallery-col col\" >\n          <div class=\"col-inner\">\n            <a class=\"image-lightbox lightbox-gallery\" href=\"https:\/\/tzp-kupa.hr\/hr\/wp-content\/uploads\/2022\/02\/restoran-zganjer-08.jpg\" title=\"\">            <div class=\"box has-hover gallery-box box-overlay dark\">\n              <div class=\"box-image\" >\n                <img loading=\"lazy\" decoding=\"async\" width=\"600\" height=\"400\" src=\"https:\/\/tzp-kupa.hr\/hr\/wp-content\/uploads\/2022\/02\/restoran-zganjer-08-600x400.jpg\" class=\"attachment-medium size-medium\" alt=\"\" ids=\"33246,33247,33248,33249,33250,33251,33252,33253\" type=\"slider\" col_spacing=\"xsmall\" columns=\"3\" srcset=\"https:\/\/tzp-kupa.hr\/hr\/wp-content\/uploads\/2022\/02\/restoran-zganjer-08-600x400.jpg 600w, https:\/\/tzp-kupa.hr\/hr\/wp-content\/uploads\/2022\/02\/restoran-zganjer-08-768x512.jpg 768w, https:\/\/tzp-kupa.hr\/hr\/wp-content\/uploads\/2022\/02\/restoran-zganjer-08.jpg 900w\" sizes=\"(max-width: 600px) 100vw, 600px\" \/>                                  <div class=\"overlay fill\"\n                      style=\"background-color: rgba(0,0,0,.15)\">\n                  <\/div>\n                                                              <\/div>\n              <div class=\"box-text text-left\" >\n                 <p><\/p>\n              <\/div>\n            <\/div>\n            <\/a>          <\/div>\n         <\/div><div class=\"gallery-col col\" >\n          <div class=\"col-inner\">\n            <a class=\"image-lightbox lightbox-gallery\" href=\"https:\/\/tzp-kupa.hr\/hr\/wp-content\/uploads\/2022\/02\/zganjer-2.jpg\" title=\"\">            <div class=\"box has-hover gallery-box box-overlay dark\">\n              <div class=\"box-image\" >\n                <img loading=\"lazy\" decoding=\"async\" width=\"599\" height=\"400\" src=\"https:\/\/tzp-kupa.hr\/hr\/wp-content\/uploads\/2022\/02\/zganjer-2-599x400.jpg\" class=\"attachment-medium size-medium\" alt=\"\" ids=\"33246,33247,33248,33249,33250,33251,33252,33253\" type=\"slider\" col_spacing=\"xsmall\" columns=\"3\" srcset=\"https:\/\/tzp-kupa.hr\/hr\/wp-content\/uploads\/2022\/02\/zganjer-2-599x400.jpg 599w, https:\/\/tzp-kupa.hr\/hr\/wp-content\/uploads\/2022\/02\/zganjer-2-768x513.jpg 768w, https:\/\/tzp-kupa.hr\/hr\/wp-content\/uploads\/2022\/02\/zganjer-2-600x401.jpg 600w, https:\/\/tzp-kupa.hr\/hr\/wp-content\/uploads\/2022\/02\/zganjer-2.jpg 900w\" sizes=\"(max-width: 599px) 100vw, 599px\" \/>                                  <div class=\"overlay fill\"\n                      style=\"background-color: rgba(0,0,0,.15)\">\n                  <\/div>\n                                                              <\/div>\n              <div class=\"box-text text-left\" >\n                 <p><\/p>\n              <\/div>\n            <\/div>\n            <\/a>          <\/div>\n         <\/div><\/div>\n<div class=\"row row-collapse\"  id=\"row-1065810111\">\n\n\n\t<div id=\"col-692201538\" class=\"col small-12 large-12\"  >\n\t\t\t\t<div class=\"col-inner\"  >\n\t\t\t\n\t\t\t\n\n<div class=\"row row-large\"  id=\"row-984254715\">\n\n\n\t<div id=\"col-1123794561\" class=\"col medium-6 small-12 large-6\"  >\n\t\t\t\t<div class=\"col-inner\"  >\n\t\t\t\n\t\t\t\n\n<div class=\"row\"  id=\"row-189984845\">\n\n\n\t<div id=\"col-1308760904\" class=\"col medium-6 small-12 large-6\"  >\n\t\t\t\t<div class=\"col-inner\"  >\n\t\t\t\n\t\t\t\n\n\t<div class=\"ux-menu stack stack-col justify-start ux-menu--divider-solid\">\n\t\t\n\n\t<div class=\"ux-menu-link flex menu-item\">\n\t\t<a class=\"ux-menu-link__link flex\" href=\"https:\/\/tzp-kupa.hr\/hr\/restoran-vivodina\/\" >\n\t\t\t<i class=\"ux-menu-link__icon text-center icon-angle-right\" ><\/i>\t\t\t<span class=\"ux-menu-link__text\">\n\t\t\t\tRestoran Vivodina\t\t\t<\/span>\n\t\t<\/a>\n\t<\/div>\n\t\n\n\t<div class=\"ux-menu-link flex menu-item\">\n\t\t<a class=\"ux-menu-link__link flex\" href=\"https:\/\/tzp-kupa.hr\/hr\/restoran-zganjer\/\" >\n\t\t\t<i class=\"ux-menu-link__icon text-center icon-angle-right\" ><\/i>\t\t\t<span class=\"ux-menu-link__text\">\n\t\t\t\tRestoran \u017dganjer\t\t\t<\/span>\n\t\t<\/a>\n\t<\/div>\n\t\n\n\t<div class=\"ux-menu-link flex menu-item\">\n\t\t<a class=\"ux-menu-link__link flex\" href=\"https:\/\/tzp-kupa.hr\/hr\/restoran-papalina\/\" >\n\t\t\t<i class=\"ux-menu-link__icon text-center icon-angle-right\" ><\/i>\t\t\t<span class=\"ux-menu-link__text\">\n\t\t\t\tRestoran Papalina\t\t\t<\/span>\n\t\t<\/a>\n\t<\/div>\n\t\n\n\t<div class=\"ux-menu-link flex menu-item\">\n\t\t<a class=\"ux-menu-link__link flex\" href=\"https:\/\/tzp-kupa.hr\/hr\/viki-grill\/\" >\n\t\t\t<i class=\"ux-menu-link__icon text-center icon-angle-right\" ><\/i>\t\t\t<span class=\"ux-menu-link__text\">\n\t\t\t\tViki Grill\t\t\t<\/span>\n\t\t<\/a>\n\t<\/div>\n\t\n\n\n\t<\/div>\n\t\n\n\t\t<\/div>\n\t\t\t\t\t<\/div>\n\n\t\n\n\t<div id=\"col-1680239824\" class=\"col medium-6 small-12 large-6\"  >\n\t\t\t\t<div class=\"col-inner\"  >\n\t\t\t\n\t\t\t\n\n\t<div class=\"ux-menu stack stack-col justify-start ux-menu--divider-solid\">\n\t\t\n\n\t<div class=\"ux-menu-link flex menu-item\">\n\t\t<a class=\"ux-menu-link__link flex\" href=\"https:\/\/tzp-kupa.hr\/hr\/restoran-azelija\/\" >\n\t\t\t<i class=\"ux-menu-link__icon text-center icon-angle-right\" ><\/i>\t\t\t<span class=\"ux-menu-link__text\">\n\t\t\t\tRestoran Azelija\t\t\t<\/span>\n\t\t<\/a>\n\t<\/div>\n\t\n\n\t<div class=\"ux-menu-link flex menu-item\">\n\t\t<a class=\"ux-menu-link__link flex\" href=\"https:\/\/tzp-kupa.hr\/hr\/pizzeria-lav\/\" >\n\t\t\t<i class=\"ux-menu-link__icon text-center icon-angle-right\" ><\/i>\t\t\t<span class=\"ux-menu-link__text\">\n\t\t\t\tPizzeria Lav\t\t\t<\/span>\n\t\t<\/a>\n\t<\/div>\n\t\n\n\t<div class=\"ux-menu-link flex menu-item\">\n\t\t<a class=\"ux-menu-link__link flex\" href=\"https:\/\/tzp-kupa.hr\/hr\/ugostiteljstvo-dinamo\/\" >\n\t\t\t<i class=\"ux-menu-link__icon text-center icon-angle-right\" ><\/i>\t\t\t<span class=\"ux-menu-link__text\">\n\t\t\t\tUgostiteljstvo Dinamo\t\t\t<\/span>\n\t\t<\/a>\n\t<\/div>\n\t\n\n\t<div class=\"ux-menu-link flex menu-item\">\n\t\t<a class=\"ux-menu-link__link flex\" href=\"https:\/\/tzp-kupa.hr\/hr\/restoran-doris\/\" >\n\t\t\t<i class=\"ux-menu-link__icon text-center icon-angle-right\" ><\/i>\t\t\t<span class=\"ux-menu-link__text\">\n\t\t\t\tRestoran Doris\t\t\t<\/span>\n\t\t<\/a>\n\t<\/div>\n\t\n\n\n\t<\/div>\n\t\n\n\t\t<\/div>\n\t\t\t\t\t<\/div>\n\n\t\n\n<\/div>\n\n\t\t<\/div>\n\t\t\t\t\t<\/div>\n\n\t\n\n\t<div id=\"col-178071604\" class=\"col medium-6 small-12 large-6\"  >\n\t\t\t\t<div class=\"col-inner\"  >\n\t\t\t\n\t\t\t\n\n<div class=\"row\"  id=\"row-779895590\">\n\n\n\t<div id=\"col-2034851836\" class=\"col medium-6 small-12 large-6\"  >\n\t\t\t\t<div class=\"col-inner\"  >\n\t\t\t\n\t\t\t\n\n\t<div class=\"ux-menu stack stack-col justify-start ux-menu--divider-solid\">\n\t\t\n\n\t<div class=\"ux-menu-link flex menu-item\">\n\t\t<a class=\"ux-menu-link__link flex\" href=\"https:\/\/tzp-kupa.hr\/hr\/srce-prirode-srakovcic-restoran\/\" >\n\t\t\t<i class=\"ux-menu-link__icon text-center icon-angle-right\" ><\/i>\t\t\t<span class=\"ux-menu-link__text\">\n\t\t\t\tSrce prirode Srakov\u010di\u0107\t\t\t<\/span>\n\t\t<\/a>\n\t<\/div>\n\t\n\n\t<div class=\"ux-menu-link flex menu-item\">\n\t\t<a class=\"ux-menu-link__link flex\" href=\"https:\/\/tzp-kupa.hr\/hr\/hotel-draganic-marche\/\" >\n\t\t\t<i class=\"ux-menu-link__icon text-center icon-angle-right\" ><\/i>\t\t\t<span class=\"ux-menu-link__text\">\n\t\t\t\tHotel Dragani\u0107 \u2013 Marche\t\t\t<\/span>\n\t\t<\/a>\n\t<\/div>\n\t\n\n\t<div class=\"ux-menu-link flex menu-item\">\n\t\t<a class=\"ux-menu-link__link flex\" href=\"https:\/\/tzp-kupa.hr\/hr\/bistro-dino\/\" >\n\t\t\t<i class=\"ux-menu-link__icon text-center icon-angle-right\" ><\/i>\t\t\t<span class=\"ux-menu-link__text\">\n\t\t\t\tBistro \u0110ino\t\t\t<\/span>\n\t\t<\/a>\n\t<\/div>\n\t\n\n\n\t<\/div>\n\t\n\n\t\t<\/div>\n\t\t\t\t\t<\/div>\n\n\t\n\n\t<div id=\"col-943943048\" class=\"col medium-6 small-12 large-6\"  >\n\t\t\t\t<div class=\"col-inner\"  >\n\t\t\t\n\t\t\t\n\n\t<div class=\"ux-menu stack stack-col justify-start ux-menu--divider-solid\">\n\t\t\n\n\t<div class=\"ux-menu-link flex menu-item\">\n\t\t<a class=\"ux-menu-link__link flex\" href=\"https:\/\/tzp-kupa.hr\/hr\/pekarna-ozalj\/\" >\n\t\t\t<i class=\"ux-menu-link__icon text-center icon-angle-right\" ><\/i>\t\t\t<span class=\"ux-menu-link__text\">\n\t\t\t\tPekarna Ozalj\t\t\t<\/span>\n\t\t<\/a>\n\t<\/div>\n\t\n\n\t<div class=\"ux-menu-link flex menu-item\">\n\t\t<a class=\"ux-menu-link__link flex\" href=\"https:\/\/tzp-kupa.hr\/hr\/restoran-marijana\/\" >\n\t\t\t<i class=\"ux-menu-link__icon text-center icon-angle-right\" ><\/i>\t\t\t<span class=\"ux-menu-link__text\">\n\t\t\t\tRestoran Marijana\t\t\t<\/span>\n\t\t<\/a>\n\t<\/div>\n\t\n\n\t<div class=\"ux-menu-link flex menu-item\">\n\t\t<a class=\"ux-menu-link__link flex\" href=\"https:\/\/tzp-kupa.hr\/hr\/seljacko-domacinstvo-stjepan-culig\/\" >\n\t\t\t<i class=\"ux-menu-link__icon text-center icon-angle-right\" ><\/i>\t\t\t<span class=\"ux-menu-link__text\">\n\t\t\t\tSelja\u010dko doma\u0107instvo \u010culig\t\t\t<\/span>\n\t\t<\/a>\n\t<\/div>\n\t\n\n\n\t<\/div>\n\t\n\n\t\t<\/div>\n\t\t\t\t\t<\/div>\n\n\t\n\n<\/div>\n\n\t\t<\/div>\n\t\t\t\t\t<\/div>\n\n\t\n\n<\/div>\n\n\t\t<\/div>\n\t\t\t\t\n<style>\n#col-692201538 > .col-inner {\n  padding: 60px 0px 0px 0px;\n}\n<\/style>\n\t<\/div>\n\n\t\n\n<\/div>\n\t<section class=\"section dark\" id=\"section_366348653\">\n\t\t<div class=\"bg section-bg fill bg-fill  bg-loaded\" >\n\n\t\t\t\n\t\t\t\n\t\t\t\n\n\t\t<\/div>\n\n\t\t\n\n\t\t<div class=\"section-content relative\">\n\t\t\t\n\n\t<div id=\"gap-1927464996\" class=\"gap-element clearfix\" style=\"display:block; height:auto;\">\n\t\t\n<style>\n#gap-1927464996 {\n  padding-top: 17px;\n}\n<\/style>\n\t<\/div>\n\t\n\n<div class=\"row align-center\"  id=\"row-992136884\">\n\n\n\t<div id=\"col-721296468\" class=\"col small-12 large-12\"  >\n\t\t\t\t<div class=\"col-inner text-center\"  >\n\t\t\t\n\t\t\t\n\n\t<div id=\"text-945611235\" class=\"text\">\n\t\t\n\n<p><img loading=\"lazy\" decoding=\"async\" class=\"aligncenter size-full wp-image-37518\" src=\"https:\/\/tzp-kupa.hr\/hr\/wp-content\/uploads\/2022\/02\/kupa-small.png\" alt=\"\" width=\"50\" height=\"24\" \/>2026 \u00a9 Turisti\u010dka zajednica podru\u010dja Kupa, Kurilovac 1, 47280 Ozalj, HR Hrvatska<br \/>Radni dan: 7:00 \u2013 15:00, Subota, nedelja: neradno, Praznici i blagdani neradni<br \/><a href=\"#\"><u>Politika privatnosti<\/u><\/a>\u00a0 <a href=\"#\"><u>Za\u0161tita privatnosti<\/u><\/a>\u00a0 <a href=\"#\"><u>Kori\u0161tenje kola\u010di\u0107a<\/u><\/a><\/p>\n\t\t\n<style>\n#text-945611235 {\n  font-size: 0.8rem;\n  color: rgb(119, 119, 119);\n}\n#text-945611235 > * {\n  color: rgb(119, 119, 119);\n}\n<\/style>\n\t<\/div>\n\t\n\n\t\t<\/div>\n\t\t\t\t\n<style>\n#col-721296468 > .col-inner {\n  margin: 0px 0px -35px 0px;\n}\n<\/style>\n\t<\/div>\n\n\t\n\n\n<style>\n#row-992136884 > .col > .col-inner {\n  padding: 0px 00pxpx 0px 0px;\n}\n<\/style>\n<\/div>\n<div class=\"social-icons follow-icons full-width text-center\" style=\"font-size:70%\"><a href=\"https:\/\/www.facebook.com\/visitkupa\" target=\"_blank\" data-label=\"Facebook\" class=\"icon primary button circle facebook tooltip\" title=\"Follow on Facebook\" aria-label=\"Follow on Facebook\" rel=\"noopener nofollow\" ><i class=\"icon-facebook\" ><\/i><\/a><a href=\"https:\/\/www.instagram.com\/visitkupa\/\" target=\"_blank\" data-label=\"Instagram\" class=\"icon primary button circle instagram tooltip\" title=\"Follow on Instagram\" aria-label=\"Follow on Instagram\" rel=\"noopener nofollow\" ><i class=\"icon-instagram\" ><\/i><\/a><a href=\"https:\/\/www.tiktok.com\/@tzpkupa\" target=\"_blank\" data-label=\"TikTok\" class=\"icon primary button circle tiktok tooltip\" title=\"Follow on TikTok\" aria-label=\"Follow on TikTok\" rel=\"noopener nofollow\" ><i class=\"icon-tiktok\" ><\/i><\/a><a href=\"mailto:info@tzp-kupa.hr\" data-label=\"E-mail\" target=\"_blank\" class=\"icon primary button circle email tooltip\" title=\"Send us an email\" aria-label=\"Send us an email\" rel=\"nofollow noopener\" ><i class=\"icon-envelop\" ><\/i><\/a><a href=\"https:\/\/www.youtube.com\/channel\/UCUVM_qtiDdwNCWHzjzkmb-A\/videos\" data-label=\"YouTube\" target=\"_blank\" class=\"icon primary button circle youtube tooltip\" title=\"Follow on YouTube\" aria-label=\"Follow on YouTube\" rel=\"noopener nofollow\" ><i class=\"icon-youtube\" ><\/i><\/a><\/div>\n\n\t<div id=\"gap-519375977\" class=\"gap-element clearfix\" style=\"display:block; height:auto;\">\n\t\t\n<style>\n#gap-519375977 {\n  padding-top: 3px;\n}\n<\/style>\n\t<\/div>\n\t\n\n\n\t\t<\/div>\n\n\t\t\n<style>\n#section_366348653 {\n  padding-top: 30px;\n  padding-bottom: 30px;\n  background-color: rgb(255,255,255);\n}\n@media (min-width:550px) {\n  #section_366348653 {\n    padding-top: 1px;\n    padding-bottom: 1px;\n  }\n}\n<\/style>\n\t<\/section>\n\t\n","protected":false},"excerpt":{"rendered":"","protected":false},"author":1,"featured_media":0,"parent":0,"menu_order":0,"comment_status":"closed","ping_status":"closed","template":"page-transparent-header-light.php","meta":{"_monsterinsights_skip_tracking":false,"_monsterinsights_sitenote_active":false,"_monsterinsights_sitenote_note":"","_monsterinsights_sitenote_category":0,"footnotes":"","_links_to":"","_links_to_target":""},"_links":{"self":[{"href":"https:\/\/tzp-kupa.hr\/hr\/wp-json\/wp\/v2\/pages\/33127"}],"collection":[{"href":"https:\/\/tzp-kupa.hr\/hr\/wp-json\/wp\/v2\/pages"}],"about":[{"href":"https:\/\/tzp-kupa.hr\/hr\/wp-json\/wp\/v2\/types\/page"}],"author":[{"embeddable":true,"href":"https:\/\/tzp-kupa.hr\/hr\/wp-json\/wp\/v2\/users\/1"}],"replies":[{"embeddable":true,"href":"https:\/\/tzp-kupa.hr\/hr\/wp-json\/wp\/v2\/comments?post=33127"}],"version-history":[{"count":3,"href":"https:\/\/tzp-kupa.hr\/hr\/wp-json\/wp\/v2\/pages\/33127\/revisions"}],"predecessor-version":[{"id":37774,"href":"https:\/\/tzp-kupa.hr\/hr\/wp-json\/wp\/v2\/pages\/33127\/revisions\/37774"}],"wp:attachment":[{"href":"https:\/\/tzp-kupa.hr\/hr\/wp-json\/wp\/v2\/media?parent=33127"}],"curies":[{"name":"wp","href":"https:\/\/api.w.org\/{rel}","templated":true}]}}