{"id":33070,"date":"2022-02-15T16:35:37","date_gmt":"2022-02-15T16:35:37","guid":{"rendered":"https:\/\/tzp-kupa.hr\/hr\/?page_id=33070"},"modified":"2024-02-20T08:55:57","modified_gmt":"2024-02-20T07:55:57","slug":"restoran-viki-grill","status":"publish","type":"page","link":"https:\/\/tzp-kupa.hr\/hr\/restoran-viki-grill\/","title":{"rendered":"Restoran Viki Grill"},"content":{"rendered":"  <div id=\"page-header-1868090007\" class=\"page-header-wrapper\">\n  <div class=\"page-title dark featured-title\">\n\n        <div class=\"page-title-bg\">\n      <div class=\"title-bg fill bg-fill\"\n        data-parallax-container=\".page-title\"\n        data-parallax-background\n        data-parallax=\"-\">\n      <\/div>\n      <div class=\"title-overlay fill\"><\/div>\n    <\/div>\n    \n    <div class=\"page-title-inner container align-center flex-row medium-flex-wrap\" >\n              <div class=\"title-wrapper is-small flex-col text-left medium-text-center\">\n          <h1 class=\"entry-title mb-0\">\n            Restoran Viki Grill          <\/h1>\n        <\/div>\n                    <div class=\"title-content flex-col flex-right text-right medium-text-center\">\n        <div class=\"title-breadcrumbs pb-half pt-half\"><\/div>      <\/div>\n    <\/div>\n\n     \n<style>\n#page-header-1868090007 .page-title-inner {\n  min-height: 155px;\n}\n#page-header-1868090007 .title-bg {\n  background-image: url(https:\/\/tzp-kupa.hr\/hr\/wp-content\/uploads\/2024\/02\/ozalj-dvorac.jpg);\n  background-position: 22% 13%;\n}\n<\/style>\n  <\/div>\n    <\/div>\n  \n\t<section class=\"section\" id=\"section_529503257\">\n\t\t<div class=\"bg section-bg fill bg-fill  bg-loaded\" >\n\n\t\t\t\n\t\t\t\n\t\t\t\n\n\t\t<\/div>\n\n\t\t\n\n\t\t<div class=\"section-content relative\">\n\t\t\t\n<div class=\"row\"  id=\"row-1224550780\">\n\n\t<div id=\"col-2083324101\" class=\"col small-12 large-12\"  >\n\t\t\t\t<div class=\"col-inner\"  >\n\t\t\t\n\t\t\t\n<p class=\"lead\"><strong>RESTORAN VIKI GRILL, Ilovac 1a, 47280 Ozalj<\/strong><\/p>\n<p>+385 (0)91 516 7737, <a href=\"mailto:vardijanmario@gmail.com\">vardijanmario@gmail.com<\/a>, <a href=\"https:\/\/seoskiturizamviki.com\/\" target=\"_blank\" rel=\"noopener\">www.seoskiturizamviki.com<\/a>, <a href=\"https:\/\/goo.gl\/maps\/5ea3LzSfHUUVfZnf8\" target=\"_blank\" rel=\"noopener\">Google maps<\/a><\/p>\n\t\t<\/div>\n\t\t\t\t\n<style>\n#col-2083324101 > .col-inner {\n  margin: 0px 0px -33px 0px;\n}\n<\/style>\n\t<\/div>\n\n\t\n<\/div>\n\t\t<\/div>\n\n\t\t\n<style>\n#section_529503257 {\n  padding-top: 30px;\n  padding-bottom: 30px;\n}\n<\/style>\n\t<\/section>\n\t\n\t<section class=\"section\" id=\"section_1861520905\">\n\t\t<div class=\"bg section-bg fill bg-fill  bg-loaded\" >\n\n\t\t\t\n\t\t\t<div class=\"section-bg-overlay absolute fill\"><\/div>\n\t\t\t\n\n\t\t<\/div>\n\n\t\t\n\n\t\t<div class=\"section-content relative\">\n\t\t\t\n<div class=\"row\"  id=\"row-1444936561\">\n\n\t<div id=\"col-1314497576\" class=\"col medium-6 small-12 large-6\"  >\n\t\t\t\t<div class=\"col-inner\"  >\n\t\t\t\n\t\t\t\n<p>U ovom na\u0161em malom kutku, smje\u0161tenom u samom srcu prirode, \u017eivimo prirodu, udi\u0161emo prirodu, u\u017eivamo prirodu i svaki dan iznova upoznajemo prirodu\u2026.jer ovo je na\u0161 seoski turizam. Posjetite nas i dozvolite nam da Vam uljep\u0161amo trenutke, i do\u010daramo za\u0161to \u017eivimo ovakvim na\u010dinom \u017eivota, i za\u0161to smo svoja vrata odlu\u010dili otvoriti svima<\/p>\n\t\t<\/div>\n\t\t\t\t\t<\/div>\n\n\t\n\n\t<div id=\"col-2103344286\" class=\"col medium-6 small-12 large-6\"  >\n\t\t\t\t<div class=\"col-inner\"  >\n\t\t\t\n\t\t\t\n\t<div class=\"img has-hover x md-x lg-x y md-y lg-y\" id=\"image_878641786\">\n\t\t\t\t\t\t\t\t<div class=\"img-inner dark\" >\n\t\t\t<img loading=\"lazy\" decoding=\"async\" width=\"900\" height=\"600\" src=\"https:\/\/tzp-kupa.hr\/hr\/wp-content\/uploads\/2022\/02\/viki-grill-01.jpg\" class=\"attachment-large size-large\" alt=\"\" srcset=\"https:\/\/tzp-kupa.hr\/hr\/wp-content\/uploads\/2022\/02\/viki-grill-01.jpg 900w, https:\/\/tzp-kupa.hr\/hr\/wp-content\/uploads\/2022\/02\/viki-grill-01-600x400.jpg 600w, https:\/\/tzp-kupa.hr\/hr\/wp-content\/uploads\/2022\/02\/viki-grill-01-768x512.jpg 768w\" sizes=\"(max-width: 900px) 100vw, 900px\" \/>\t\t\t\t\t\t\n\t\t\t\t\t<\/div>\n\t\t\t\t\t\t\t\t\n<style>\n#image_878641786 {\n  width: 100%;\n}\n<\/style>\n\t<\/div>\n\t\n\t\t<\/div>\n\t\t\t\t\t<\/div>\n\n\t\n<\/div>\n\t\t<\/div>\n\n\t\t\n<style>\n#section_1861520905 {\n  padding-top: 0px;\n  padding-bottom: 0px;\n  background-color: rgb(243, 243, 243);\n}\n#section_1861520905 .section-bg-overlay {\n  background-color: rgba(255, 255, 255, 0.9);\n}\n<\/style>\n\t<\/section>\n\t\n\n  \n    <div class=\"row large-columns-3 medium-columns- small-columns-2 row-xsmall slider row-slider slider-nav-reveal\"  data-flickity-options='{\"imagesLoaded\": true, \"groupCells\": \"100%\", \"dragThreshold\" : 5, \"cellAlign\": \"left\",\"wrapAround\": true,\"prevNextButtons\": true,\"percentPosition\": true,\"pageDots\": false, \"rightToLeft\": false, \"autoPlay\" : false}' >\n\n  <div class=\"gallery-col col\" >\n          <div class=\"col-inner\">\n            <a class=\"image-lightbox lightbox-gallery\" href=\"https:\/\/tzp-kupa.hr\/hr\/wp-content\/uploads\/2022\/02\/viki-grill-08.jpg\" title=\"\">            <div class=\"box has-hover gallery-box box-overlay dark\">\n              <div class=\"box-image\" >\n                <img loading=\"lazy\" decoding=\"async\" width=\"600\" height=\"400\" src=\"https:\/\/tzp-kupa.hr\/hr\/wp-content\/uploads\/2022\/02\/viki-grill-08-600x400.jpg\" class=\"attachment-medium size-medium\" alt=\"\" ids=\"33106,33105,33104,33103,33102,33101,33100,33099,33098,33097\" type=\"slider\" col_spacing=\"xsmall\" columns=\"3\" srcset=\"https:\/\/tzp-kupa.hr\/hr\/wp-content\/uploads\/2022\/02\/viki-grill-08-600x400.jpg 600w, https:\/\/tzp-kupa.hr\/hr\/wp-content\/uploads\/2022\/02\/viki-grill-08-768x512.jpg 768w, https:\/\/tzp-kupa.hr\/hr\/wp-content\/uploads\/2022\/02\/viki-grill-08.jpg 900w\" sizes=\"(max-width: 600px) 100vw, 600px\" \/>                                  <div class=\"overlay fill\"\n                      style=\"background-color: rgba(0,0,0,.15)\">\n                  <\/div>\n                                                              <\/div>\n              <div class=\"box-text text-left\" >\n                 <p><\/p>\n              <\/div>\n            <\/div>\n            <\/a>          <\/div>\n         <\/div><div class=\"gallery-col col\" >\n          <div class=\"col-inner\">\n            <a class=\"image-lightbox lightbox-gallery\" href=\"https:\/\/tzp-kupa.hr\/hr\/wp-content\/uploads\/2022\/02\/viki-grill-07.jpg\" title=\"\">            <div class=\"box has-hover gallery-box box-overlay dark\">\n              <div class=\"box-image\" >\n                <img loading=\"lazy\" decoding=\"async\" width=\"600\" height=\"400\" src=\"https:\/\/tzp-kupa.hr\/hr\/wp-content\/uploads\/2022\/02\/viki-grill-07-600x400.jpg\" class=\"attachment-medium size-medium\" alt=\"\" ids=\"33106,33105,33104,33103,33102,33101,33100,33099,33098,33097\" type=\"slider\" col_spacing=\"xsmall\" columns=\"3\" srcset=\"https:\/\/tzp-kupa.hr\/hr\/wp-content\/uploads\/2022\/02\/viki-grill-07-600x400.jpg 600w, https:\/\/tzp-kupa.hr\/hr\/wp-content\/uploads\/2022\/02\/viki-grill-07-768x512.jpg 768w, https:\/\/tzp-kupa.hr\/hr\/wp-content\/uploads\/2022\/02\/viki-grill-07.jpg 900w\" sizes=\"(max-width: 600px) 100vw, 600px\" \/>                                  <div class=\"overlay fill\"\n                      style=\"background-color: rgba(0,0,0,.15)\">\n                  <\/div>\n                                                              <\/div>\n              <div class=\"box-text text-left\" >\n                 <p><\/p>\n              <\/div>\n            <\/div>\n            <\/a>          <\/div>\n         <\/div><div class=\"gallery-col col\" >\n          <div class=\"col-inner\">\n            <a class=\"image-lightbox lightbox-gallery\" href=\"https:\/\/tzp-kupa.hr\/hr\/wp-content\/uploads\/2022\/02\/viki-grill-06.jpg\" title=\"\">            <div class=\"box has-hover gallery-box box-overlay dark\">\n              <div class=\"box-image\" >\n                <img loading=\"lazy\" decoding=\"async\" width=\"600\" height=\"400\" src=\"https:\/\/tzp-kupa.hr\/hr\/wp-content\/uploads\/2022\/02\/viki-grill-06-600x400.jpg\" class=\"attachment-medium size-medium\" alt=\"\" ids=\"33106,33105,33104,33103,33102,33101,33100,33099,33098,33097\" type=\"slider\" col_spacing=\"xsmall\" columns=\"3\" srcset=\"https:\/\/tzp-kupa.hr\/hr\/wp-content\/uploads\/2022\/02\/viki-grill-06-600x400.jpg 600w, https:\/\/tzp-kupa.hr\/hr\/wp-content\/uploads\/2022\/02\/viki-grill-06-768x512.jpg 768w, https:\/\/tzp-kupa.hr\/hr\/wp-content\/uploads\/2022\/02\/viki-grill-06.jpg 900w\" sizes=\"(max-width: 600px) 100vw, 600px\" \/>                                  <div class=\"overlay fill\"\n                      style=\"background-color: rgba(0,0,0,.15)\">\n                  <\/div>\n                                                              <\/div>\n              <div class=\"box-text text-left\" >\n                 <p><\/p>\n              <\/div>\n            <\/div>\n            <\/a>          <\/div>\n         <\/div><div class=\"gallery-col col\" >\n          <div class=\"col-inner\">\n            <a class=\"image-lightbox lightbox-gallery\" href=\"https:\/\/tzp-kupa.hr\/hr\/wp-content\/uploads\/2022\/02\/viki-grill-05.jpg\" title=\"\">            <div class=\"box has-hover gallery-box box-overlay dark\">\n              <div class=\"box-image\" >\n                <img loading=\"lazy\" decoding=\"async\" width=\"600\" height=\"400\" src=\"https:\/\/tzp-kupa.hr\/hr\/wp-content\/uploads\/2022\/02\/viki-grill-05-600x400.jpg\" class=\"attachment-medium size-medium\" alt=\"\" ids=\"33106,33105,33104,33103,33102,33101,33100,33099,33098,33097\" type=\"slider\" col_spacing=\"xsmall\" columns=\"3\" srcset=\"https:\/\/tzp-kupa.hr\/hr\/wp-content\/uploads\/2022\/02\/viki-grill-05-600x400.jpg 600w, https:\/\/tzp-kupa.hr\/hr\/wp-content\/uploads\/2022\/02\/viki-grill-05-768x512.jpg 768w, https:\/\/tzp-kupa.hr\/hr\/wp-content\/uploads\/2022\/02\/viki-grill-05.jpg 900w\" sizes=\"(max-width: 600px) 100vw, 600px\" \/>                                  <div class=\"overlay fill\"\n                      style=\"background-color: rgba(0,0,0,.15)\">\n                  <\/div>\n                                                              <\/div>\n              <div class=\"box-text text-left\" >\n                 <p><\/p>\n              <\/div>\n            <\/div>\n            <\/a>          <\/div>\n         <\/div><div class=\"gallery-col col\" >\n          <div class=\"col-inner\">\n            <a class=\"image-lightbox lightbox-gallery\" href=\"https:\/\/tzp-kupa.hr\/hr\/wp-content\/uploads\/2022\/02\/viki-grill-04.jpg\" title=\"\">            <div class=\"box has-hover gallery-box box-overlay dark\">\n              <div class=\"box-image\" >\n                <img loading=\"lazy\" decoding=\"async\" width=\"600\" height=\"400\" src=\"https:\/\/tzp-kupa.hr\/hr\/wp-content\/uploads\/2022\/02\/viki-grill-04-600x400.jpg\" class=\"attachment-medium size-medium\" alt=\"\" ids=\"33106,33105,33104,33103,33102,33101,33100,33099,33098,33097\" type=\"slider\" col_spacing=\"xsmall\" columns=\"3\" srcset=\"https:\/\/tzp-kupa.hr\/hr\/wp-content\/uploads\/2022\/02\/viki-grill-04-600x400.jpg 600w, https:\/\/tzp-kupa.hr\/hr\/wp-content\/uploads\/2022\/02\/viki-grill-04-768x512.jpg 768w, https:\/\/tzp-kupa.hr\/hr\/wp-content\/uploads\/2022\/02\/viki-grill-04.jpg 900w\" sizes=\"(max-width: 600px) 100vw, 600px\" \/>                                  <div class=\"overlay fill\"\n                      style=\"background-color: rgba(0,0,0,.15)\">\n                  <\/div>\n                                                              <\/div>\n              <div class=\"box-text text-left\" >\n                 <p><\/p>\n              <\/div>\n            <\/div>\n            <\/a>          <\/div>\n         <\/div><div class=\"gallery-col col\" >\n          <div class=\"col-inner\">\n            <a class=\"image-lightbox lightbox-gallery\" href=\"https:\/\/tzp-kupa.hr\/hr\/wp-content\/uploads\/2022\/02\/viki-grill-03.jpg\" title=\"\">            <div class=\"box has-hover gallery-box box-overlay dark\">\n              <div class=\"box-image\" >\n                <img loading=\"lazy\" decoding=\"async\" width=\"600\" height=\"400\" src=\"https:\/\/tzp-kupa.hr\/hr\/wp-content\/uploads\/2022\/02\/viki-grill-03-600x400.jpg\" class=\"attachment-medium size-medium\" alt=\"\" ids=\"33106,33105,33104,33103,33102,33101,33100,33099,33098,33097\" type=\"slider\" col_spacing=\"xsmall\" columns=\"3\" srcset=\"https:\/\/tzp-kupa.hr\/hr\/wp-content\/uploads\/2022\/02\/viki-grill-03-600x400.jpg 600w, https:\/\/tzp-kupa.hr\/hr\/wp-content\/uploads\/2022\/02\/viki-grill-03-768x512.jpg 768w, https:\/\/tzp-kupa.hr\/hr\/wp-content\/uploads\/2022\/02\/viki-grill-03.jpg 900w\" sizes=\"(max-width: 600px) 100vw, 600px\" \/>                                  <div class=\"overlay fill\"\n                      style=\"background-color: rgba(0,0,0,.15)\">\n                  <\/div>\n                                                              <\/div>\n              <div class=\"box-text text-left\" >\n                 <p><\/p>\n              <\/div>\n            <\/div>\n            <\/a>          <\/div>\n         <\/div><div class=\"gallery-col col\" >\n          <div class=\"col-inner\">\n            <a class=\"image-lightbox lightbox-gallery\" href=\"https:\/\/tzp-kupa.hr\/hr\/wp-content\/uploads\/2022\/02\/viki-grill-02-1.jpg\" title=\"\">            <div class=\"box has-hover gallery-box box-overlay dark\">\n              <div class=\"box-image\" >\n                <img loading=\"lazy\" decoding=\"async\" width=\"600\" height=\"400\" src=\"https:\/\/tzp-kupa.hr\/hr\/wp-content\/uploads\/2022\/02\/viki-grill-02-1-600x400.jpg\" class=\"attachment-medium size-medium\" alt=\"\" ids=\"33106,33105,33104,33103,33102,33101,33100,33099,33098,33097\" type=\"slider\" col_spacing=\"xsmall\" columns=\"3\" srcset=\"https:\/\/tzp-kupa.hr\/hr\/wp-content\/uploads\/2022\/02\/viki-grill-02-1-600x400.jpg 600w, https:\/\/tzp-kupa.hr\/hr\/wp-content\/uploads\/2022\/02\/viki-grill-02-1-768x512.jpg 768w, https:\/\/tzp-kupa.hr\/hr\/wp-content\/uploads\/2022\/02\/viki-grill-02-1.jpg 900w\" sizes=\"(max-width: 600px) 100vw, 600px\" \/>                                  <div class=\"overlay fill\"\n                      style=\"background-color: rgba(0,0,0,.15)\">\n                  <\/div>\n                                                              <\/div>\n              <div class=\"box-text text-left\" >\n                 <p><\/p>\n              <\/div>\n            <\/div>\n            <\/a>          <\/div>\n         <\/div><div class=\"gallery-col col\" >\n          <div class=\"col-inner\">\n            <a class=\"image-lightbox lightbox-gallery\" href=\"https:\/\/tzp-kupa.hr\/hr\/wp-content\/uploads\/2022\/02\/viki-grill-01.jpg\" title=\"\">            <div class=\"box has-hover gallery-box box-overlay dark\">\n              <div class=\"box-image\" >\n                <img loading=\"lazy\" decoding=\"async\" width=\"600\" height=\"400\" src=\"https:\/\/tzp-kupa.hr\/hr\/wp-content\/uploads\/2022\/02\/viki-grill-01-600x400.jpg\" class=\"attachment-medium size-medium\" alt=\"\" ids=\"33106,33105,33104,33103,33102,33101,33100,33099,33098,33097\" type=\"slider\" col_spacing=\"xsmall\" columns=\"3\" srcset=\"https:\/\/tzp-kupa.hr\/hr\/wp-content\/uploads\/2022\/02\/viki-grill-01-600x400.jpg 600w, https:\/\/tzp-kupa.hr\/hr\/wp-content\/uploads\/2022\/02\/viki-grill-01-768x512.jpg 768w, https:\/\/tzp-kupa.hr\/hr\/wp-content\/uploads\/2022\/02\/viki-grill-01.jpg 900w\" sizes=\"(max-width: 600px) 100vw, 600px\" \/>                                  <div class=\"overlay fill\"\n                      style=\"background-color: rgba(0,0,0,.15)\">\n                  <\/div>\n                                                              <\/div>\n              <div class=\"box-text text-left\" >\n                 <p><\/p>\n              <\/div>\n            <\/div>\n            <\/a>          <\/div>\n         <\/div><div class=\"gallery-col col\" >\n          <div class=\"col-inner\">\n            <a class=\"image-lightbox lightbox-gallery\" href=\"https:\/\/tzp-kupa.hr\/hr\/wp-content\/uploads\/2022\/02\/viki2.jpg\" title=\"\">            <div class=\"box has-hover gallery-box box-overlay dark\">\n              <div class=\"box-image\" >\n                <img loading=\"lazy\" decoding=\"async\" width=\"600\" height=\"400\" src=\"https:\/\/tzp-kupa.hr\/hr\/wp-content\/uploads\/2022\/02\/viki2-600x400.jpg\" class=\"attachment-medium size-medium\" alt=\"\" ids=\"33106,33105,33104,33103,33102,33101,33100,33099,33098,33097\" type=\"slider\" col_spacing=\"xsmall\" columns=\"3\" srcset=\"https:\/\/tzp-kupa.hr\/hr\/wp-content\/uploads\/2022\/02\/viki2-600x400.jpg 600w, https:\/\/tzp-kupa.hr\/hr\/wp-content\/uploads\/2022\/02\/viki2-768x512.jpg 768w, https:\/\/tzp-kupa.hr\/hr\/wp-content\/uploads\/2022\/02\/viki2.jpg 900w\" sizes=\"(max-width: 600px) 100vw, 600px\" \/>                                  <div class=\"overlay fill\"\n                      style=\"background-color: rgba(0,0,0,.15)\">\n                  <\/div>\n                                                              <\/div>\n              <div class=\"box-text text-left\" >\n                 <p><\/p>\n              <\/div>\n            <\/div>\n            <\/a>          <\/div>\n         <\/div><div class=\"gallery-col col\" >\n          <div class=\"col-inner\">\n            <a class=\"image-lightbox lightbox-gallery\" href=\"https:\/\/tzp-kupa.hr\/hr\/wp-content\/uploads\/2022\/02\/viki1.jpg\" title=\"\">            <div class=\"box has-hover gallery-box box-overlay dark\">\n              <div class=\"box-image\" >\n                <img loading=\"lazy\" decoding=\"async\" width=\"600\" height=\"400\" src=\"https:\/\/tzp-kupa.hr\/hr\/wp-content\/uploads\/2022\/02\/viki1-600x400.jpg\" class=\"attachment-medium size-medium\" alt=\"\" ids=\"33106,33105,33104,33103,33102,33101,33100,33099,33098,33097\" type=\"slider\" col_spacing=\"xsmall\" columns=\"3\" srcset=\"https:\/\/tzp-kupa.hr\/hr\/wp-content\/uploads\/2022\/02\/viki1-600x400.jpg 600w, https:\/\/tzp-kupa.hr\/hr\/wp-content\/uploads\/2022\/02\/viki1-768x512.jpg 768w, https:\/\/tzp-kupa.hr\/hr\/wp-content\/uploads\/2022\/02\/viki1.jpg 900w\" sizes=\"(max-width: 600px) 100vw, 600px\" \/>                                  <div class=\"overlay fill\"\n                      style=\"background-color: rgba(0,0,0,.15)\">\n                  <\/div>\n                                                              <\/div>\n              <div class=\"box-text text-left\" >\n                 <p><\/p>\n              <\/div>\n            <\/div>\n            <\/a>          <\/div>\n         <\/div><\/div>\n<div class=\"row row-collapse\"  id=\"row-289572591\">\n\n\n\t<div id=\"col-205428769\" class=\"col small-12 large-12\"  >\n\t\t\t\t<div class=\"col-inner\"  >\n\t\t\t\n\t\t\t\n\n<div class=\"row row-large\"  id=\"row-863276173\">\n\n\n\t<div id=\"col-268772350\" class=\"col medium-6 small-12 large-6\"  >\n\t\t\t\t<div class=\"col-inner\"  >\n\t\t\t\n\t\t\t\n\n<div class=\"row\"  id=\"row-709201926\">\n\n\n\t<div id=\"col-1581699353\" class=\"col medium-6 small-12 large-6\"  >\n\t\t\t\t<div class=\"col-inner\"  >\n\t\t\t\n\t\t\t\n\n\t<div class=\"ux-menu stack stack-col justify-start ux-menu--divider-solid\">\n\t\t\n\n\t<div class=\"ux-menu-link flex menu-item\">\n\t\t<a class=\"ux-menu-link__link flex\" href=\"https:\/\/tzp-kupa.hr\/hr\/restoran-viki-grill\/\" >\n\t\t\t<i class=\"ux-menu-link__icon text-center icon-angle-right\" ><\/i>\t\t\t<span class=\"ux-menu-link__text\">\n\t\t\t\tRestoran Viki Grill\t\t\t<\/span>\n\t\t<\/a>\n\t<\/div>\n\t\n\n\t<div class=\"ux-menu-link flex menu-item\">\n\t\t<a class=\"ux-menu-link__link flex\" href=\"https:\/\/tzp-kupa.hr\/hr\/opg-kovac\/\" >\n\t\t\t<i class=\"ux-menu-link__icon text-center icon-angle-right\" ><\/i>\t\t\t<span class=\"ux-menu-link__text\">\n\t\t\t\tOPG Kova\u010d\t\t\t<\/span>\n\t\t<\/a>\n\t<\/div>\n\t\n\n\n\t<\/div>\n\t\n\n\t\t<\/div>\n\t\t\t\t\t<\/div>\n\n\t\n\n\t<div id=\"col-2086725073\" class=\"col medium-6 small-12 large-6\"  >\n\t\t\t\t<div class=\"col-inner\"  >\n\t\t\t\n\t\t\t\n\n\t<div class=\"ux-menu stack stack-col justify-start ux-menu--divider-solid\">\n\t\t\n\n\t<div class=\"ux-menu-link flex menu-item\">\n\t\t<a class=\"ux-menu-link__link flex\" href=\"https:\/\/tzp-kupa.hr\/hr\/ranch-rami\/\" >\n\t\t\t<i class=\"ux-menu-link__icon text-center icon-angle-right\" ><\/i>\t\t\t<span class=\"ux-menu-link__text\">\n\t\t\t\tRanch Rami\t\t\t<\/span>\n\t\t<\/a>\n\t<\/div>\n\t\n\n\t<div class=\"ux-menu-link flex menu-item\">\n\t\t<a class=\"ux-menu-link__link flex\" href=\"https:\/\/tzp-kupa.hr\/hr\/izleti-za-djecu-contessa\/\" >\n\t\t\t<i class=\"ux-menu-link__icon text-center icon-angle-right\" ><\/i>\t\t\t<span class=\"ux-menu-link__text\">\n\t\t\t\tIzlet za djecu CONTESSA\t\t\t<\/span>\n\t\t<\/a>\n\t<\/div>\n\t\n\n\n\t<\/div>\n\t\n\n\t\t<\/div>\n\t\t\t\t\t<\/div>\n\n\t\n\n<\/div>\n\n\t\t<\/div>\n\t\t\t\t\t<\/div>\n\n\t\n\n\t<div id=\"col-178247911\" class=\"col medium-6 small-12 large-6\"  >\n\t\t\t\t<div class=\"col-inner\"  >\n\t\t\t\n\t\t\t\n\n<div class=\"row\"  id=\"row-193676020\">\n\n\n\t<div id=\"col-399942769\" class=\"col medium-6 small-12 large-6\"  >\n\t\t\t\t<div class=\"col-inner\"  >\n\t\t\t\n\t\t\t\n\n\t<div class=\"ux-menu stack stack-col justify-start ux-menu--divider-solid\">\n\t\t\n\n\n\t<\/div>\n\t\n\n\t\t<\/div>\n\t\t\t\t\t<\/div>\n\n\t\n\n\t<div id=\"col-525754689\" class=\"col medium-6 small-12 large-6\"  >\n\t\t\t\t<div class=\"col-inner\"  >\n\t\t\t\n\t\t\t\n\n\t<div class=\"ux-menu stack stack-col justify-start ux-menu--divider-solid\">\n\t\t\n\n\n\t<\/div>\n\t\n\n\t\t<\/div>\n\t\t\t\t\t<\/div>\n\n\t\n\n<\/div>\n\n\t\t<\/div>\n\t\t\t\t\t<\/div>\n\n\t\n\n<\/div>\n\n\t\t<\/div>\n\t\t\t\t\n<style>\n#col-205428769 > .col-inner {\n  padding: 60px 0px 0px 0px;\n}\n<\/style>\n\t<\/div>\n\n\t\n\n<\/div>\n\t<section class=\"section dark\" id=\"section_115395102\">\n\t\t<div class=\"bg section-bg fill bg-fill  bg-loaded\" >\n\n\t\t\t\n\t\t\t\n\t\t\t\n\n\t\t<\/div>\n\n\t\t\n\n\t\t<div class=\"section-content relative\">\n\t\t\t\n\n\t<div id=\"gap-1058048806\" class=\"gap-element clearfix\" style=\"display:block; height:auto;\">\n\t\t\n<style>\n#gap-1058048806 {\n  padding-top: 17px;\n}\n<\/style>\n\t<\/div>\n\t\n\n<div class=\"row align-center\"  id=\"row-499397386\">\n\n\n\t<div id=\"col-853259616\" class=\"col small-12 large-12\"  >\n\t\t\t\t<div class=\"col-inner text-center\"  >\n\t\t\t\n\t\t\t\n\n\t<div id=\"text-1651893312\" class=\"text\">\n\t\t\n\n<p><img loading=\"lazy\" decoding=\"async\" class=\"aligncenter size-full wp-image-37518\" src=\"https:\/\/tzp-kupa.hr\/hr\/wp-content\/uploads\/2022\/02\/kupa-small.png\" alt=\"\" width=\"50\" height=\"24\" \/>2026 \u00a9 Turisti\u010dka zajednica podru\u010dja Kupa, Kurilovac 1, 47280 Ozalj, HR Hrvatska<br \/>Radni dan: 7:00 \u2013 15:00, Subota, nedelja: neradno, Praznici i blagdani neradni<br \/><a href=\"#\"><u>Politika privatnosti<\/u><\/a>\u00a0 <a href=\"#\"><u>Za\u0161tita privatnosti<\/u><\/a>\u00a0 <a href=\"#\"><u>Kori\u0161tenje kola\u010di\u0107a<\/u><\/a><\/p>\n\t\t\n<style>\n#text-1651893312 {\n  font-size: 0.8rem;\n  color: rgb(119, 119, 119);\n}\n#text-1651893312 > * {\n  color: rgb(119, 119, 119);\n}\n<\/style>\n\t<\/div>\n\t\n\n\t\t<\/div>\n\t\t\t\t\n<style>\n#col-853259616 > .col-inner {\n  margin: 0px 0px -35px 0px;\n}\n<\/style>\n\t<\/div>\n\n\t\n\n\n<style>\n#row-499397386 > .col > .col-inner {\n  padding: 0px 00pxpx 0px 0px;\n}\n<\/style>\n<\/div>\n<div class=\"social-icons follow-icons full-width text-center\" style=\"font-size:70%\"><a href=\"https:\/\/www.facebook.com\/visitkupa\" target=\"_blank\" data-label=\"Facebook\" class=\"icon primary button circle facebook tooltip\" title=\"Follow on Facebook\" aria-label=\"Follow on Facebook\" rel=\"noopener nofollow\" ><i class=\"icon-facebook\" ><\/i><\/a><a href=\"https:\/\/www.instagram.com\/visitkupa\/\" target=\"_blank\" data-label=\"Instagram\" class=\"icon primary button circle instagram tooltip\" title=\"Follow on Instagram\" aria-label=\"Follow on Instagram\" rel=\"noopener nofollow\" ><i class=\"icon-instagram\" ><\/i><\/a><a href=\"https:\/\/www.tiktok.com\/@tzpkupa\" target=\"_blank\" data-label=\"TikTok\" class=\"icon primary button circle tiktok tooltip\" title=\"Follow on TikTok\" aria-label=\"Follow on TikTok\" rel=\"noopener nofollow\" ><i class=\"icon-tiktok\" ><\/i><\/a><a href=\"mailto:info@tzp-kupa.hr\" data-label=\"E-mail\" target=\"_blank\" class=\"icon primary button circle email tooltip\" title=\"Send us an email\" aria-label=\"Send us an email\" rel=\"nofollow noopener\" ><i class=\"icon-envelop\" ><\/i><\/a><a href=\"https:\/\/www.youtube.com\/channel\/UCUVM_qtiDdwNCWHzjzkmb-A\/videos\" data-label=\"YouTube\" target=\"_blank\" class=\"icon primary button circle youtube tooltip\" title=\"Follow on YouTube\" aria-label=\"Follow on YouTube\" rel=\"noopener nofollow\" ><i class=\"icon-youtube\" ><\/i><\/a><\/div>\n\n\t<div id=\"gap-1946959236\" class=\"gap-element clearfix\" style=\"display:block; height:auto;\">\n\t\t\n<style>\n#gap-1946959236 {\n  padding-top: 3px;\n}\n<\/style>\n\t<\/div>\n\t\n\n\n\t\t<\/div>\n\n\t\t\n<style>\n#section_115395102 {\n  padding-top: 30px;\n  padding-bottom: 30px;\n  background-color: rgb(255,255,255);\n}\n@media (min-width:550px) {\n  #section_115395102 {\n    padding-top: 1px;\n    padding-bottom: 1px;\n  }\n}\n<\/style>\n\t<\/section>\n\t\n","protected":false},"excerpt":{"rendered":"","protected":false},"author":1,"featured_media":0,"parent":0,"menu_order":0,"comment_status":"closed","ping_status":"closed","template":"page-transparent-header-light.php","meta":{"_monsterinsights_skip_tracking":false,"_monsterinsights_sitenote_active":false,"_monsterinsights_sitenote_note":"","_monsterinsights_sitenote_category":0,"footnotes":"","_links_to":"","_links_to_target":""},"_links":{"self":[{"href":"https:\/\/tzp-kupa.hr\/hr\/wp-json\/wp\/v2\/pages\/33070"}],"collection":[{"href":"https:\/\/tzp-kupa.hr\/hr\/wp-json\/wp\/v2\/pages"}],"about":[{"href":"https:\/\/tzp-kupa.hr\/hr\/wp-json\/wp\/v2\/types\/page"}],"author":[{"embeddable":true,"href":"https:\/\/tzp-kupa.hr\/hr\/wp-json\/wp\/v2\/users\/1"}],"replies":[{"embeddable":true,"href":"https:\/\/tzp-kupa.hr\/hr\/wp-json\/wp\/v2\/comments?post=33070"}],"version-history":[{"count":2,"href":"https:\/\/tzp-kupa.hr\/hr\/wp-json\/wp\/v2\/pages\/33070\/revisions"}],"predecessor-version":[{"id":37784,"href":"https:\/\/tzp-kupa.hr\/hr\/wp-json\/wp\/v2\/pages\/33070\/revisions\/37784"}],"wp:attachment":[{"href":"https:\/\/tzp-kupa.hr\/hr\/wp-json\/wp\/v2\/media?parent=33070"}],"curies":[{"name":"wp","href":"https:\/\/api.w.org\/{rel}","templated":true}]}}